{"id":17949,"date":"2024-05-31T18:47:40","date_gmt":"2024-05-31T16:47:40","guid":{"rendered":"https:\/\/huskybearpoppers.eu\/product\/poppers-100-propyl-15ml\/"},"modified":"2025-12-02T10:21:15","modified_gmt":"2025-12-02T08:21:15","slug":"poppers-100-propyl-15ml","status":"publish","type":"product","link":"https:\/\/huskybearpoppers.eu\/cs\/produkt\/poppers-100-propyl-15ml\/","title":{"rendered":"Poppers 100% Propyl 15ml"},"content":{"rendered":"<h2>Objevte podstatu propyl nitritu<\/h2>\n<p>Vydejte se na vzru\u0161uj\u00edc\u00ed cestu s Poppers 100% Propyl 15ml, produktem, kter\u00fd p\u0159ekra\u010duje tradi\u010dn\u00ed \u010di\u0161t\u011bn\u00ed k\u016f\u017ee. Formulov\u00e1n s vysoce kvalitn\u00ed b\u00e1zi propyl nitritu, toto poppers aroma nab\u00edz\u00ed relaxa\u010dn\u00ed, ale vzru\u0161uj\u00edc\u00ed z\u00e1\u017eitek, perfektn\u00ed pro zv\u00fd\u0161en\u00ed p\u00e9\u010de o va\u0161e ko\u017een\u00e9 v\u00fdrobky p\u0159i stimulaci va\u0161ich smysl\u016f. <\/p>\n<h2>Pro\u010d si vybrat Poppers 100% Propyl?<\/h2>\n<p>Volba je jednoduch\u00e1. Poppers 100% Propyl 15ml nen\u00ed pouze \u00fa\u010dinn\u00fd; je tak\u00e9 ekonomick\u00fd. Napln\u011bn silnou formul\u00ed propyl nitritu, poskytuje mocn\u00e9 \u00fa\u010dinky, kter\u00e9 jsou ide\u00e1ln\u00ed pro povznesen\u00ed va\u0161ich ve\u010dern\u00edch pl\u00e1n\u016f a intimn\u00edch chvil. Celosv\u011btov\u011b uzn\u00e1van\u00fd propyl nitrit okam\u017eit\u011b zvy\u0161uje v\u00e1\u0161 pocit pohody, co\u017e z n\u011bj \u010din\u00ed nejlep\u0161\u00ed volbu pro u\u017eivatele v\u0161ude.   <\/p>\n<h2>P\u0159ijm\u011bte m\u00edrn\u00e9, ale mocn\u00e9 \u00fa\u010dinky<\/h2>\n<p>Navzdory tomu, \u017ee je st\u0159edn\u011b siln\u00fdm aromou, Poppers 100% Propyl by nem\u011bl b\u00fdt podce\u0148ov\u00e1n. Ka\u017ed\u00e1 aplikace zesiluje teplo a vzru\u0161en\u00ed, postupn\u011b zvy\u0161uje v\u00e1\u0161 z\u00e1\u017eitek z \u010di\u0161t\u011bn\u00ed k\u016f\u017ee. Toto poppers aroma je navr\u017eeno tak, aby poskytovalo trval\u00fd a zesiluj\u00edc\u00ed \u00fa\u010dinek, d\u00edky \u010demu\u017e je ka\u017ed\u00e9 pou\u017eit\u00ed nezapomenuteln\u00e9.  <\/p>\n<h2>V\u00e1\u0161 nejlep\u0161\u00ed dopln\u011bk pro pot\u011b\u0161en\u00ed<\/h2>\n<p>Poppers 100% Propyl 15ml jde nad r\u00e1mec pouh\u00e9ho \u010disti\u010de k\u016f\u017ee; je to z\u00e1kladn\u00ed dopln\u011bk pro zv\u00fd\u0161en\u00ed pot\u011b\u0161en\u00ed. Je zn\u00e1m\u00fd svou schopnost\u00ed relaxovat a stimulovat, nab\u00edz\u00ed \u00fa\u010dinky, kter\u00e9 jsou zvl\u00e1\u0161t\u011b prosp\u011b\u0161n\u00e9 pro va\u0161e libido a celkov\u00fd smyslov\u00fd z\u00e1\u017eitek. <\/p>\n<h2>Nakupujte nyn\u00ed pro rychl\u00e9 a trval\u00e9 pocity<\/h2>\n<p>Jste p\u0159ipraveni za\u017e\u00edt novou \u00farove\u0148 vzru\u0161en\u00ed s Poppers 100% Propyl 15ml? Tento pr\u00e9miov\u00fd produkt s propyl nitritem zaru\u010duje mocn\u00fd a trval\u00fd \u00fa\u010dinek, co\u017e z n\u011bj \u010din\u00ed cenn\u00fd dopln\u011bk va\u0161\u00ed sb\u00edrky. Je \u010das vylep\u0161it va\u0161e rutiny s poppers aromou, kter\u00e1 nab\u00edz\u00ed vynikaj\u00edc\u00ed kvalitu a v\u00fdjime\u010dnou hodnotu. Objednejte si dnes pro diskr\u00e9tn\u00ed dod\u00e1n\u00ed a prom\u011b\u0148te \u00fadr\u017ebu va\u0161\u00ed k\u016f\u017ee v n\u011bco skute\u010dn\u011b v\u00fdjime\u010dn\u00e9ho.   <\/p>\n<p><strong>Efektivn\u00ed pou\u017e\u00edv\u00e1n\u00ed 100% Poppers:<\/strong><\/p>\n<ol>\n<li><strong>Prot\u0159ep\u00e1n\u00ed pro sm\u00edch\u00e1n\u00ed<\/strong>\n<p>Jemn\u011b prot\u0159epejte lahvi\u010dku pro sm\u00edch\u00e1n\u00ed obsahu.<\/li>\n<li><strong>Odstran\u011bn\u00ed v\u00ed\u010dka<\/strong>\n<p>Opatrn\u011b od\u0161roubujte nebo odstra\u0148te v\u00ed\u010dko.<\/li>\n<li><strong>Pou\u017eit\u00ed produktu<\/strong>\n<p>Otev\u0159ete lahvi\u010dku a pou\u017eijte podle pot\u0159eby pro \u010di\u0161t\u011bn\u00ed nebo \u00fadr\u017ebu.<\/li>\n<\/ol>\n<p><strong>Bezpe\u010dnostn\u00ed pokyny<\/strong><\/p>\n<ul>\n<li><strong>Pou\u017eit\u00ed<\/strong>\n<p>Tento produkt je ur\u010den specificky pro \u00fadr\u017ebu ko\u017een\u00fdch v\u00fdrobk\u016f.<\/li>\n<li><strong>Skladov\u00e1n\u00ed<\/strong>\n<p>Uchov\u00e1vejte na chladn\u00e9m, such\u00e9m m\u00edst\u011b, mimo p\u0159\u00edm\u00e9 slune\u010dn\u00ed sv\u011btlo.<\/li>\n<li><strong>Bezpe\u010dnostn\u00ed opat\u0159en\u00ed<\/strong>\n<ul>\n<li>Uchov\u00e1vejte mimo dosah d\u011bt\u00ed a dom\u00e1c\u00edch zv\u00ed\u0159at.<\/li>\n<li>Nepolykejte ani nedovolte kontakt s k\u016f\u017e\u00ed.<\/li>\n<li>Pou\u017e\u00edvejte v dob\u0159e v\u011btran\u00e9m prostoru.<\/li>\n<\/ul>\n<\/li>\n<li><strong>Dodr\u017eujte pokyny<\/strong>\n<p>Pou\u017e\u00edvejte produkt zodpov\u011bdn\u011b a \u0159i\u010fte se pokyny na lahvi\u010dce.<\/li>\n<\/ul>\n<p>Fanou\u0161ci Poppers 100% Propyl 15ml najdou tak\u00e9 <strong><a href=\"https:\/\/huskybearpoppers.eu\/cs\/produkt\/amsterdam-black-poppers-10ml\/\">Amsterdam Black Poppers 10ml<\/a><\/strong> a <strong><a href=\"https:\/\/huskybearpoppers.eu\/cs\/produkt\/poppers-beast-4-ultra-strong-10ml\/\">Poppers Beast 4 Ultra Strong 10ml<\/a><\/strong> velmi uspokojiv\u00e9.<\/p>\n","protected":false},"excerpt":{"rendered":"<p>Seznamte se s pulzuj\u00edc\u00edmi a h\u0159ejiv\u00fdmi \u00fa\u010dinky Poppers 100% Propyl 15ml.<\/p>\n<p><strong>Tento \u010disti\u010d k\u016f\u017ee na b\u00e1zi propylnitritu<\/strong> <strong>je navr\u017een tak, aby povzn\u00e1\u0161el a<\/strong> o\u017eivoval, a <strong>p\u0159in\u00e1\u0161\u00ed st\u0159edn\u011b intenzivn\u00ed<\/strong> pocity, kter\u00e9 umocn\u00ed ka\u017ed\u00e9 udr\u017eovac\u00ed sezen\u00ed.<\/p>\n<p>Tento produkt je ide\u00e1ln\u00ed pro ty, kte\u0159\u00ed s poppers teprve za\u010d\u00ednaj\u00ed, i pro zku\u0161en\u00e9 u\u017eivatele, proto\u017ee zaji\u0161\u0165uje okam\u017eit\u00e9 povzbuzen\u00ed n\u00e1lady a poskytuje jemn\u00fd, ale hlubok\u00fd z\u00e1\u017eitek.<\/p>\n","protected":false},"featured_media":17950,"comment_status":"open","ping_status":"closed","template":"","meta":[],"product_brand":[9784],"product_cat":[1369,10008,10084,9969,1500,10007,10086,1239,10102,10103,1467],"product_tag":[6492,6493,6496,6494,6495],"class_list":{"0":"post-17949","1":"product","2":"type-product","3":"status-publish","4":"has-post-thumbnail","6":"product_brand-100-poppers","7":"product_cat-3-5-silny-poppers","8":"product_cat-bear-brotherhood-poppers","9":"product_cat-dlouhotrvajici-a-stabilni-poppers","10":"product_cat-h95d-qjdc-510e-g4w2","11":"product_cat-male-poppers","12":"product_cat-nakupujte-podle-komunity","13":"product_cat-nakupujte-podle-prilezitosti","14":"product_cat-poppers-funline-cs","15":"product_cat-poppers-na-party-klub","16":"product_cat-poppers-pro-zacatecniky","17":"product_cat-propyl-nitrite-poppers-cs","18":"product_tag-100-propyl-poppers-cs","19":"product_tag-poppers-100-propyl-cs","20":"product_tag-poppers-100-propyl-15ml-cs","21":"product_tag-propyl-cistic-kuze","22":"product_tag-propyl-poppers-100-cs","24":"first","25":"instock","26":"taxable","27":"shipping-taxable","28":"purchasable","29":"product-type-simple"},"_links":{"self":[{"href":"https:\/\/huskybearpoppers.eu\/cs\/wp-json\/wp\/v2\/product\/17949","targetHints":{"allow":["GET"]}}],"collection":[{"href":"https:\/\/huskybearpoppers.eu\/cs\/wp-json\/wp\/v2\/product"}],"about":[{"href":"https:\/\/huskybearpoppers.eu\/cs\/wp-json\/wp\/v2\/types\/product"}],"replies":[{"embeddable":true,"href":"https:\/\/huskybearpoppers.eu\/cs\/wp-json\/wp\/v2\/comments?post=17949"}],"version-history":[{"count":0,"href":"https:\/\/huskybearpoppers.eu\/cs\/wp-json\/wp\/v2\/product\/17949\/revisions"}],"wp:featuredmedia":[{"embeddable":true,"href":"https:\/\/huskybearpoppers.eu\/cs\/wp-json\/wp\/v2\/media\/17950"}],"wp:attachment":[{"href":"https:\/\/huskybearpoppers.eu\/cs\/wp-json\/wp\/v2\/media?parent=17949"}],"wp:term":[{"taxonomy":"product_brand","embeddable":true,"href":"https:\/\/huskybearpoppers.eu\/cs\/wp-json\/wp\/v2\/product_brand?post=17949"},{"taxonomy":"product_cat","embeddable":true,"href":"https:\/\/huskybearpoppers.eu\/cs\/wp-json\/wp\/v2\/product_cat?post=17949"},{"taxonomy":"product_tag","embeddable":true,"href":"https:\/\/huskybearpoppers.eu\/cs\/wp-json\/wp\/v2\/product_tag?post=17949"}],"curies":[{"name":"wp","href":"https:\/\/api.w.org\/{rel}","templated":true}]}}