{"id":17917,"date":"2024-03-21T19:01:02","date_gmt":"2024-03-21T17:01:02","guid":{"rendered":"https:\/\/huskybearpoppers.eu\/product\/super-silhouette-xl-tutti-frutti-kondomy-baleni-144-kusu\/"},"modified":"2025-08-26T17:04:33","modified_gmt":"2025-08-26T15:04:33","slug":"super-silhouette-xl-tutti-frutti-kondomy-baleni-144-kusu","status":"publish","type":"product","link":"https:\/\/huskybearpoppers.eu\/cs\/produkt\/super-silhouette-xl-tutti-frutti-kondomy-baleni-144-kusu\/","title":{"rendered":"Super Silhouette XL Tutti Frutti kondomy \u2013 balen\u00ed 144 kus\u016f"},"content":{"rendered":"<h2>Super Silhouette XL Tutti Frutti kondomy \u2013 Pro mu\u017ee, kte\u0159\u00ed hraj\u00ed ve velk\u00e9m<\/h2>\n<p>Kdy\u017e z\u00e1le\u017e\u00ed na velikosti, pot\u0159ebujete kondom, kter\u00fd sed\u00ed p\u0159esn\u011b<strong>. Super Silhouette XL Tutti Frutti <\/strong>kondomy jsou vyrobeny pro mu\u017ee, kte\u0159\u00ed maj\u00ed v\u00edc a cht\u011bj\u00ed za\u017e\u00edt ultim\u00e1tn\u00ed pohodl\u00ed, bezpe\u010dnost a maxim\u00e1ln\u00ed pot\u011b\u0161en\u00ed. <strong>\u017d\u00e1dn\u00e9 tla\u010den\u00ed, \u017e\u00e1dn\u00e1 nepohodlnost \u2013<\/strong> jen p\u0159irozen\u00fd pocit a dlouhotrvaj\u00edc\u00ed v\u00fddr\u017e, kter\u00e1 v\u00e1s udr\u017e\u00ed v chodu tak dlouho, jak si p\u0159ejete.  <\/p>\n<h3>\u00dader jako kladivo \u2013 \u017d\u00e1dn\u00e9 limity, \u017e\u00e1dn\u00e9 p\u0159est\u00e1vky<\/h3>\n<p>U\u017e jste n\u011bkdy poc\u00edtili nepohodlnost t\u011bsn\u00e9ho kondomu, kter\u00fd v\u00e1s brzdil? S Super Silhouette XL Tutti Frutti kondomy je to minulost! <strong>Speci\u00e1ln\u00ed latexov\u00e1 formulace se natahuje a p\u0159izp\u016fsobuje va\u0161\u00ed velikosti<\/strong>, zaji\u0161\u0165uje \u017e\u00e1dn\u00e9 \u0161t\u00edp\u00e1n\u00ed, \u017e\u00e1dn\u00e9 t\u0159en\u00ed, jen \u010dist\u00e9 pot\u011b\u0161en\u00ed. Tyto kondomy jsou vyrobeny pro mu\u017ee, kte\u0159\u00ed po\u017eaduj\u00ed pln\u00e9 pohodl\u00ed a pln\u00fd v\u00fdkon.   <\/p>\n<h3>Dlouhotrvaj\u00edc\u00ed v\u00fddr\u017e \u2013 Z\u016fsta\u0148te ve h\u0159e s Tutti Frutti kondomy<\/h3>\n<p>Kdy\u017e vstoup\u00edte do hry, chcete, aby vydr\u017eela. S t\u011bmito Tutti Frutti kondomy m\u016f\u017eete dr\u017eet rytmus tak dlouho, jak si p\u0159ejete. <strong>Flexibiln\u00ed, siln\u00fd latex zaji\u0161\u0165uje, \u017ee m\u016f\u017eete j\u00edt celou noc bez jedin\u00e9 starosti.<\/strong> Toto jsou kondomy vyroben\u00e9 pro skute\u010dn\u00e9 mu\u017ee,<strong> kte\u0159\u00ed se nikdy nezastav\u00ed jen u jednoho kola.<\/strong>   <\/p>\n<h3>Exploze chuti a pocit\u016f<\/h3>\n<p>Pro\u010d se spokojit s oby\u010dejn\u00fdm, kdy\u017e m\u016f\u017eete p\u0159idat n\u011bco sladk\u00e9ho? Se jemn\u00fdm<strong> tutti frutti aroma<\/strong> se ka\u017ed\u00fd okam\u017eik st\u00e1v\u00e1 hrav\u011bj\u0161\u00edm a l\u00e1kav\u011bj\u0161\u00edm. \u017d\u00e1dn\u00e9 p\u0159emocn\u00e9 chut\u011b, \u017e\u00e1dn\u00e9 um\u011bl\u00e9 v\u016fn\u011b \u2013 jen lehk\u00fd, sv\u016fdn\u00fd dotek, kter\u00fd nut\u00ed va\u0161eho partnera cht\u00edt v\u00edc.  <\/p>\n<h3>Diskr\u00e9tn\u00ed doru\u010den\u00ed \u2013 Va\u0161e tajemstv\u00ed, va\u0161e s\u00edla<\/h3>\n<p>Nikdo nemus\u00ed v\u011bd\u011bt, co se d\u011bje ve va\u0161\u00ed lo\u017enici. <strong>Proto Super Silhouette XL Tutti Frutti kondomy <\/strong>doraz\u00ed v kompletn\u011b diskr\u00e9tn\u00edm balen\u00ed. \u017d\u00e1dn\u00e9 trapn\u00e9 okam\u017eiky, \u017e\u00e1dn\u00e1 zbyte\u010dn\u00e1 pozornost \u2013 jen vy a va\u0161ich 144 d\u016fvod\u016f pro nezapomenuteln\u00e9 noci. Tutti Frutti kondomy to v\u0161echno zvl\u00e1dnou!   <\/p>\n<h3>Pro\u010d si vybrat Super Silhouette Tutti Frutti kondomy XL?<\/h3>\n<p>Velikost z\u00e1le\u017e\u00ed, stejn\u011b jako pot\u011b\u0161en\u00ed! S <strong>extra dlouh\u00fdm 210 mm<\/strong> st\u0159ihem je v\u00edce prostoru pro akci, zaji\u0161\u0165uje, \u017ee nic se nec\u00edt\u00ed omezen\u00e9. Extra <strong>\u0161irok\u00fd 60 mm<\/strong> design znamen\u00e1 \u017e\u00e1dn\u00e9 trapn\u00e9 tla\u010den\u00ed \u2013 jen dokonal\u00fd, p\u0159irozen\u00fd pocit, kter\u00fd v\u00e1m umo\u017en\u00ed soust\u0159edit se na z\u00e1bavu! Vyroben\u00e9 z <strong>pr\u00e9miov\u00e9ho latexu,<\/strong> tyto kondomy jsou <strong>ultra-flexibiln\u00ed a vyroben\u00e9, aby zvl\u00e1dly i va\u0161e nejdivo\u010dej\u0161\u00ed noci<\/strong>. Hladk\u00e1 <strong>textura s b\u011b\u017en\u00fdm lubrika\u010dn\u00edm prost\u0159edkem<\/strong> udr\u017euje v\u011bci bez n\u00e1mahy kluzk\u00e9, tak\u017ee m\u016f\u017eete klouzat bez probl\u00e9m\u016f. A nezapome\u0148me na sladk\u00fd dotek \u2013 <strong>tutti frutti aroma, <\/strong>kter\u00e9 d\u011bl\u00e1 ka\u017ed\u00e9 setk\u00e1n\u00ed jen trochu lahodn\u011bj\u0161\u00ed. Nejlep\u0161\u00ed ze v\u0161eho, <strong>dostanete 144 kondom\u016f v jednom balen\u00ed <\/strong>\u2013 <strong>proto\u017ee kdo m\u00e1 r\u00e1d, kdy\u017e mu dojdou, kdy\u017e noc teprve za\u010d\u00edn\u00e1?<\/strong>      <\/p>\n<h3>TE\u010e si to p\u0159edstavte&#8230;<\/h3>\n<p>V\u00e1\u0161e\u0148 stoup\u00e1. O\u010di se setk\u00e1vaj\u00ed, t\u011bla ho\u0159\u00ed touhou. \u017d\u00e1r se zesiluje a nen\u00ed cesty zp\u011bt. Jak se v\u011bci st\u00e1vaj\u00ed v\u00e1\u017en\u00fdmi, s\u00e1hnete po sv\u00fdch Super Tutti Frutti kondomech.    <strong>Sed\u011bn\u00ed je dokonal\u00e9, klouz\u00e1n\u00ed je bez n\u00e1mahy a pocit je v\u00fdbu\u0161n\u00fd. V\u00e1\u0161 partner st\u00e9n\u00e1 pot\u011b\u0161en\u00edm. <\/strong> U\u0161kl\u00edbnete se \u2013 v\u00edte, \u017ee to bude noc k zapamatov\u00e1n\u00ed.<\/p>\n<h3>Nenechte \u0161patn\u00fd kondom, aby v\u00e1s brzdil. Vyberte si Tutti Frutti kondomy! <\/h3>\n<p>Velikost z\u00e1le\u017e\u00ed. Pohodl\u00ed je kl\u00ed\u010dov\u00e9. V\u00fddr\u017e je v\u0161echno. Nikdy nekompromitujte, kdy\u017e jde o va\u0161e pot\u011b\u0161en\u00ed. <strong>Super Silhouette XL Tutti Frutti kondomy<\/strong> jsou vyrobeny pro mu\u017ee jako jste vy \u2013 sebev\u011bdom\u00e9, mocn\u00e9 a p\u0159ipraven\u00e9 na dlouh\u00e9, \u017ehav\u00e9 noci. <strong>Trh je pln\u00fd fale\u0161n\u00fdch kondom\u016f, kter\u00e9 mohou zkazit okam\u017eik a ohrozit va\u0161i bezpe\u010dnost.<\/strong> Neriskujte s levn\u00fdmi imitacemi \u2013 vyberte si <strong>certifikovanou kvalitu, skute\u010dnou ochranu a ultim\u00e1tn\u00ed pot\u011b\u0161en\u00ed<\/strong>. Se <strong>Super Silhouette XL <\/strong>dostanete dokonal\u00e9 sed\u011bn\u00ed, <strong>pr\u00e9miov\u00fd latex a bezstarostn\u00fd z\u00e1\u017eitek poka\u017ed\u00e9. time.<\/strong>   <\/p>\n<h3>Jste p\u0159ipraveni? Objednejte si nyn\u00ed! A za\u010dn\u011bte tvrdou hru!  <\/h3>\n<p>Objevte pr\u00e9miovou \u0159adu kondom\u016f <strong>Pamitex Silhouette<\/strong>, navr\u017eenou pro ty, kte\u0159\u00ed po\u017eaduj\u00ed jak pohodl\u00ed, tak kvalitu. Prozkoumejte na\u0161e <a href=\"https:\/\/huskybearpoppers.eu\/cs\/produkt\/silhouette-jahody-kondomy-144-kusu\/\" target=\"_blank\" rel=\"noopener\">Silhouette Strawberry kondomy \u2013 balen\u00ed 144<\/a> kus\u016f a ne\u010dekejte na pot\u011b\u0161en\u00ed \u2013 p\u0159evezm\u011bte kontrolu! <\/p>\n<p>Z\u00edskejte sv\u00e9 <strong>Silhouette kondomy <\/strong>nyn\u00ed a bu\u010fte p\u0159ipraveni k akci kdykoli, kdekoli. <strong>Spr\u00e1vn\u00e1 velikost znamen\u00e1 dokonal\u00e9 sed\u011bn\u00ed, nejlep\u0161\u00ed pocit a ultim\u00e1tn\u00ed pot\u011b\u0161en\u00ed.<\/strong> Je \u010das posunout va\u0161i hru s t\u00edm spr\u00e1vn\u00fdm n\u00e1strojem! <\/p>\n","protected":false},"excerpt":{"rendered":"<p class=\"\" data-start=\"122\" data-end=\"191\"><strong data-start=\"122\" data-end=\"189\">Kdy\u017e jde o va\u0161i velikost a tvrdost, m\u00e1me v\u00e1s pokryt\u00e9!<\/strong><\/p>\n<p class=\"\" data-start=\"193\" data-end=\"338\">S na\u0161imi<strong data-start=\"202\" data-end=\"246\"> Super Silhouette XL Tutti Frutti kondomy<\/strong> se nebudete muset starat o t\u011bsn\u00e9 sed\u011bn\u00ed nebo nepohodl\u00ed kolem va\u0161eho dokonale velk\u00e9ho penisu!<\/p>\n<p class=\"\" data-start=\"340\" data-end=\"687\">Tyto kondomy jsou navr\u017eeny pro mu\u017ee, kte\u0159\u00ed pot\u0159ebuj\u00ed extra prostor a pohodl\u00ed, co\u017e v\u00e1m umo\u017e\u0148uje vydr\u017eet d\u00e9le a c\u00edtit v\u0161echno! Vyroben\u00e9 z vysoce kvalitn\u00edho latexu, jsou pr\u016fhledn\u00e9, ultra-hladk\u00e9 a obsahuj\u00ed b\u011b\u017en\u00e9 lubrika\u010dn\u00ed prost\u0159edky pro p\u0159irozen\u00fd pocit. Napln\u011bn\u00e9 n\u00e1dhern\u00fdm tutti frutti aroma, p\u0159id\u00e1vaj\u00ed hrav\u00fd a smysln\u00fd dotek do va\u0161ich intimn\u00edch chvil.  <\/p>\n<p class=\"\" data-start=\"689\" data-end=\"886\"><strong data-start=\"697\" data-end=\"747\">S XL velikost\u00ed 210 mm v d\u00e9lce a 60 mm v \u0161\u00ed\u0159ce zaji\u0161\u0165uj\u00ed dokonal\u00e9 sed\u011bn\u00ed <\/strong>pro zv\u00fd\u0161en\u00e9 pot\u011b\u0161en\u00ed. Ka\u017ed\u00e9 balen\u00ed obsahuje <strong data-start=\"817\" data-end=\"832\">144 kondom\u016f,<\/strong> tak\u017ee jste v\u017edy p\u0159ipraveni na v\u00e1\u0161e\u0148 bez limit\u016f. <\/p>\n<p class=\"\" data-start=\"888\" data-end=\"990\"><strong data-start=\"888\" data-end=\"988\">Nyn\u00ed v\u00e1m touha otev\u0159ela dve\u0159e s Super XL Frutti kondomy \u2013 sex bude chutnat je\u0161t\u011b l\u00e9pe!<\/strong><\/p>\n","protected":false},"featured_media":17918,"comment_status":"open","ping_status":"closed","template":"","meta":[],"product_brand":[],"product_cat":[9877,8584],"product_tag":[6292,6289,6304,6302,6295,6300,6288,6307,6299,6305,6301,6296,6306,6293,6290,6297,6308,6303,6309,6298,6291,6294],"class_list":{"0":"post-17917","1":"product","2":"type-product","3":"status-publish","4":"has-post-thumbnail","6":"product_cat-kondomy","7":"product_cat-lubrikant-kondomy-a-dalsi","8":"product_tag-bezpecny-sex","9":"product_tag-dlouhotrvajici-kondomy","10":"product_tag-extra-odolne-kondomy","11":"product_tag-extra-siroke-kondomy","12":"product_tag-extra-velke-kondomy","13":"product_tag-hedvabne-hladke-kondomy","14":"product_tag-kondomy-baleni-144-kusu","15":"product_tag-kondomy-s-extra-prostorem","16":"product_tag-kondomy-s-ovocnou-vuni","17":"product_tag-kondomy-s-ovocnym-aroma","18":"product_tag-kondomy-s-pohodlnym-sedenim","19":"product_tag-kondomy-s-prirozenym-pocitem","20":"product_tag-nejlepsi-kondomy-pro-muze","21":"product_tag-ochucene-kondomy","22":"product_tag-pamitex-kondomy","23":"product_tag-premiove-latexove-kondomy","24":"product_tag-rada-kondomu-pamitex-silhouette","25":"product_tag-silhouette-xl-kondomy","26":"product_tag-super-silhouette-xl-tutti-frutti-kondomy","27":"product_tag-tutti-frutti-kondomy","28":"product_tag-vysoce-kvalitni-kondomy","29":"product_tag-xl-kondomy","31":"first","32":"instock","33":"sale","34":"taxable","35":"shipping-taxable","36":"purchasable","37":"product-type-simple"},"_links":{"self":[{"href":"https:\/\/huskybearpoppers.eu\/cs\/wp-json\/wp\/v2\/product\/17917","targetHints":{"allow":["GET"]}}],"collection":[{"href":"https:\/\/huskybearpoppers.eu\/cs\/wp-json\/wp\/v2\/product"}],"about":[{"href":"https:\/\/huskybearpoppers.eu\/cs\/wp-json\/wp\/v2\/types\/product"}],"replies":[{"embeddable":true,"href":"https:\/\/huskybearpoppers.eu\/cs\/wp-json\/wp\/v2\/comments?post=17917"}],"version-history":[{"count":0,"href":"https:\/\/huskybearpoppers.eu\/cs\/wp-json\/wp\/v2\/product\/17917\/revisions"}],"wp:featuredmedia":[{"embeddable":true,"href":"https:\/\/huskybearpoppers.eu\/cs\/wp-json\/wp\/v2\/media\/17918"}],"wp:attachment":[{"href":"https:\/\/huskybearpoppers.eu\/cs\/wp-json\/wp\/v2\/media?parent=17917"}],"wp:term":[{"taxonomy":"product_brand","embeddable":true,"href":"https:\/\/huskybearpoppers.eu\/cs\/wp-json\/wp\/v2\/product_brand?post=17917"},{"taxonomy":"product_cat","embeddable":true,"href":"https:\/\/huskybearpoppers.eu\/cs\/wp-json\/wp\/v2\/product_cat?post=17917"},{"taxonomy":"product_tag","embeddable":true,"href":"https:\/\/huskybearpoppers.eu\/cs\/wp-json\/wp\/v2\/product_tag?post=17917"}],"curies":[{"name":"wp","href":"https:\/\/api.w.org\/{rel}","templated":true}]}}