{"id":17736,"date":"2024-08-24T13:29:51","date_gmt":"2024-08-24T11:29:51","guid":{"rendered":"https:\/\/huskybearpoppers.eu\/product\/maly-tajemny-poppers\/"},"modified":"2025-08-25T17:48:03","modified_gmt":"2025-08-25T15:48:03","slug":"maly-tajemny-poppers","status":"publish","type":"product","link":"https:\/\/huskybearpoppers.eu\/cs\/produkt\/maly-tajemny-poppers\/","title":{"rendered":"Mal\u00fd Tajemn\u00fd Poppers"},"content":{"rendered":"<h2 class=\"whitespace-pre-wrap break-words\">Kapesn\u00ed P\u0159ekvapen\u00ed s Mal\u00fd Tajemn\u00fd Poppers<\/h2>\n<p class=\"whitespace-pre-wrap break-words\">Jste p\u0159ipraveni p\u0159idat do sv\u00e9 rutiny p\u00e9\u010de o k\u016f\u017ei trochu vzru\u0161en\u00ed v kompaktn\u00edm balen\u00ed? P\u0159edstavujeme Mal\u00fd Tajemn\u00fd Poppers, inovativn\u00ed \u010disti\u010d k\u016f\u017ee, kter\u00fd prom\u011bn\u00ed \u00fadr\u017ebu v nap\u00ednav\u00e9 dobrodru\u017estv\u00ed, a to v\u0161e v p\u0159\u00edhodn\u011b velk\u00e9 lahvi\u010dce! Ka\u017ed\u00fd n\u00e1kup je krokem do nezn\u00e1ma a nab\u00edz\u00ed nep\u0159edv\u00eddateln\u00fd, ale vzru\u0161uj\u00edc\u00ed z\u00e1\u017eitek pro va\u0161e drah\u00e9 ko\u017een\u00e9 p\u0159edm\u011bty.  <\/p>\n<h2 class=\"whitespace-pre-wrap break-words\">V \u010cem Je Mal\u00fd Tajemn\u00fd Poppers Jedine\u010dn\u00e9?<\/h2>\n<p class=\"whitespace-pre-wrap break-words\">Kouzlo Mal\u00fd Tajemn\u00fd Poppers spo\u010d\u00edv\u00e1 v dokonal\u00e9 kombinaci p\u0159ekvapen\u00ed a p\u0159enosnosti. Ka\u017ed\u00e1 objedn\u00e1vka je n\u00e1hodn\u011b vybr\u00e1na z na\u0161\u00ed kur\u00e1torsk\u00e9 nab\u00eddky pr\u00e9miov\u00e9 \u010disti\u010de k\u016f\u017ee. Nap\u011bt\u00ed se stup\u0148uje, kdy\u017e \u010dek\u00e1te, kter\u00e1 varianta doraz\u00ed k v\u00e1m dom\u016f. Je to jako miniaturn\u00ed honba za pokladem pro dosp\u011bl\u00e9, kter\u00e1 dod\u00e1 va\u0161emu \u010distic\u00edmu ritu\u00e1lu dal\u0161\u00ed jiskru vzru\u0161en\u00ed.   <\/p>\n<h3 class=\"whitespace-pre-wrap break-words\">N\u00e1\u0161 V\u00fdb\u011br Kompaktn\u00edch Z\u00e1had M\u016f\u017ee Zahrnovat:<\/h3>\n<ul class=\"-mt-1 list-disc space-y-2 pl-8\">\n<li class=\"whitespace-normal break-words\">\n<p class=\"woocommerce-loop-category__title\"><a class=\"woocommerce-loop-product__link\" href=\"https:\/\/huskybearpoppers.eu\/cs\/kategorie-produktu\/poppers-shop-cs\/popularni-znacky-poppers\/rush-poppers-znacka\/\">Rush Poppers<\/a><\/p>\n<\/li>\n<li>\n<p class=\"woocommerce-loop-category__title\"><a class=\"woocommerce-loop-product__link\" href=\"https:\/\/huskybearpoppers.eu\/cs\/kategorie-produktu\/poppers-shop-cs\/popularni-znacky-poppers\/amsterdam-poppers-znacka\/\">Amsterdam Poppers<\/a><\/p>\n<\/li>\n<li>\n<p class=\"woocommerce-loop-category__title\"><a class=\"woocommerce-loop-product__link\" href=\"https:\/\/huskybearpoppers.eu\/cs\/kategorie-produktu\/poppers-shop-cs\/popularni-znacky-poppers\/iron-fist-poppers-znacka\/\">Iron Fist Poppers<\/a><\/p>\n<\/li>\n<li>\n<p class=\"woocommerce-loop-category__title\"><a class=\"woocommerce-loop-product__link\" href=\"https:\/\/huskybearpoppers.eu\/cs\/kategorie-produktu\/poppers-shop-cs\/popularni-znacky-poppers\/100-poppers-znacka\/\">100% Poppers<\/a><\/p>\n<\/li>\n<li>\n<p class=\"woocommerce-loop-category__title\"><a class=\"woocommerce-loop-product__link\" href=\"https:\/\/huskybearpoppers.eu\/cs\/kategorie-produktu\/poppers-shop-cs\/popularni-znacky-poppers\/amyl-poppers-znacka\/\">Amyl Poppers<\/a><\/p>\n<\/li>\n<li>\n<p class=\"woocommerce-loop-category__title\"><a class=\"woocommerce-loop-product__link\" href=\"https:\/\/huskybearpoppers.eu\/cs\/kategorie-produktu\/poppers-shop-cs\/popularni-znacky-poppers\/bb-poppers-znacka\/\">BB Poppers<\/a><\/p>\n<\/li>\n<li>\n<p class=\"woocommerce-loop-category__title\"><a class=\"woocommerce-loop-product__link\" href=\"https:\/\/huskybearpoppers.eu\/cs\/kategorie-produktu\/poppers-shop-cs\/popularni-znacky-poppers\/fist-poppers-znacka\/\">Fist Poppers<\/a><\/p>\n<\/li>\n<li>\n<p class=\"woocommerce-loop-category__title\"><a class=\"woocommerce-loop-product__link\" href=\"https:\/\/huskybearpoppers.eu\/cs\/kategorie-produktu\/poppers-shop-cs\/popularni-znacky-poppers\/jungle-juice-poppers-znacka\/\">Jungle Juice Poppers<\/a><\/p>\n<\/li>\n<li>\n<p class=\"woocommerce-loop-category__title\"><a class=\"woocommerce-loop-product__link\" href=\"https:\/\/huskybearpoppers.eu\/cs\/kategorie-produktu\/poppers-shop-cs\/popularni-znacky-poppers\/juicd-poppers-znacka\/\">Juic&#8217;d Poppers<\/a><\/p>\n<\/li>\n<li>\n<p class=\"woocommerce-loop-category__title\"><a class=\"woocommerce-loop-product__link\" href=\"https:\/\/huskybearpoppers.eu\/cs\/kategorie-produktu\/poppers-shop-cs\/popularni-znacky-poppers\/original-poppers-znacka\/\">Original Poppers<\/a><\/p>\n<\/li>\n<\/ul>\n<p class=\"whitespace-pre-wrap break-words\">Ka\u017ed\u00e1 lahvi\u010dka obsahuje 10 ml nebo 15 ml na\u0161eho \u0161pi\u010dkov\u00fd \u010disti\u010d k\u016f\u017ee, kter\u00fd je ide\u00e1ln\u00ed pro p\u00e9\u010di na cest\u00e1ch nebo diskr\u00e9tn\u00ed skladov\u00e1n\u00ed.<\/p>\n<h2 class=\"whitespace-pre-wrap break-words\">Pro\u010d Si Vybrat Mal\u00fd Tajemn\u00fd Poppers?<\/h2>\n<p class=\"whitespace-pre-wrap break-words\">Mal\u00fd Tajemn\u00fd Poppers nen\u00ed jen o efektivn\u00ed p\u00e9\u010di o k\u016f\u017ei; je to kapesn\u00ed dobrodru\u017estv\u00ed, kter\u00e9 \u010dek\u00e1 na sv\u00e9 rozuzlen\u00ed. Je ide\u00e1ln\u00ed pro vylep\u0161en\u00ed rychl\u00e9ho \u010di\u0161t\u011bn\u00ed a p\u0159in\u00e1\u0161\u00ed prvek tajemstv\u00ed a vzru\u0161en\u00ed, kter\u00e9mu se b\u011b\u017en\u00e9 \u010distic\u00ed prost\u0159edky na k\u016f\u017ei nemohou rovnat. A\u0165 u\u017e se chyst\u00e1te na improvizovanou no\u010dn\u00ed proch\u00e1zku, nebo si u\u017e\u00edv\u00e1te spont\u00e1nn\u00ed ve\u010der, Mal\u00fd Tajemn\u00fd Poppers prom\u011bn\u00ed rutinn\u00ed \u00fadr\u017ebu v nezapomenuteln\u00fd okam\u017eik.  <\/p>\n<p class=\"whitespace-pre-wrap break-words\">Zlep\u0161ete svou rutinn\u00ed p\u00e9\u010di o k\u016f\u017ei pomoc\u00ed produktu Mal\u00fd Tajemn\u00fd Poppers, kde ka\u017ed\u00e1 kompaktn\u00ed lahvi\u010dka skr\u00fdv\u00e1 p\u0159ekvapen\u00ed a ka\u017ed\u00e9 pou\u017eit\u00ed se st\u00e1v\u00e1 nezapomenuteln\u00fdm mini dobrodru\u017estv\u00edm. Objednejte si nyn\u00ed a nechte tajemstv\u00ed sv\u00e9ho p\u0159\u00ed\u0161t\u00edho nejlep\u0161\u00edho z\u00e1\u017eitku z \u010di\u0161t\u011bn\u00ed str\u010dit do kapsy! <\/p>\n<h3 class=\"whitespace-pre-wrap break-words\">N\u00e1vod K Pou\u017eit\u00ed:<\/h3>\n<ol class=\"-mt-1 list-decimal space-y-2 pl-8\">\n<li class=\"whitespace-normal break-words\">P\u0159ed pou\u017eit\u00edm malou lahvi\u010dku lehce prot\u0159epejte.<\/li>\n<li class=\"whitespace-normal break-words\">Opatrn\u011b sejm\u011bte v\u00ed\u010dko.<\/li>\n<li class=\"whitespace-normal break-words\">Otev\u0159ete lahvi\u010dku a za\u010dn\u011bte s kompaktn\u00edm sezen\u00ed \u010di\u0161t\u011bn\u00ed k\u016f\u017ee.<\/li>\n<\/ol>\n<h3 class=\"whitespace-pre-wrap break-words\">Bezpe\u010dnostn\u00ed Opat\u0159en\u00ed:<\/h3>\n<ul class=\"-mt-1 list-disc space-y-2 pl-8\">\n<li class=\"whitespace-normal break-words\">Tento mal\u00fd \u010disti\u010d je ur\u010den pouze pro ko\u017een\u00e9 p\u0159edm\u011bty.<\/li>\n<li class=\"whitespace-normal break-words\">Skladujte na chladn\u00e9m a such\u00e9m m\u00edst\u011b mimo dosah p\u0159\u00edm\u00e9ho slune\u010dn\u00edho sv\u011btla.<\/li>\n<li class=\"whitespace-normal break-words\">Uchov\u00e1vejte mimo dosah d\u011bt\u00ed a dom\u00e1c\u00edch zv\u00ed\u0159at.<\/li>\n<li class=\"whitespace-normal break-words\">Nepo\u017e\u00edvejte a nedovolte p\u0159\u00edm\u00fd kontakt s poko\u017ekou.<\/li>\n<li class=\"whitespace-normal break-words\">Pou\u017e\u00edvejte jej zodpov\u011bdn\u011b a dodr\u017eujte pokyny uveden\u00e9 na lahvi\u010dce<\/li>\n<\/ul>\n<p><strong>Hled\u00e1te v\u011bt\u0161\u00ed z\u00e1hadu?<\/strong><\/p>\n<p>Pod\u00edvejte se na <a href=\"https:\/\/huskybearpoppers.eu\/cs\/produkt\/veliki-tajanstveni-poppers\/\"><strong>Velk\u00fd Tajemn\u00fd Poppers<\/strong><\/a>, pro v\u011bt\u0161\u00ed a siln\u011bj\u0161\u00ed z\u00e1\u017eitek.<\/p>\n","protected":false},"excerpt":{"rendered":"<p><strong>Objevte Kompaktn\u00ed Vzru\u0161en\u00ed s Mal\u00fd Tajemn\u00fd Poppers!<\/strong><\/p>\n<p class=\"whitespace-pre-wrap break-words\">Pono\u0159te se do vzru\u0161uj\u00edc\u00edho tajemstv\u00ed s na\u0161\u00edm kapesn\u00edm \u010disti\u010d k\u016f\u017ee Mal\u00fd Tajemn\u00fd Poppers. Ka\u017ed\u00e1 objedn\u00e1vka v\u00e1m doru\u010d\u00ed n\u00e1hodn\u011b vybran\u00fd, vysoce kvalitn\u00ed \u010disti\u010d p\u0159\u00edmo k va\u0161im dve\u0159\u00edm, co\u017e zaru\u010duje, \u017ee ka\u017ed\u00fd z\u00e1\u017eitek bude jedine\u010dn\u00fdm a p\u0159enosn\u00fdm p\u0159ekvapen\u00edm. <\/p>\n<p><span style=\"font-weight: 400;\"><strong>N\u00e1\u0161 tajemn\u00fd v\u00fdb\u011br je k dispozici v r\u016fzn\u00fdch velikostech (10ml\/13ml\/15ml)<\/strong> a uspokoj\u00ed v\u0161echny va\u0161e pot\u0159eby v oblasti p\u00e9\u010de o k\u016f\u017ei.<\/span><\/p>\n<p><span style=\"font-weight: 400;\">Dostanete silnou Rush Poppers 10ml, vzru\u0161uj\u00edc\u00ed Iron Fist Poppers 10ml, nebo snad exotickou Amsterdam Chill Poppers 10ml? O\u010dek\u00e1v\u00e1n\u00ed je sou\u010d\u00e1st\u00ed z\u00e1bavy! <\/span><\/p>\n<p><strong>POZN\u00c1MKA: Obr\u00e1zek je pouze symbolick\u00fd!<\/strong><\/p>\n","protected":false},"featured_media":17737,"comment_status":"open","ping_status":"closed","template":"","meta":[],"product_brand":[],"product_cat":[10015,1500,10022],"product_tag":[2201,2207,2198,2204,2200,2205,2203,2199,2206,2208,2202],"class_list":{"0":"post-17736","1":"product","2":"type-product","3":"status-publish","4":"has-post-thumbnail","6":"product_cat-leather-pride-poppers","7":"product_cat-male-poppers","8":"product_cat-pup-play-poppers","9":"product_tag-jedinecny-doplnek-na-vecirek","10":"product_tag-maly-tajemny-poppers","11":"product_tag-nahodny-vyber-poppers","12":"product_tag-neobvykly-napad-na-darek","13":"product_tag-prekvapeni","14":"product_tag-prekvapeni-poppers","15":"product_tag-prekvapeni-pro-dospele","16":"product_tag-premiovy","17":"product_tag-s-poppers-cs","18":"product_tag-tajemny-produkt-pro-dospele-male-velikosti","19":"product_tag-zkusenost-s-tajemnou-lahvi","21":"first","22":"instock","23":"taxable","24":"shipping-taxable","25":"purchasable","26":"product-type-simple"},"_links":{"self":[{"href":"https:\/\/huskybearpoppers.eu\/cs\/wp-json\/wp\/v2\/product\/17736","targetHints":{"allow":["GET"]}}],"collection":[{"href":"https:\/\/huskybearpoppers.eu\/cs\/wp-json\/wp\/v2\/product"}],"about":[{"href":"https:\/\/huskybearpoppers.eu\/cs\/wp-json\/wp\/v2\/types\/product"}],"replies":[{"embeddable":true,"href":"https:\/\/huskybearpoppers.eu\/cs\/wp-json\/wp\/v2\/comments?post=17736"}],"version-history":[{"count":0,"href":"https:\/\/huskybearpoppers.eu\/cs\/wp-json\/wp\/v2\/product\/17736\/revisions"}],"wp:featuredmedia":[{"embeddable":true,"href":"https:\/\/huskybearpoppers.eu\/cs\/wp-json\/wp\/v2\/media\/17737"}],"wp:attachment":[{"href":"https:\/\/huskybearpoppers.eu\/cs\/wp-json\/wp\/v2\/media?parent=17736"}],"wp:term":[{"taxonomy":"product_brand","embeddable":true,"href":"https:\/\/huskybearpoppers.eu\/cs\/wp-json\/wp\/v2\/product_brand?post=17736"},{"taxonomy":"product_cat","embeddable":true,"href":"https:\/\/huskybearpoppers.eu\/cs\/wp-json\/wp\/v2\/product_cat?post=17736"},{"taxonomy":"product_tag","embeddable":true,"href":"https:\/\/huskybearpoppers.eu\/cs\/wp-json\/wp\/v2\/product_tag?post=17736"}],"curies":[{"name":"wp","href":"https:\/\/api.w.org\/{rel}","templated":true}]}}