{"id":17607,"date":"2023-08-08T12:46:40","date_gmt":"2023-08-08T10:46:40","guid":{"rendered":"https:\/\/huskybearpoppers.eu\/product\/poppers-black-tiger-10-ml\/"},"modified":"2025-12-02T10:22:25","modified_gmt":"2025-12-02T08:22:25","slug":"poppers-black-tiger-10-ml","status":"publish","type":"product","link":"https:\/\/huskybearpoppers.eu\/cs\/produkt\/poppers-black-tiger-10-ml\/","title":{"rendered":"Poppers Black Tiger 10 ml"},"content":{"rendered":"","protected":false},"excerpt":{"rendered":"<p>Uvoln\u011bte se s 10ml silou propyl nitritu Black Tiger. Push vyr\u00e1b\u00ed tento siln\u00fd \u010disti\u010d k\u016f\u017ee na sexu\u00e1ln\u00ed pom\u016fcky pro ty, kte\u0159\u00ed lov\u00ed pot\u011b\u0161en\u00ed. Vy\u010dist\u011bte sv\u00e9 vybaven\u00ed, nechte uschnout, pak se vrhn\u011bte &#8211; va\u0161e hra\u010dky se stanou sou\u010d\u00e1st\u00ed va\u0161\u00ed zv\u00ed\u0159ec\u00ed str\u00e1nky a pomohou v\u00e1m dos\u00e1hnout uspokojen\u00ed, kter\u00e9 hled\u00e1te.  <\/p>\n","protected":false},"featured_media":17608,"comment_status":"open","ping_status":"closed","template":"","meta":[],"product_brand":[],"product_cat":[1369,10085,1500,10103,1270,1467,10022,10089,10181],"product_tag":[5990,5166,5988,5167,5957,5956,5989,5992,5958,5991],"class_list":{"0":"post-17607","1":"product","2":"type-product","3":"status-publish","4":"has-post-thumbnail","6":"product_cat-3-5-silny-poppers","7":"product_cat-jemne-a-snadne-poppers","8":"product_cat-male-poppers","9":"product_cat-poppers-pro-zacatecniky","10":"product_cat-poppers-push-cs","11":"product_cat-propyl-nitrite-poppers-cs","12":"product_cat-pup-play-poppers","13":"product_cat-poppers-na-vecer-ve-dvou","14":"product_cat-ufi-propylnitrit","15":"product_tag-3-z-5-sila","16":"product_tag-black-label-poppers-cs","17":"product_tag-extra-silne-poppers","18":"product_tag-francouzske-poppers","19":"product_tag-kapesni-poppers","20":"product_tag-lahvicka-10-ml","21":"product_tag-propyl-poppers-cs","22":"product_tag-push-poppers-cs","23":"product_tag-vhodne-na-cesty","24":"product_tag-znacka-black-tiger","26":"first","27":"outofstock","28":"taxable","29":"shipping-taxable","30":"purchasable","31":"product-type-simple"},"_links":{"self":[{"href":"https:\/\/huskybearpoppers.eu\/cs\/wp-json\/wp\/v2\/product\/17607","targetHints":{"allow":["GET"]}}],"collection":[{"href":"https:\/\/huskybearpoppers.eu\/cs\/wp-json\/wp\/v2\/product"}],"about":[{"href":"https:\/\/huskybearpoppers.eu\/cs\/wp-json\/wp\/v2\/types\/product"}],"replies":[{"embeddable":true,"href":"https:\/\/huskybearpoppers.eu\/cs\/wp-json\/wp\/v2\/comments?post=17607"}],"version-history":[{"count":0,"href":"https:\/\/huskybearpoppers.eu\/cs\/wp-json\/wp\/v2\/product\/17607\/revisions"}],"wp:featuredmedia":[{"embeddable":true,"href":"https:\/\/huskybearpoppers.eu\/cs\/wp-json\/wp\/v2\/media\/17608"}],"wp:attachment":[{"href":"https:\/\/huskybearpoppers.eu\/cs\/wp-json\/wp\/v2\/media?parent=17607"}],"wp:term":[{"taxonomy":"product_brand","embeddable":true,"href":"https:\/\/huskybearpoppers.eu\/cs\/wp-json\/wp\/v2\/product_brand?post=17607"},{"taxonomy":"product_cat","embeddable":true,"href":"https:\/\/huskybearpoppers.eu\/cs\/wp-json\/wp\/v2\/product_cat?post=17607"},{"taxonomy":"product_tag","embeddable":true,"href":"https:\/\/huskybearpoppers.eu\/cs\/wp-json\/wp\/v2\/product_tag?post=17607"}],"curies":[{"name":"wp","href":"https:\/\/api.w.org\/{rel}","templated":true}]}}