{"id":17599,"date":"2025-08-08T12:46:35","date_gmt":"2025-08-08T10:46:35","guid":{"rendered":"https:\/\/huskybearpoppers.eu\/product\/amyl-cbd-poppers-10-ml\/"},"modified":"2025-12-02T10:21:10","modified_gmt":"2025-12-02T08:21:10","slug":"amyl-cbd-poppers-10-ml","status":"publish","type":"product","link":"https:\/\/huskybearpoppers.eu\/cs\/produkt\/amyl-cbd-poppers-10-ml\/","title":{"rendered":"Amyl CBD Poppers 10 ml"},"content":{"rendered":"","protected":false},"excerpt":{"rendered":"<p>N\u011bco nov\u00e9ho &#8211; amyl nitrit se setk\u00e1v\u00e1 s CBD vibracemi v 10ml. Tento jedine\u010dn\u00fd \u010disti\u010d k\u016f\u017ee pro sexu\u00e1ln\u00ed pom\u016fcky nab\u00edz\u00ed odli\u0161n\u00fd z\u00e1\u017eitek. Ultra siln\u00e1 formule vy\u010dist\u00ed va\u0161e vybaven\u00ed, zat\u00edmco n\u00e1zev CBD nazna\u010duje spojen\u00ed klidu s vzru\u0161en\u00edm. Po zaschnut\u00ed v\u00e1m va\u0161e pom\u016fcky dodaj\u00ed pot\u011b\u0161en\u00ed se speci\u00e1ln\u00edm n\u00e1dechem.   <\/p>\n","protected":false},"featured_media":17600,"comment_status":"open","ping_status":"closed","template":"","meta":[],"product_brand":[],"product_cat":[1391,1424,10085,1500,1358,10007,10086,10035,1239,1402,1478,10103,8575,10022,9903,10089,9847,1228],"product_tag":[5955,3220,5980,5169,5167,4756,5957,5956,5979,5958],"class_list":{"0":"post-17599","1":"product","2":"type-product","3":"status-publish","4":"has-post-thumbnail","6":"product_cat-5-5-mimoradne-silny-poppers","7":"product_cat-amyl-nitrit-poppers","8":"product_cat-jemne-a-snadne-poppers","9":"product_cat-male-poppers","10":"product_cat-meritko-sily-poppers","11":"product_cat-nakupujte-podle-komunity","12":"product_cat-nakupujte-podle-prilezitosti","13":"product_cat-nakupujte-podle-zazitku","14":"product_cat-poppers-funline-cs","15":"product_cat-poppers-podle-formule","16":"product_cat-poppers-podle-velikosti","17":"product_cat-poppers-pro-zacatecniky","18":"product_cat-poppers-shop-cs","19":"product_cat-pup-play-poppers","20":"product_cat-qjyt-29pr-9003-8akx","21":"product_cat-poppers-na-vecer-ve-dvou","22":"product_cat-ufi-cistic-na-kuzi","23":"product_cat-vyrobci-poppers","24":"product_tag-5-z-5-sila","25":"product_tag-amyl-poppers-cs","26":"product_tag-cbd-znacka","27":"product_tag-cistic-kuze","28":"product_tag-francouzske-poppers","29":"product_tag-funline-poppers-cs","30":"product_tag-kapesni-poppers","31":"product_tag-lahvicka-10-ml","32":"product_tag-pokojova-aroma","33":"product_tag-vhodne-na-cesty","35":"first","36":"instock","37":"sale","38":"taxable","39":"shipping-taxable","40":"purchasable","41":"product-type-simple"},"_links":{"self":[{"href":"https:\/\/huskybearpoppers.eu\/cs\/wp-json\/wp\/v2\/product\/17599","targetHints":{"allow":["GET"]}}],"collection":[{"href":"https:\/\/huskybearpoppers.eu\/cs\/wp-json\/wp\/v2\/product"}],"about":[{"href":"https:\/\/huskybearpoppers.eu\/cs\/wp-json\/wp\/v2\/types\/product"}],"replies":[{"embeddable":true,"href":"https:\/\/huskybearpoppers.eu\/cs\/wp-json\/wp\/v2\/comments?post=17599"}],"version-history":[{"count":0,"href":"https:\/\/huskybearpoppers.eu\/cs\/wp-json\/wp\/v2\/product\/17599\/revisions"}],"wp:featuredmedia":[{"embeddable":true,"href":"https:\/\/huskybearpoppers.eu\/cs\/wp-json\/wp\/v2\/media\/17600"}],"wp:attachment":[{"href":"https:\/\/huskybearpoppers.eu\/cs\/wp-json\/wp\/v2\/media?parent=17599"}],"wp:term":[{"taxonomy":"product_brand","embeddable":true,"href":"https:\/\/huskybearpoppers.eu\/cs\/wp-json\/wp\/v2\/product_brand?post=17599"},{"taxonomy":"product_cat","embeddable":true,"href":"https:\/\/huskybearpoppers.eu\/cs\/wp-json\/wp\/v2\/product_cat?post=17599"},{"taxonomy":"product_tag","embeddable":true,"href":"https:\/\/huskybearpoppers.eu\/cs\/wp-json\/wp\/v2\/product_tag?post=17599"}],"curies":[{"name":"wp","href":"https:\/\/api.w.org\/{rel}","templated":true}]}}