{"id":17593,"date":"2025-08-08T12:46:36","date_gmt":"2025-08-08T10:46:36","guid":{"rendered":"https:\/\/huskybearpoppers.eu\/product\/poppers-rise-up-formula-extreme-10-ml\/"},"modified":"2025-12-02T10:22:22","modified_gmt":"2025-12-02T08:22:22","slug":"poppers-rise-up-formula-extreme-10-ml","status":"publish","type":"product","link":"https:\/\/huskybearpoppers.eu\/cs\/produkt\/poppers-rise-up-formula-extreme-10-ml\/","title":{"rendered":"Poppers Rise Up Formula Extreme 10 ml"},"content":{"rendered":"","protected":false},"excerpt":{"rendered":"<p>Extr\u00e9mn\u00ed s\u00edla v kapesn\u00ed 10ml lahvi\u010dce. Tento \u010disti\u010d na k\u016f\u017ei pro sexu\u00e1ln\u00ed pom\u016fcky obsahuje nejsiln\u011bj\u0161\u00ed recepturu Rise Up. Amyl nitrit, kter\u00fd prom\u011bn\u00ed va\u0161e vy\u010di\u0161t\u011bn\u00e9 vybaven\u00ed v n\u00e1stroje extr\u00e9mn\u00edho pot\u011b\u0161en\u00ed. Mal\u00e1 lahvi\u010dka pro diskr\u00e9tnost, obrovsk\u00fd dopad na va\u0161i z\u00e1bavu.   <\/p>\n","protected":false},"featured_media":17594,"comment_status":"open","ping_status":"closed","template":"","meta":[],"product_brand":[],"product_cat":[1391,1424,10008,10104,10042,10015,1500,10007,10086,1239,10102,9903],"product_tag":[5955,3220,5167,4756,5957,5956,5959,4755,5958,5960],"class_list":{"0":"post-17593","1":"product","2":"type-product","3":"status-publish","4":"has-post-thumbnail","6":"product_cat-5-5-mimoradne-silny-poppers","7":"product_cat-amyl-nitrit-poppers","8":"product_cat-bear-brotherhood-poppers","9":"product_cat-edge-and-hypno-poppers","10":"product_cat-hluboke-a-silne-poppers","11":"product_cat-leather-pride-poppers","12":"product_cat-male-poppers","13":"product_cat-nakupujte-podle-komunity","14":"product_cat-nakupujte-podle-prilezitosti","15":"product_cat-poppers-funline-cs","16":"product_cat-poppers-na-party-klub","17":"product_cat-qjyt-29pr-9003-8akx","18":"product_tag-5-z-5-sila","19":"product_tag-amyl-poppers-cs","20":"product_tag-francouzske-poppers","21":"product_tag-funline-poppers-cs","22":"product_tag-kapesni-poppers","23":"product_tag-lahvicka-10-ml","24":"product_tag-maximalni-sila","25":"product_tag-mimoradne-silne-poppers","26":"product_tag-vhodne-na-cesty","27":"product_tag-znacka-rise-up","29":"first","30":"instock","31":"taxable","32":"shipping-taxable","33":"purchasable","34":"product-type-simple"},"_links":{"self":[{"href":"https:\/\/huskybearpoppers.eu\/cs\/wp-json\/wp\/v2\/product\/17593","targetHints":{"allow":["GET"]}}],"collection":[{"href":"https:\/\/huskybearpoppers.eu\/cs\/wp-json\/wp\/v2\/product"}],"about":[{"href":"https:\/\/huskybearpoppers.eu\/cs\/wp-json\/wp\/v2\/types\/product"}],"replies":[{"embeddable":true,"href":"https:\/\/huskybearpoppers.eu\/cs\/wp-json\/wp\/v2\/comments?post=17593"}],"version-history":[{"count":0,"href":"https:\/\/huskybearpoppers.eu\/cs\/wp-json\/wp\/v2\/product\/17593\/revisions"}],"wp:featuredmedia":[{"embeddable":true,"href":"https:\/\/huskybearpoppers.eu\/cs\/wp-json\/wp\/v2\/media\/17594"}],"wp:attachment":[{"href":"https:\/\/huskybearpoppers.eu\/cs\/wp-json\/wp\/v2\/media?parent=17593"}],"wp:term":[{"taxonomy":"product_brand","embeddable":true,"href":"https:\/\/huskybearpoppers.eu\/cs\/wp-json\/wp\/v2\/product_brand?post=17593"},{"taxonomy":"product_cat","embeddable":true,"href":"https:\/\/huskybearpoppers.eu\/cs\/wp-json\/wp\/v2\/product_cat?post=17593"},{"taxonomy":"product_tag","embeddable":true,"href":"https:\/\/huskybearpoppers.eu\/cs\/wp-json\/wp\/v2\/product_tag?post=17593"}],"curies":[{"name":"wp","href":"https:\/\/api.w.org\/{rel}","templated":true}]}}