{"id":17567,"date":"2025-08-08T12:46:39","date_gmt":"2025-08-08T10:46:39","guid":{"rendered":"https:\/\/huskybearpoppers.eu\/product\/blue-boy-poppers-25-ml\/"},"modified":"2025-12-02T10:22:23","modified_gmt":"2025-12-02T08:22:23","slug":"blue-boy-poppers-25-ml","status":"publish","type":"product","link":"https:\/\/huskybearpoppers.eu\/cs\/produkt\/blue-boy-poppers-25-ml\/","title":{"rendered":"Blue Boy Poppers 25 ml"},"content":{"rendered":"","protected":false},"excerpt":{"rendered":"<p>Kanadsk\u00fd Blue Boy p\u0159in\u00e1\u0161\u00ed 25ml extra silnou d\u00e1vku pentyl nitritu. Lockerroom \u010disti\u010d na ko\u017een\u00e9 sexu\u00e1ln\u00ed pom\u016fcky p\u0159in\u00e1\u0161\u00ed tu severoamerickou odvahu. Po vy\u010di\u0161t\u011bn\u00ed a osu\u0161en\u00ed v\u00e1m va\u0161e pom\u016fcky pomohou zbl\u00e1znit se &#8211; hloub\u011bji, tvrd\u011bji, d\u00e9le ne\u017e va\u0161e obvykl\u00e1 v\u0161edn\u00ed z\u00e1bava.  <\/p>\n","protected":false},"featured_media":17568,"comment_status":"open","ping_status":"closed","template":"","meta":[],"product_brand":[],"product_cat":[1380,10008,10084,10227,1456,1249,10102,10103,10089,1489],"product_tag":[5881,5886,5880,5879,3142,5887,5883,5885,5882,5884],"class_list":{"0":"post-17567","1":"product","2":"type-product","3":"status-publish","4":"has-post-thumbnail","6":"product_cat-4-5-velmi-silny-poppers","7":"product_cat-bear-brotherhood-poppers","8":"product_cat-dlouhotrvajici-a-stabilni-poppers","9":"product_cat-es-951-169-0","10":"product_cat-pentyl-nitrit-poppers","11":"product_cat-poppers-lockerroom-cs","12":"product_cat-poppers-na-party-klub","13":"product_cat-poppers-pro-zacatecniky","14":"product_cat-poppers-na-vecer-ve-dvou","15":"product_cat-velky-poppers","16":"product_tag-25-ml-lahev","17":"product_tag-kanadske-poppery","18":"product_tag-lockerroom-poppery","19":"product_tag-modre-poppery","20":"product_tag-pentyl-poppers-cs","21":"product_tag-premiova-kvalita","22":"product_tag-prodlouzene-sezeni","23":"product_tag-sila-4-z-5","24":"product_tag-stredni-lahev-poppery","25":"product_tag-znacka-blue-boy","27":"first","28":"instock","29":"sale","30":"taxable","31":"shipping-taxable","32":"purchasable","33":"product-type-simple"},"_links":{"self":[{"href":"https:\/\/huskybearpoppers.eu\/cs\/wp-json\/wp\/v2\/product\/17567","targetHints":{"allow":["GET"]}}],"collection":[{"href":"https:\/\/huskybearpoppers.eu\/cs\/wp-json\/wp\/v2\/product"}],"about":[{"href":"https:\/\/huskybearpoppers.eu\/cs\/wp-json\/wp\/v2\/types\/product"}],"replies":[{"embeddable":true,"href":"https:\/\/huskybearpoppers.eu\/cs\/wp-json\/wp\/v2\/comments?post=17567"}],"version-history":[{"count":0,"href":"https:\/\/huskybearpoppers.eu\/cs\/wp-json\/wp\/v2\/product\/17567\/revisions"}],"wp:featuredmedia":[{"embeddable":true,"href":"https:\/\/huskybearpoppers.eu\/cs\/wp-json\/wp\/v2\/media\/17568"}],"wp:attachment":[{"href":"https:\/\/huskybearpoppers.eu\/cs\/wp-json\/wp\/v2\/media?parent=17567"}],"wp:term":[{"taxonomy":"product_brand","embeddable":true,"href":"https:\/\/huskybearpoppers.eu\/cs\/wp-json\/wp\/v2\/product_brand?post=17567"},{"taxonomy":"product_cat","embeddable":true,"href":"https:\/\/huskybearpoppers.eu\/cs\/wp-json\/wp\/v2\/product_cat?post=17567"},{"taxonomy":"product_tag","embeddable":true,"href":"https:\/\/huskybearpoppers.eu\/cs\/wp-json\/wp\/v2\/product_tag?post=17567"}],"curies":[{"name":"wp","href":"https:\/\/api.w.org\/{rel}","templated":true}]}}