{"id":17558,"date":"2025-08-08T12:46:40","date_gmt":"2025-08-08T10:46:40","guid":{"rendered":"https:\/\/huskybearpoppers.eu\/product\/zlata-lebka-poppers-25ml\/"},"modified":"2025-12-02T10:22:26","modified_gmt":"2025-12-02T08:22:26","slug":"zlata-lebka-poppers-25ml","status":"publish","type":"product","link":"https:\/\/huskybearpoppers.eu\/cs\/produkt\/zlata-lebka-poppers-25ml\/","title":{"rendered":"Zlat\u00e1 Lebka Poppers 25ml"},"content":{"rendered":"","protected":false},"excerpt":{"rendered":"<p>Nudn\u00fd sex je mrtv\u00fd &#8211; Zlat\u00e1 Lebka p\u0159in\u00e1\u0161\u00ed 25ml pentyl nitritov\u00e9 revoluce. Tento extra siln\u00fd \u010disti\u010d k\u016f\u017ee na sexu\u00e1ln\u00ed pom\u016fcky odpov\u00edd\u00e1 va\u0161emu odv\u00e1\u017en\u00e9mu stylu. D\u016fkladn\u011b vy\u010dist\u011bte sv\u00e9 vybaven\u00ed, nechte odv\u011btrat a pot\u00e9 pou\u017eijte sv\u00e9 hra\u010dky k prozkoum\u00e1n\u00ed temn\u00e9 a \u0161pinav\u00e9 str\u00e1nky, kde se rozko\u0161 setk\u00e1v\u00e1 s n\u00e1dhern\u00fdm chaosem.  <\/p>\n","protected":false},"featured_media":17559,"comment_status":"open","ping_status":"closed","template":"","meta":[],"product_brand":[],"product_cat":[1380,10085,1358,10007,10086,10035,1456,1239,1402,1478,10103,8575,10022,10119,10089,9847,1489,1228],"product_tag":[5843,5842,5844,5841,5838,5840,5839],"class_list":{"0":"post-17558","1":"product","2":"type-product","3":"status-publish","4":"has-post-thumbnail","6":"product_cat-4-5-velmi-silny-poppers","7":"product_cat-jemne-a-snadne-poppers","8":"product_cat-meritko-sily-poppers","9":"product_cat-nakupujte-podle-komunity","10":"product_cat-nakupujte-podle-prilezitosti","11":"product_cat-nakupujte-podle-zazitku","12":"product_cat-pentyl-nitrit-poppers","13":"product_cat-poppers-funline-cs","14":"product_cat-poppers-podle-formule","15":"product_cat-poppers-podle-velikosti","16":"product_cat-poppers-pro-zacatecniky","17":"product_cat-poppers-shop-cs","18":"product_cat-pup-play-poppers","19":"product_cat-qndc-qapf-5107-awq7","20":"product_cat-poppers-na-vecer-ve-dvou","21":"product_cat-ufi-cistic-na-kuzi","22":"product_cat-velky-poppers","23":"product_cat-vyrobci-poppers","24":"product_tag-cerna-lebka-poppers","25":"product_tag-cervena-lebka-poppers","26":"product_tag-poppers-cerna-lebka","27":"product_tag-poppers-cervena-lebka","28":"product_tag-poppers-zlata-lebka","29":"product_tag-poppers-zlata-lebka-25ml","30":"product_tag-zlata-lebka-25ml","32":"first","33":"instock","34":"taxable","35":"shipping-taxable","36":"purchasable","37":"product-type-simple"},"_links":{"self":[{"href":"https:\/\/huskybearpoppers.eu\/cs\/wp-json\/wp\/v2\/product\/17558","targetHints":{"allow":["GET"]}}],"collection":[{"href":"https:\/\/huskybearpoppers.eu\/cs\/wp-json\/wp\/v2\/product"}],"about":[{"href":"https:\/\/huskybearpoppers.eu\/cs\/wp-json\/wp\/v2\/types\/product"}],"replies":[{"embeddable":true,"href":"https:\/\/huskybearpoppers.eu\/cs\/wp-json\/wp\/v2\/comments?post=17558"}],"version-history":[{"count":0,"href":"https:\/\/huskybearpoppers.eu\/cs\/wp-json\/wp\/v2\/product\/17558\/revisions"}],"wp:featuredmedia":[{"embeddable":true,"href":"https:\/\/huskybearpoppers.eu\/cs\/wp-json\/wp\/v2\/media\/17559"}],"wp:attachment":[{"href":"https:\/\/huskybearpoppers.eu\/cs\/wp-json\/wp\/v2\/media?parent=17558"}],"wp:term":[{"taxonomy":"product_brand","embeddable":true,"href":"https:\/\/huskybearpoppers.eu\/cs\/wp-json\/wp\/v2\/product_brand?post=17558"},{"taxonomy":"product_cat","embeddable":true,"href":"https:\/\/huskybearpoppers.eu\/cs\/wp-json\/wp\/v2\/product_cat?post=17558"},{"taxonomy":"product_tag","embeddable":true,"href":"https:\/\/huskybearpoppers.eu\/cs\/wp-json\/wp\/v2\/product_tag?post=17558"}],"curies":[{"name":"wp","href":"https:\/\/api.w.org\/{rel}","templated":true}]}}