{"id":17543,"date":"2025-01-28T19:15:06","date_gmt":"2025-01-28T17:15:06","guid":{"rendered":"https:\/\/huskybearpoppers.eu\/product\/poppers-jungle-juice-platinum-10ml\/"},"modified":"2025-12-02T10:22:04","modified_gmt":"2025-12-02T08:22:04","slug":"poppers-jungle-juice-platinum-10ml","status":"publish","type":"product","link":"https:\/\/huskybearpoppers.eu\/cs\/produkt\/poppers-jungle-juice-platinum-10ml\/","title":{"rendered":"Poppers Jungle Juice Platinum 10ml"},"content":{"rendered":"<h2>Poppers Jungle Juice Platinum 10ml \u2013 Vy\u010dist\u011bte svou k\u016f\u017ei a uvoln\u011bte pot\u011b\u0161en\u00ed<\/h2>\n<p>Kdy\u017e se jedn\u00e1 o hra\u010dky, nehr\u00e1li byste si s n\u011b\u010d\u00edm \u0161pinav\u00fdm. <strong>Poppers Jungle Juice Platinum<\/strong> je tu, aby v\u00e1m pomohl ud\u011blat \u010di\u0161t\u011bn\u00ed spr\u00e1vn\u011b, tak\u017ee z\u00e1bava bude je\u0161t\u011b lep\u0161\u00ed. Je to skute\u010dn\u00fd<strong> \u010disti\u010d k\u016f\u017ee na sexu\u00e1ln\u00ed hra\u010dky<\/strong>, vyroben\u00fd pro pravidelnou \u00fadr\u017ebu a pohodl\u00ed. <\/p>\n<p>\u010cist\u00e9 vybaven\u00ed je sexy vybaven\u00ed. C\u00edt\u00ed se l\u00e9pe, vydr\u017e\u00ed d\u00e9le a udr\u017euje v\u00e1s v okam\u017eiku \u2013 nem\u00e1te rozpt\u00fdlen\u00ed od \u0161p\u00edny, lepkavosti nebo nep\u0159\u00edjemn\u00fdch pach\u016f. Tato 10ml lahvi\u010dka je pln\u00e1 toho, co pot\u0159ebujete pro leh\u010d\u00ed, ale hlubok\u00e9 \u010di\u0161t\u011bn\u00ed, zejm\u00e9na pro jemn\u011bj\u0161\u00ed setk\u00e1n\u00ed nebo nov\u00e9 u\u017eivatele.  <\/p>\n<h3>Pro\u010d si vybrat Poppers Jungle Juice Platinum?<\/h3>\n<ul>\n<li><strong>Propylnitritov\u00fd vzorec<\/strong> \u2013 \u00da\u010dinn\u00fd a leh\u010d\u00ed s\u00edla pro pravideln\u00e9 pou\u017eit\u00ed<\/li>\n<li><strong>10ml kompaktn\u00ed lahvi\u010dka<\/strong> \u2013 Snadn\u00e9 no\u0161en\u00ed, snadn\u00e9 skr\u00fdv\u00e1n\u00ed<\/li>\n<li><strong>Hodnoceno 3\/5 s\u00edla<\/strong> \u2013 Perfektn\u00ed pro hladk\u00e9 \u010di\u0161t\u011bn\u00ed bez p\u0159eh\u00e1n\u011bn\u00ed<\/li>\n<li><strong>Francouzsk\u00e1 kvalita<\/strong> \u2013 Vyrobeno ve Francii d\u016fv\u011bryhodn\u00fdm v\u00fdrobcem Funline\u00ae<\/li>\n<li><strong>Sv\u011b\u017eest, kterou m\u016f\u017eete c\u00edtit<\/strong> \u2013 Obnovuje p\u016fvodn\u00ed texturu a v\u016fni va\u0161eho ko\u017eenkov\u00e9ho vybaven\u00ed<\/li>\n<\/ul>\n<h3>Jak pou\u017e\u00edvat Poppers Jungle Juice Platinum pro \u010di\u0161t\u011bn\u00ed k\u016f\u017ee<\/h3>\n<ol>\n<li>Prot\u0159epejte lahvi\u010dku pro aktivaci \u010disti\u010de.<\/li>\n<li>Na m\u011bkk\u00fd had\u0159\u00edk aplikujte mal\u00e9 mno\u017estv\u00ed.<\/li>\n<li>Jemn\u011b ot\u0159ete svou ko\u017eenou hra\u010dku, zam\u011b\u0159te se na z\u00e1hyby a texturovan\u00e9 oblasti.<\/li>\n<li>Nechte usednout a su\u0161it na vzduchu ve v\u011btran\u00e9m prostoru.<\/li>\n<li>Jakmile je \u00fapln\u011b such\u00e1, va\u0161e hra\u010dka je zp\u011bt a lep\u0161\u00ed ne\u017e kdy p\u0159edt\u00edm.<\/li>\n<\/ol>\n<p>Dal\u0161\u00ed krok je zcela na v\u00e1s.<\/p>\n<h3>Nejd\u0159\u00edv vy\u010dist\u011bte. Pak si hrajte. <\/h3>\n<p>Po vy\u010di\u0161t\u011bn\u00ed a vyv\u011btr\u00e1n\u00ed va\u0161\u00ed hra\u010dky za\u010d\u00edn\u00e1 skute\u010dn\u00e1 akce. \u010cerstv\u00e1 k\u016f\u017ee se c\u00edt\u00ed \u017eiv\u00e1 na va\u0161\u00ed poko\u017ece. To chladn\u00e9 klouz\u00e1n\u00ed? Nen\u00ed jen \u010dist\u00e9 \u2013 je elektrick\u00e9. Sami, nebo s n\u011bk\u00fdm, kdo zn\u00e1 v\u00e1\u0161 rytmus, z\u00e1bava za\u010d\u00edn\u00e1, kdy\u017e je vybaven\u00ed p\u0159ipraven\u00e9.    <\/p>\n<h3>\u010cisti\u010d pro ka\u017ed\u00fd typ hr\u00e1\u010de<\/h3>\n<ul>\n<li>Nov\u00ed u\u017eivatel\u00e9, kte\u0159\u00ed se cht\u011bj\u00ed pomalu pustit do hran\u00ed s k\u016f\u017e\u00ed<\/li>\n<li>P\u00e1ry hledaj\u00edc\u00ed sd\u00edlen\u00e9 okam\u017eiky s hladk\u00fdm, p\u0159ipraven\u00fdm k pou\u017eit\u00ed vybaven\u00edm<\/li>\n<li>Zku\u0161en\u00ed u\u017eivatel\u00e9, kte\u0159\u00ed cht\u011bj\u00ed p\u0159est\u00e1vku od siln\u011bj\u0161\u00edch \u010disti\u010d\u016f<\/li>\n<li>Cestovatel\u00e9, kte\u0159\u00ed pot\u0159ebuj\u00ed kompaktn\u00ed, bezprobl\u00e9mov\u00fd \u010disti\u010d na cesty<\/li>\n<\/ul>\n<h3>Bezpe\u010dnost p\u0159edev\u0161\u00edm. V\u017edy s Poppers Jungle Juice Platinum <\/h3>\n<ul>\n<li>Toto je \u010disti\u010d k\u016f\u017ee, nikoli parf\u00e9m nebo osv\u011b\u017eova\u010d vzduchu.<\/li>\n<li>Nevdechujte ani nepolykejte. Je vyroben pouze pro \u010di\u0161t\u011bn\u00ed ko\u017een\u00fdch p\u0159edm\u011bt\u016f. <\/li>\n<li>Uchov\u00e1vejte mimo teplo, plameny a p\u0159\u00edm\u00e9 slune\u010dn\u00ed sv\u011btlo.<\/li>\n<li>Vyhn\u011bte se kontaktu s k\u016f\u017e\u00ed a o\u010dima. Pokud dojde ke kontaktu, okam\u017eit\u011b oplachujte vodou. <\/li>\n<li>Uchov\u00e1vejte mimo dosah d\u011bt\u00ed.<\/li>\n<\/ul>\n<p>A\u0165 u\u017e za\u010d\u00edn\u00e1te nebo jdete na plno, <strong>Poppers Jungle Juice Platinum 10ml<\/strong> v\u00e1m poskytuje spolehliv\u00e9 vy\u010di\u0161t\u011bn\u00ed, kter\u00e9 pot\u0159ebujete \u2013 tak\u017ee se m\u016f\u017eete soust\u0159edit na tu dobrou \u010d\u00e1st.<\/p>\n<h3>Chcete n\u011bco siln\u011bj\u0161\u00edho?<\/h3>\n<p>Pokud hled\u00e1te n\u011bco trochu siln\u011bj\u0161\u00edho, m\u00e1me pro v\u00e1s \u0159e\u0161en\u00ed.<\/p>\n<p>Vyzkou\u0161ejte <a href=\"https:\/\/huskybearpoppers.eu\/product\/poppers-super-orignal-10ml-with-adapter\/\">Poppers Super Original 10ml s adapt\u00e9rem<\/a> \u2013 odv\u00e1\u017en\u00fd, vysoce \u00fa\u010dinn\u00fd \u010disti\u010d vyroben\u00fd s amylnitritem a perfektn\u00ed pro intenzivn\u00ed sezen\u00ed.<\/p>\n","protected":false},"excerpt":{"rendered":"<p><strong>Poppers Jungle Juice Platinum 10ml <\/strong>je j<strong>emn\u00fd, ale \u00fa\u010dinn\u00fd \u010disti\u010d k\u016f\u017ee pro sexu\u00e1ln\u00ed hra\u010dky,<\/strong> vyroben\u00fd se spolehliv\u00fdm <strong>propylnitritov\u00fdm vzorcem<\/strong>. Navr\u017een pro pravideln\u00e9 \u010di\u0161t\u011bn\u00ed a <strong>perfektn\u00ed pro leh\u010d\u00ed u\u017eivatele<\/strong>, udr\u017euje va\u0161e vybaven\u00ed \u010derstv\u00e9 a p\u0159ipraven\u00e9. <strong>Vyrobeno ve Francii<\/strong> spole\u010dnost\u00ed <strong>Funline<\/strong>, tato 10ml lahvi\u010dka nab\u00edz\u00ed hladk\u00e9 zach\u00e1zen\u00ed a solidn\u00ed v\u00fdsledky. <\/p>\n<p>Je to hlavn\u00ed volba pro p\u00e1ry nebo s\u00f3lov\u00e9 u\u017eivatele, kte\u0159\u00ed berou \u010distotu v\u00e1\u017en\u011b, ale st\u00e1le tou\u017e\u00ed po dobr\u00fdch chv\u00edl\u00edch. Po vy\u010di\u0161t\u011bn\u00ed a vyv\u011btr\u00e1n\u00ed va\u0161ich obl\u00edben\u00fdch ko\u017een\u00fdch p\u0159edm\u011bt\u016f u\u017e zb\u00fdv\u00e1 jen jedna v\u011bc \u2013 prozkoum\u00e1v\u00e1n\u00ed. Pono\u0159te se hluboko a nechte svou p\u0159edstavivost p\u0159evz\u00edt kontrolu!  <\/p>\n","protected":false},"featured_media":17412,"comment_status":"open","ping_status":"closed","template":"","meta":[],"product_brand":[9782],"product_cat":[1239,1369,9969,10085,1500,10103,1467,10022,10089],"product_tag":[5719,5727,5722,2062,5729,5731,5732,5721,5730,4756,5723,5725,5733,5728,5726,5734,5718,5720,5724],"class_list":{"0":"post-17543","1":"product","2":"type-product","3":"status-publish","4":"has-post-thumbnail","6":"product_brand-jungle-juice-poppers","7":"product_cat-poppers-funline-cs","8":"product_cat-3-5-silny-poppers","9":"product_cat-h95d-qjdc-510e-g4w2","10":"product_cat-jemne-a-snadne-poppers","11":"product_cat-male-poppers","12":"product_cat-poppers-pro-zacatecniky","13":"product_cat-propyl-nitrite-poppers-cs","14":"product_cat-pup-play-poppers","15":"product_cat-poppers-na-vecer-ve-dvou","16":"product_tag-10ml-poppers-cistic","17":"product_tag-bezpecny-cistic-kuze-na-hracky","18":"product_tag-cistic-kuze-mekke-sily","19":"product_tag-cistic-kuze-pro-sexualni-hracky","20":"product_tag-cistic-na-bazi-propylnitritu","21":"product_tag-cistic-panskych-sexualnich-hracek","22":"product_tag-cistic-pro-hracky-na-hrani-s-kuzi","23":"product_tag-cistic-vyrobeny-ve-francii","24":"product_tag-cistici-tekutina-na-sexualni-hracky","25":"product_tag-funline-poppers-cs","26":"product_tag-hygiena-sexualnich-hracek","27":"product_tag-jemny-poppers-cistic","28":"product_tag-jungle-juice-cs-2","29":"product_tag-kompaktni-cistic-kozenych-hracek","30":"product_tag-pece-o-intimni-hracky","31":"product_tag-platinum-poppers-jungle-juice-cs","32":"product_tag-poppers-jungle-juice-platinum-cs","33":"product_tag-propylnitritovy-cistic-kuze","34":"product_tag-udrzba-kozenych-hracek","36":"first","37":"instock","38":"taxable","39":"shipping-taxable","40":"purchasable","41":"product-type-simple"},"_links":{"self":[{"href":"https:\/\/huskybearpoppers.eu\/cs\/wp-json\/wp\/v2\/product\/17543","targetHints":{"allow":["GET"]}}],"collection":[{"href":"https:\/\/huskybearpoppers.eu\/cs\/wp-json\/wp\/v2\/product"}],"about":[{"href":"https:\/\/huskybearpoppers.eu\/cs\/wp-json\/wp\/v2\/types\/product"}],"replies":[{"embeddable":true,"href":"https:\/\/huskybearpoppers.eu\/cs\/wp-json\/wp\/v2\/comments?post=17543"}],"version-history":[{"count":0,"href":"https:\/\/huskybearpoppers.eu\/cs\/wp-json\/wp\/v2\/product\/17543\/revisions"}],"wp:featuredmedia":[{"embeddable":true,"href":"https:\/\/huskybearpoppers.eu\/cs\/wp-json\/wp\/v2\/media\/17412"}],"wp:attachment":[{"href":"https:\/\/huskybearpoppers.eu\/cs\/wp-json\/wp\/v2\/media?parent=17543"}],"wp:term":[{"taxonomy":"product_brand","embeddable":true,"href":"https:\/\/huskybearpoppers.eu\/cs\/wp-json\/wp\/v2\/product_brand?post=17543"},{"taxonomy":"product_cat","embeddable":true,"href":"https:\/\/huskybearpoppers.eu\/cs\/wp-json\/wp\/v2\/product_cat?post=17543"},{"taxonomy":"product_tag","embeddable":true,"href":"https:\/\/huskybearpoppers.eu\/cs\/wp-json\/wp\/v2\/product_tag?post=17543"}],"curies":[{"name":"wp","href":"https:\/\/api.w.org\/{rel}","templated":true}]}}