{"id":17418,"date":"2025-01-28T19:15:06","date_gmt":"2025-01-28T17:15:06","guid":{"rendered":"https:\/\/huskybearpoppers.eu\/product\/amsterdam-butanol-poppers-24ml\/"},"modified":"2025-12-02T10:22:07","modified_gmt":"2025-12-02T08:22:07","slug":"amsterdam-butanol-poppers-24ml","status":"publish","type":"product","link":"https:\/\/huskybearpoppers.eu\/cs\/produkt\/amsterdam-butanol-poppers-24ml\/","title":{"rendered":"Amsterdam Butanol Poppers 24ml"},"content":{"rendered":"<h2>Amsterdam Butanol Poppers 24ml \u2013 \u010cisti\u010d na k\u016f\u017ei s du\u0161\u00ed Amsterdamu<\/h2>\n<p>Pokud jste n\u011bkdy v noci proch\u00e1zeli ulicemi Amsterdamu, zn\u00e1te ten pocit. Vzru\u0161en\u00ed ve vzduchu. Pocit, \u017ee se m\u016f\u017ee st\u00e1t cokoliv. Te\u010f si p\u0159edstavte, \u017ee byste tu energii uzav\u0159eli do lahvi\u010dky. Pr\u00e1v\u011b to v\u00e1m <strong>Amsterdam Butanol Poppers 24ml<\/strong> p\u0159in\u00e1\u0161\u00ed do va\u0161eho prostoru.    <\/p>\n<p>Ale bu\u010fme jasn\u00ed \u2013 nejde o p\u0159\u00edjemn\u00e9 osv\u011btlen\u00ed nebo jemnou hudbu. Jde o to <strong>udr\u017eet va\u0161e ko\u017een\u00e9 erotick\u00e9 pom\u016fcky \u010dist\u00e9<\/strong>, aby se nic nedostalo mezi v\u00e1s a divok\u00fd, svobodn\u00fd \u010das, kter\u00fd se chyst\u00e1te pro\u017e\u00edt. <\/p>\n<h3>Osvobo\u010fte v sob\u011b Amsterdam<\/h3>\n<p>Tento \u010disti\u010d nejenom ot\u0159e hra\u010dku \u2013 vy\u010dist\u00ed cestu k jak\u00e9koli fantazii, do kter\u00e9 se chyst\u00e1te pono\u0159it. A\u0165 u\u017e je to s n\u011bk\u00fdm, kdo um\u00ed dr\u017eet v\u00e1\u0161 rytmus, nebo o samot\u011b v noci, kterou nezapomenete, \u010dist\u00e1 k\u016f\u017ee zm\u011bn\u00ed v\u0161echno. Je hlad\u0161\u00ed, sexu\u00e1ln\u011bj\u0161\u00ed a n\u011bjak v\u00edce va\u0161e.  <\/p>\n<p>Nechte svou fantazii voln\u011b b\u011b\u017eet, jako byste tan\u010dili ve sklepn\u00edm klubu v Amsterdamu ve 3 r\u00e1no. Jen te\u010f je tane\u010dn\u00edm parketem v\u00e1\u0161 pokoj na hra\u010dky. A rytmus si ur\u010dujete vy!  <\/p>\n<h2>S\u00edla Amsterdam Butanol Poppers 24ml<\/h2>\n<ul>\n<li><strong>Vzorec:<\/strong> Pentyl Nitrit &amp; Butan-1-ol \u2013 siln\u00fd, rychl\u00fd, hlubok\u00fd<\/li>\n<li><strong>Objem: <\/strong>24ml \u2013 proto\u017ee mal\u00e9 lahvi\u010dky ne v\u017edy sta\u010d\u00ed<\/li>\n<li><strong>S\u00edla:<\/strong> 5\/5 \u2013 v\u00e1\u017en\u00e9 vybaven\u00ed si zaslou\u017e\u00ed v\u00e1\u017enou p\u00e9\u010di<\/li>\n<li><strong>P\u016fvod:<\/strong> Vyrobeno v Lucembursku spole\u010dnost\u00ed <strong>PWD\u00ae Never Fake It<\/strong><\/li>\n<li><strong>\u00da\u010del: <\/strong>Vy\u010dist\u011bte sv\u00e9 hra\u010dky, abyste si mohli hr\u00e1t bez omezen\u00ed<\/li>\n<\/ul>\n<h3>Pro\u010d si vybrat Amsterdam Butanol Poppers 24ml?<\/h3>\n<ul>\n<li><strong>Vysoce \u00fa\u010dinn\u00e9 \u010di\u0161t\u011bn\u00ed <\/strong>\u2013 Vytvo\u0159eno pro rychl\u00e9 odstran\u011bn\u00ed skvrn<\/li>\n<li><strong>Ide\u00e1ln\u00ed pro ko\u017een\u00e9 hra\u010dky<\/strong> \u2013 Zejm\u00e9na ty ur\u010den\u00e9 pro v\u00e1\u017enou hru<\/li>\n<li><strong>\u017d\u00e1dn\u00e9 triky, jen v\u00fdsledky<\/strong> \u2013 C\u00edlen\u00fd vzorec, \u017e\u00e1dn\u00e9 zbyte\u010dn\u00e9 p\u0159\u00edsady<\/li>\n<li><strong>D\u016fv\u011bryhodn\u00e1 zna\u010dka<\/strong> \u2013 Vyrobeno spole\u010dnost\u00ed PWD\u00ae Never Fake It<\/li>\n<li><strong>Evropsk\u00e1 v\u00fdroba<\/strong> \u2013 Vytvo\u0159eno v Lucembursku podle p\u0159\u00edsn\u00fdch sm\u011brnic EU<\/li>\n<\/ul>\n<h3>Jak pou\u017e\u00edvat Amsterdam Butanol Poppers 24ml jako \u010disti\u010d na k\u016f\u017ei<\/h3>\n<ol>\n<li style=\"list-style-type: none;\">\n<ol>\n<li>Nalijte n\u011bkolik kapek na m\u011bkk\u00fd had\u0159\u00edk bez chm\u00fd\u0159\u00ed.<\/li>\n<li>Jemn\u011b t\u0159ete po ko\u017een\u00e9 plo\u0161e \u2013 nejl\u00e9pe pomal\u00fdmi kruhov\u00fdmi pohyby.<\/li>\n<li>Zam\u011b\u0159te se na detaily, zejm\u00e9na \u0161vy a strukturovan\u00e9 oblasti.<\/li>\n<li>Nechte uschnout na vzduchu ve v\u011btran\u00e9 m\u00edstnosti. To je chv\u00edle, kdy se nap\u011bt\u00ed stup\u0148uje. <\/li>\n<li>Ulo\u017ete svou hra\u010dku \u010distou, sv\u011b\u017e\u00ed a p\u0159ipravenou na v\u00e1\u0161 dal\u0161\u00ed \u00fanik. A te\u010f \u2013 kam v\u00e1s ten \u00fanik zavede? <\/li>\n<\/ol>\n<\/li>\n<\/ol>\n<p>Pokud v\u00e1s tato cesta ve stylu Amsterdamu zas\u00e1hla na spr\u00e1vn\u00e9m m\u00edst\u011b, pro\u010d se tady zastavovat? Pokra\u010dujte v dobr\u00fdch vibrac\u00edch s dal\u0161\u00edm obl\u00edbencem od stejn\u00e9 odv\u00e1\u017en\u00e9 zna\u010dky. Doporu\u010dujeme vyzkou\u0161et <a href=\"https:\/\/huskybearpoppers.eu\/product\/amsterdam-black-label-poppers-24ml\/\">Amsterdam Black Label Poppers 24ml <\/a>\u2013 \u010disti\u010d na k\u016f\u017ei se silou 4\/5 vytvo\u0159en\u00fd pro noci, kter\u00e9 tou\u017e\u00ed po tro\u0161e v\u00edce ostrosti.  <\/p>\n","protected":false},"excerpt":{"rendered":"<p><strong>Amsterdam Butanol Poppers 24ml <\/strong>\u2013 to je hork\u00fd l\u00edstek k druhu svobody, kterou c\u00edt\u00edte jen v srdci Amsterdamu.<\/p>\n<p><strong>Napln\u011bn\u00fd Pentyl Nitritem a Butan-1-olem,<\/strong> tento <strong>siln\u00fd vzorec 5\/5<\/strong> je navr\u017een pro ty, kte\u0159\u00ed maj\u00ed r\u00e1di sv\u00e9 hra\u010dky jako nov\u00e9 a sv\u00e9 noci neomezen\u00e9. <strong>Vyrobeno v Lucembursku spole\u010dnost\u00ed PWD\u00ae Never Fake It<\/strong>, tato 24ml lahvi\u010dka poskytuje hlubok\u00e9 \u010di\u0161t\u011bn\u00ed, rychle. Jakmile je va\u0161e hra\u010dka sv\u011b\u017e\u00ed a vyv\u011btran\u00e1, osvobo\u010fte svou divokou str\u00e1nku.  <strong>\u010cist\u00e1 k\u016f\u017ee, \u010dist\u00fd z\u00e1\u017eitek. Ve stylu Amsterdamu. <\/strong><\/p>\n","protected":false},"featured_media":17420,"comment_status":"open","ping_status":"closed","template":"","meta":[],"product_brand":[9780],"product_cat":[1260,1391,9805,1456,10103,10022,10089,10083,1489],"product_tag":[5411,5294,5414,5415,5417,5418,5412,5416,5419,5410,5409,5408,2954,5413],"class_list":{"0":"post-17418","1":"product","2":"type-product","3":"status-publish","4":"has-post-thumbnail","6":"product_brand-amsterdam-poppers","7":"product_cat-poppers-pwd-cs","8":"product_cat-5-5-mimoradne-silny-poppers","9":"product_cat-aq1e-jftn-v001-xca2","10":"product_cat-pentyl-nitrit-poppers","11":"product_cat-poppers-pro-zacatecniky","12":"product_cat-pup-play-poppers","13":"product_cat-poppers-na-vecer-ve-dvou","14":"product_cat-rychle-a-prime-poppers","15":"product_cat-velky-poppers","16":"product_tag-amsterdam-butanol-poppers-24ml-cs","17":"product_tag-amsterdam-poppers-cs","18":"product_tag-evropske-poppers","19":"product_tag-lucemburske-poppers","20":"product_tag-mestske-poppers","21":"product_tag-party-poppers-cs","22":"product_tag-pentyl-nitrit-poppers","23":"product_tag-poppers-lucembursko","24":"product_tag-poppers-na-nocni-zabavu","25":"product_tag-poppers-v-amsterdamu","26":"product_tag-poppers-z-amsterdamu","27":"product_tag-pwd-never-fake-it-cs","28":"product_tag-silny-poppers","29":"product_tag-vyrobeno-v-lucembursku","31":"first","32":"instock","33":"taxable","34":"shipping-taxable","35":"purchasable","36":"product-type-simple"},"_links":{"self":[{"href":"https:\/\/huskybearpoppers.eu\/cs\/wp-json\/wp\/v2\/product\/17418","targetHints":{"allow":["GET"]}}],"collection":[{"href":"https:\/\/huskybearpoppers.eu\/cs\/wp-json\/wp\/v2\/product"}],"about":[{"href":"https:\/\/huskybearpoppers.eu\/cs\/wp-json\/wp\/v2\/types\/product"}],"replies":[{"embeddable":true,"href":"https:\/\/huskybearpoppers.eu\/cs\/wp-json\/wp\/v2\/comments?post=17418"}],"version-history":[{"count":0,"href":"https:\/\/huskybearpoppers.eu\/cs\/wp-json\/wp\/v2\/product\/17418\/revisions"}],"wp:featuredmedia":[{"embeddable":true,"href":"https:\/\/huskybearpoppers.eu\/cs\/wp-json\/wp\/v2\/media\/17420"}],"wp:attachment":[{"href":"https:\/\/huskybearpoppers.eu\/cs\/wp-json\/wp\/v2\/media?parent=17418"}],"wp:term":[{"taxonomy":"product_brand","embeddable":true,"href":"https:\/\/huskybearpoppers.eu\/cs\/wp-json\/wp\/v2\/product_brand?post=17418"},{"taxonomy":"product_cat","embeddable":true,"href":"https:\/\/huskybearpoppers.eu\/cs\/wp-json\/wp\/v2\/product_cat?post=17418"},{"taxonomy":"product_tag","embeddable":true,"href":"https:\/\/huskybearpoppers.eu\/cs\/wp-json\/wp\/v2\/product_tag?post=17418"}],"curies":[{"name":"wp","href":"https:\/\/api.w.org\/{rel}","templated":true}]}}