{"id":17411,"date":"2025-03-29T19:15:06","date_gmt":"2025-03-29T17:15:06","guid":{"rendered":"https:\/\/huskybearpoppers.eu\/product\/poppers-jungle-juice-gold-label-10ml\/"},"modified":"2025-12-02T10:22:02","modified_gmt":"2025-12-02T08:22:02","slug":"poppers-jungle-juice-gold-label-10ml","status":"publish","type":"product","link":"https:\/\/huskybearpoppers.eu\/cs\/produkt\/poppers-jungle-juice-gold-label-10ml\/","title":{"rendered":"Poppers Jungle Juice Gold Label 10ml"},"content":{"rendered":"<h2>Poppers Jungle Juice Gold Label 10ml \u2013 Nejlep\u0161\u00ed \u010disti\u010d k\u016f\u017ee pro erotick\u00e9 pom\u016fcky<\/h2>\n<p><strong>Poppers Jungle Juice Gold Label 10ml <\/strong>je v\u00e1\u0161 nejlep\u0161\u00ed <strong>\u010disti\u010d k\u016f\u017ee pro erotick\u00e9 pom\u016fcky,<\/strong> vytvo\u0159en\u00fd tak, aby <strong>nab\u00eddl \u010dist\u00e9, sv\u011b\u017e\u00ed a vzru\u0161uj\u00edc\u00ed \u010di\u0161t\u011bn\u00ed.<\/strong><\/p>\n<p>Vyrobeno z pr\u00e9miov\u00fdch ingredienc\u00ed, v\u010detn\u011b<strong> amyl nitritu <\/strong>a <strong>methyl-butanolu,<\/strong> tento \u010disti\u010d k\u016f\u017ee zanech\u00e1 va\u0161e erotick\u00e9 pom\u016fcky dokonale \u010dist\u00e9 a p\u0159ipraven\u00e9 pro intenzivn\u00ed hran\u00ed. A\u0165 u\u017e si u\u017e\u00edv\u00e1te sami nebo se sv\u00fdm partnerem, <strong>siln\u00e9 \u00fa\u010dinky tohoto produktu pozvednou v\u00e1\u0161 z\u00e1\u017eitek z \u010di\u0161t\u011bn\u00ed do nov\u00fdch v\u00fd\u0161in.<\/strong> <\/p>\n<p>Po vy\u010di\u0161t\u011bn\u00ed budete p\u0159ipraveni popustit uzdu sv\u00e9 fantazii s va\u0161imi ko\u017een\u00fdmi hra\u010dkami a p\u0159iv\u00e9st k \u017eivotu va\u0161e nejdivo\u010dej\u0161\u00ed fantazie!<\/p>\n<h3>Pro\u010d si vybrat Poppers Jungle Juice Gold Label 10ml?<\/h3>\n<ul>\n<li><strong>Pr\u00e9miov\u00e1 kvalita:<\/strong> Vyrobeno ve Francii z vysoce kvalitn\u00edch ingredienc\u00ed pro vynikaj\u00edc\u00ed \u010distic\u00ed \u00fa\u010dinek.<\/li>\n<li><strong>Intenzivn\u00ed \u00fa\u010dinnost: <\/strong>Rychle odstra\u0148uje skvrny nebo oleje z va\u0161ich ko\u017een\u00fdch hra\u010dek, zanech\u00e1v\u00e1 je sv\u011b\u017e\u00ed a \u010dist\u00e9.<\/li>\n<li><strong>Divok\u00e9 \u010di\u0161t\u011bn\u00ed:<\/strong> Jakmile jsou vy\u010di\u0161t\u011bn\u00e9 a odv\u011btran\u00e9, va\u0161e ko\u017een\u00e9 hra\u010dky budou p\u016fsobit jako nov\u00e9, co\u017e zv\u00fd\u0161\u00ed pot\u011b\u0161en\u00ed, kter\u00e9 sd\u00edl\u00edte se sv\u00fdm partnerem.<\/li>\n<li><strong>Bezpe\u010dn\u00e9 a \u00fa\u010dinn\u00e9:<\/strong> Navr\u017eeno pro snadn\u00e9 pou\u017eit\u00ed, zaji\u0161\u0165uje, \u017ee va\u0161e hra\u010dky jsou p\u0159ipraveny k pou\u017eit\u00ed bez p\u0159etrv\u00e1vaj\u00edc\u00edch pach\u016f nebo skvrn.<\/li>\n<\/ul>\n<h3>Jak pou\u017e\u00edvat Poppers Jungle Juice Gold Label 10ml<\/h3>\n<p>M\u016f\u017eete ho jednodu\u0161e pou\u017e\u00edt tak, \u017ee aplikujete mal\u00e9 mno\u017estv\u00ed na \u010dist\u00fd had\u0159\u00edk nebo ubrousek a jemn\u011b vy\u010dist\u00edte va\u0161e ko\u017een\u00e9 hra\u010dky. Pro nejlep\u0161\u00ed v\u00fdsledky nechte hra\u010dku uschnout a odv\u011btrat p\u0159ed pou\u017eit\u00edm. <\/p>\n<p>Po vy\u010di\u0161t\u011bn\u00ed bude va\u0161e ko\u017een\u00e1 hra\u010dka sv\u011b\u017e\u00ed a p\u0159ipraven\u00e1 zv\u00fd\u0161it va\u0161e pot\u011b\u0161en\u00ed t\u00edm nejz\u00e1\u017eivn\u011bj\u0161\u00edm zp\u016fsobem.<\/p>\n<h2>Pro\u010d je Poppers Jungle Juice Gold Label perfektn\u00ed pro v\u0161echny milovn\u00edky k\u016f\u017ee?<\/h2>\n<p>A\u0165 u\u017e jste nov\u00e1\u010dek v ko\u017een\u00fdch hra\u010dk\u00e1ch nebo zku\u0161en\u00fd nad\u0161enec, Poppers Jungle Juice Gold Label 10ml je navr\u017een tak, aby udr\u017eel va\u0161e hra\u010dky v nejlep\u0161\u00edm stavu, co\u017e v\u00e1m umo\u017en\u00ed si je u\u017e\u00edt naplno. <strong>Siln\u00e1 formule pom\u00e1h\u00e1 udr\u017eovat va\u0161e ko\u017een\u00e9 hra\u010dky tak, aby z\u016fstaly m\u011bkk\u00e9, odoln\u00e9 a \u010dist\u00e9, p\u0159ipraven\u00e9 na nadch\u00e1zej\u00edc\u00ed dobrodru\u017estv\u00ed.<\/strong><\/p>\n<p>Nespokojte se s m\u00e9n\u011bcenn\u00fdm produktem, kdy\u017e jde o \u00fadr\u017ebu va\u0161ich ko\u017een\u00fdch hra\u010dek. Vyberte si <strong>Poppers Jungle Juice Gold Label 10ml<\/strong> pro \u010dist\u0161\u00ed, sv\u011b\u017eej\u0161\u00ed a intenzivn\u011bj\u0161\u00ed z\u00e1\u017eitek poka\u017ed\u00e9, kdy\u017e sv\u00e9 hra\u010dky \u010dist\u00edte. P\u0159ipravte se na to, \u017ee sv\u00e9 hran\u00ed posunete na novou \u00farove\u0148!  <\/p>\n<p><strong>Pokud chcete vyzkou\u0161et n\u011bco je\u0161t\u011b v\u00edce povzn\u00e1\u0161ej\u00edc\u00edho a pokud se chcete c\u00edtit je\u0161t\u011b siln\u011bj\u0161\u00ed p\u0159i \u010di\u0161t\u011bn\u00ed sv\u00fdch hra\u010dek<\/strong>, zkuste:<a href=\"https:\/\/huskybearpoppers.eu\/product\/jungle-juice-black-label-poppers-25ml\/\"> Jungle Juice Black Label Poppers 25ml<\/a> &#8211; Zn\u00e1m\u00fd svou silnou formul\u00ed 5\/5, poskytuje v\u00fdznamn\u00e9 pos\u00edlen\u00ed va\u0161ich \u010distic\u00edch \u00fasil\u00ed, d\u00edky \u010demu\u017e je ka\u017ed\u00e1 relace nezapomenuteln\u00e1!<\/p>\n","protected":false},"excerpt":{"rendered":"<p><strong>Poppers Jungle Juice Gold Label 10ml<\/strong> je pr\u00e9miov\u00fd \u010disti\u010d k\u016f\u017ee pro erotick\u00e9 pom\u016fcky, navr\u017een\u00fd tak, aby poskytl <strong>divok\u00e9,<\/strong> <strong>exotick\u00e9<\/strong> a <strong>sv\u011b\u017e\u00ed \u010di\u0161t\u011bn\u00ed<\/strong>. Perfektn\u00ed pro ko\u017een\u00e9 erotick\u00e9 pom\u016fcky, tento vysoce kvalitn\u00ed \u010disti\u010d zanech\u00e1 va\u0161e hra\u010dky sv\u011b\u017e\u00ed a p\u0159ipraven\u00e9 na divok\u00fd \u010das s va\u0161\u00edm partnerem. <\/p>\n<p>Vyrobeno ve Francii, je to nejlep\u0161\u00ed \u0159e\u0161en\u00ed k zaji\u0161t\u011bn\u00ed toho, aby va\u0161e ko\u017een\u00e9 hra\u010dky z\u016fstaly v nejlep\u0161\u00edm stavu.<\/p>\n<p><strong>Siln\u00e1, rychle p\u016fsob\u00edc\u00ed a \u00fa\u010dinn\u00e1 formule se silou 5\/5 \u2013 Mimo\u0159\u00e1dn\u011b siln\u00fd.<\/strong><\/p>\n","protected":false},"featured_media":17413,"comment_status":"open","ping_status":"closed","template":"","meta":[],"product_brand":[],"product_cat":[1239,1391,1424,10008,10104,10042,10015,1500,10007,10086,10102,9903],"product_tag":[5329,5327,2062,5336,5337,5167,5332,4756,5324,5339,5325,5328,5338,5326,5323,5330,5335,5331,5334,5333],"class_list":{"0":"post-17411","1":"product","2":"type-product","3":"status-publish","4":"has-post-thumbnail","6":"product_cat-poppers-funline-cs","7":"product_cat-5-5-mimoradne-silny-poppers","8":"product_cat-amyl-nitrit-poppers","9":"product_cat-bear-brotherhood-poppers","10":"product_cat-edge-and-hypno-poppers","11":"product_cat-hluboke-a-silne-poppers","12":"product_cat-leather-pride-poppers","13":"product_cat-male-poppers","14":"product_cat-nakupujte-podle-komunity","15":"product_cat-nakupujte-podle-prilezitosti","16":"product_cat-poppers-na-party-klub","17":"product_cat-qjyt-29pr-9003-8akx","18":"product_tag-amyl-nitritove-poppery","19":"product_tag-cistic-kozenych-hracek","20":"product_tag-cistic-kuze-pro-sexualni-hracky","21":"product_tag-divoky-zazitek-s-erotickymi-pomuckami","22":"product_tag-exoticke-cistici-reseni","23":"product_tag-francouzske-poppers","24":"product_tag-funline-cs","25":"product_tag-funline-poppers-cs","26":"product_tag-gold-label-cs","27":"product_tag-intenzivni-cistici-formule","28":"product_tag-jungle-juice-cs","29":"product_tag-jungle-juice-gold-label-cs","30":"product_tag-pece-o-kozene-hracky","31":"product_tag-poppers-jungle-cs","32":"product_tag-poppers-jungle-juice-gold-label-10ml-cs","33":"product_tag-poppery-na-cisteni","34":"product_tag-poppery-pro-kozene-hracky","35":"product_tag-svezi-cistic-kozenych-hracek","36":"product_tag-udrzba-erotickych-pomucek","37":"product_tag-vysoce-kvalitni-poppery","39":"first","40":"instock","41":"taxable","42":"shipping-taxable","43":"purchasable","44":"product-type-simple"},"_links":{"self":[{"href":"https:\/\/huskybearpoppers.eu\/cs\/wp-json\/wp\/v2\/product\/17411","targetHints":{"allow":["GET"]}}],"collection":[{"href":"https:\/\/huskybearpoppers.eu\/cs\/wp-json\/wp\/v2\/product"}],"about":[{"href":"https:\/\/huskybearpoppers.eu\/cs\/wp-json\/wp\/v2\/types\/product"}],"replies":[{"embeddable":true,"href":"https:\/\/huskybearpoppers.eu\/cs\/wp-json\/wp\/v2\/comments?post=17411"}],"version-history":[{"count":0,"href":"https:\/\/huskybearpoppers.eu\/cs\/wp-json\/wp\/v2\/product\/17411\/revisions"}],"wp:featuredmedia":[{"embeddable":true,"href":"https:\/\/huskybearpoppers.eu\/cs\/wp-json\/wp\/v2\/media\/17413"}],"wp:attachment":[{"href":"https:\/\/huskybearpoppers.eu\/cs\/wp-json\/wp\/v2\/media?parent=17411"}],"wp:term":[{"taxonomy":"product_brand","embeddable":true,"href":"https:\/\/huskybearpoppers.eu\/cs\/wp-json\/wp\/v2\/product_brand?post=17411"},{"taxonomy":"product_cat","embeddable":true,"href":"https:\/\/huskybearpoppers.eu\/cs\/wp-json\/wp\/v2\/product_cat?post=17411"},{"taxonomy":"product_tag","embeddable":true,"href":"https:\/\/huskybearpoppers.eu\/cs\/wp-json\/wp\/v2\/product_tag?post=17411"}],"curies":[{"name":"wp","href":"https:\/\/api.w.org\/{rel}","templated":true}]}}