{"id":17381,"date":"2024-06-02T21:37:06","date_gmt":"2024-06-02T19:37:06","guid":{"rendered":"https:\/\/huskybearpoppers.eu\/product\/amsterdam-poppers-24ml-or-25ml\/"},"modified":"2025-12-18T14:33:17","modified_gmt":"2025-12-18T12:33:17","slug":"amsterdam-poppers-24ml-or-25ml","status":"publish","type":"product","link":"https:\/\/huskybearpoppers.eu\/cs\/produkt\/amsterdam-poppers-24ml-or-25ml\/","title":{"rendered":"Amsterdam Poppers 24ml or 25ml"},"content":{"rendered":"<h2>Za\u017eijte \u017divouc\u00ed Podstatu Amsterdam Poppers<\/h2>\n<p>Pono\u0159te se do podstaty Amsterdamu s na\u0161imi exkluzivn\u00edmi Amsterdam Poppers, nab\u00edzen\u00fdmi v lahvi\u010dk\u00e1ch 24ml i 25ml. Vytvo\u0159en\u00e9 tak, aby zachytily \u017eiv\u00fd duch jednoho z nejrozmanit\u011bj\u0161\u00edch m\u011bst Evropy, tyto \u010distic\u00ed prost\u0159edky jsou v\u00edc ne\u017e jen funk\u010dn\u00ed; p\u0159in\u00e1\u0161ej\u00ed n\u00e1dech dobrodru\u017estv\u00ed do ka\u017ed\u00e9ho pou\u017eit\u00ed. <\/p>\n<h2>Dv\u011b Formule, Dvojn\u00e1sobn\u00e9 Mo\u017enosti<\/h2>\n<p>Vyberte si z na\u0161\u00ed siln\u00e9 sm\u011bsi amyl nitritu pro chv\u00edle, kdy sta\u010d\u00ed jen nejsiln\u011bj\u0161\u00ed \u0159e\u0161en\u00ed, nebo se rozhodn\u011bte pro na\u0161i jemn\u011bj\u0161\u00ed propyl variaci pro pravidelnou \u00fadr\u017ebu, kter\u00e1 vy\u017eaduje \u0161etrn\u011bj\u0161\u00ed p\u0159\u00edstup. Ka\u017ed\u00e1 formule je navr\u017eena tak, aby nab\u00eddla v\u00fdjime\u010dnou \u010distic\u00ed s\u00edlu, zachov\u00e1vaj\u00edc\u00ed a vylep\u0161uj\u00edc\u00ed va\u0161e ko\u017een\u00e9 v\u00fdrobky, zat\u00edmco nazna\u010duje vzru\u0161uj\u00edc\u00ed u\u017eit\u00ed amsterdamsk\u00e9ho no\u010dn\u00edho \u017eivota. <\/p>\n<h2>V\u00e1\u0161 Nezbytn\u00fd Spole\u010dn\u00edk Pro Ka\u017edou P\u0159\u00edle\u017eitost<\/h2>\n<p>Amsterdam Poppers jsou perfektn\u00ed pro r\u016fzn\u00e1 prost\u0159ed\u00ed, od \u017eiv\u00fdch spole\u010densk\u00fdch setk\u00e1n\u00ed a\u017e po klidn\u00e9 ve\u010dery doma. Ka\u017ed\u00e1 lahvi\u010dka je branou k vylep\u0161en\u00e9mu z\u00e1\u017eitku, zaji\u0161\u0165uj\u00edc\u00ed, \u017ee o va\u0161e ko\u017een\u00e9 dopl\u0148ky je stylov\u011b postar\u00e1no. S Amsterdam Poppers si nekupujete jen \u010distic\u00ed prost\u0159edek; p\u0159in\u00e1\u0161\u00edte si dom\u016f kousek proslul\u00e9ho liber\u00e1ln\u00edho \u00e9tosu Amsterdamu.  <\/p>\n<h2>Nakupujte Amsterdam Poppers Dnes<\/h2>\n<p>Nyn\u00ed dostupn\u00e9 v Husky Bears Poppers, tyto Amsterdam Poppers p\u0159ich\u00e1zej\u00ed v pohodln\u00fdch velikostech 24ml a 25ml, perfektn\u00edch pro cestov\u00e1n\u00ed nebo dom\u00e1c\u00ed pou\u017eit\u00ed. Nenechte si uj\u00edt p\u0159\u00edle\u017eitost vlastnit univerz\u00e1ln\u00ed \u010distic\u00ed prost\u0159edek, kter\u00fd odr\u00e1\u017e\u00ed vzru\u0161uj\u00edc\u00ed atmosf\u00e9ru Amsterdamu. Objednejte nyn\u00ed a za\u017eijte pr\u00e9miovou kvalitu a vzru\u0161uj\u00edc\u00ed ducha Amsterdam Poppers.  <\/p>\n<h3>Jak Pou\u017e\u00edvat Amsterdam Poppers:<\/h3>\n<p><strong>1. P\u0159ed Pou\u017eit\u00edm Prot\u0159epejte &#8211; <\/strong>Jemn\u011b prot\u0159epejte lahvi\u010dku, aby se obsah d\u016fkladn\u011b prom\u00edchal.<\/p>\n<p><strong>2. Odstra\u0148te Uz\u00e1v\u011br &#8211;<\/strong> opatrn\u011b od\u0161roubujte nebo sejm\u011bte uz\u00e1v\u011br z l\u00e1hve.<\/p>\n<p><strong>3. Pou\u017eit\u00ed &#8211;<\/strong> Otev\u0159ete lahvi\u010dku a pou\u017eijte p\u0159\u00edpravek podle pot\u0159eby p\u0159i \u010di\u0161t\u011bn\u00ed nebo \u00fadr\u017eb\u011b.<\/p>\n<h3>Bezpe\u010dnostn\u00ed Pokyny<\/h3>\n<p><strong>Specifick\u00e9 Pou\u017eit\u00ed &#8211; <\/strong>Tento v\u00fdrobek je ur\u010den speci\u00e1ln\u011b pro p\u00e9\u010di a \u00fadr\u017ebu ko\u017een\u00fdch p\u0159edm\u011bt\u016f.<\/p>\n<p><strong>Rady Pro Skladov\u00e1n\u00ed &#8211; <\/strong>Pro zachov\u00e1n\u00ed kvality skladujte lahvi\u010dku na chladn\u00e9m a such\u00e9m m\u00edst\u011b, mimo dosah p\u0159\u00edm\u00e9ho slune\u010dn\u00edho z\u00e1\u0159en\u00ed.<\/p>\n<p><strong>Bezpe\u010dnostn\u00ed Opat\u0159en\u00ed:<\/strong><\/p>\n<ul>\n<li>Uchov\u00e1vejte mimo dosah d\u011bt\u00ed a dom\u00e1c\u00edch zv\u00ed\u0159at.<\/li>\n<li>Obsah nepoz\u0159ete a nedovolte, aby se dostal do p\u0159\u00edm\u00e9ho kontaktu s poko\u017ekou.<\/li>\n<li>V\u00fdrobek pou\u017e\u00edvejte v dob\u0159e v\u011btran\u00e9m prostoru.<\/li>\n<\/ul>\n<p><strong>Postupujte Podle Pokyn\u016f<\/strong> \u2013 Pou\u017e\u00edvejte v\u00fdrobek zodpov\u011bdn\u011b a v\u017edy dodr\u017eujte pokyny uveden\u00e9 na lahvi\u010dce.<\/p>\n<p>Pokud jsou Amsterdam Poppers 24ml nebo 25ml va\u0161\u00ed volbou, <strong><a href=\"https:\/\/huskybearpoppers.eu\/cs\/produkt\/amyl-poppers-10ml\/\">Amyl Poppers 10ml <\/a><\/strong>a <strong><a href=\"https:\/\/huskybearpoppers.eu\/cs\/produkt\/poppers-gold-rush-10ml\/\">Poppers Gold Rush 10ml<\/a><\/strong> nab\u00edzej\u00ed rozmanit\u00fd z\u00e1\u017eitek.<\/p>\n","protected":false},"excerpt":{"rendered":"<p>Objevte \u017eivouc\u00ed podstatu Amsterdam Poppers, dostupn\u00fdch ve velikostech 24ml a 25ml. A\u0165 u\u017e si vyberete <strong>intenzivn\u00ed amyl <\/strong>nebo<strong> jemn\u011bj\u0161\u00ed propyl nitrit formuli,<\/strong> tento \u010distic\u00ed prost\u0159edek na k\u016f\u017ei nab\u00edz\u00ed robustn\u00ed \u00fa\u010dinnost pro v\u0161echny va\u0161e pot\u0159eby \u00fadr\u017eby. <\/p>\n<p>Ide\u00e1ln\u00ed pro ka\u017ed\u00e9ho, kdo hled\u00e1 spolehliv\u00e9 \u0159e\u0161en\u00ed, kter\u00e9 udr\u017e\u00ed jejich ko\u017een\u00e9 p\u0159edm\u011bty v dokonal\u00e9m stavu a z\u00e1rove\u0148 nab\u00edz\u00ed v\u016fni amsterdamsk\u00e9 proslul\u00e9 svobody a vzru\u0161en\u00ed.<\/p>\n","protected":false},"featured_media":17386,"comment_status":"open","ping_status":"closed","template":"","meta":[],"product_brand":[],"product_cat":[1380,1424,10008,10104,10042,10015,10007,10086,10035,9826,1239,10102,1260,1467,10022,9903,10089,1489],"product_tag":[5294,5296,5297,5298,5295],"class_list":{"0":"post-17381","1":"product","2":"type-product","3":"status-publish","4":"has-post-thumbnail","6":"product_cat-4-5-velmi-silny-poppers","7":"product_cat-amyl-nitrit-poppers","8":"product_cat-bear-brotherhood-poppers","9":"product_cat-edge-and-hypno-poppers","10":"product_cat-hluboke-a-silne-poppers","11":"product_cat-leather-pride-poppers","12":"product_cat-nakupujte-podle-komunity","13":"product_cat-nakupujte-podle-prilezitosti","14":"product_cat-nakupujte-podle-zazitku","15":"product_cat-pgq5-q88v-w00q-erxd","16":"product_cat-poppers-funline-cs","17":"product_cat-poppers-na-party-klub","18":"product_cat-poppers-pwd-cs","19":"product_cat-propyl-nitrite-poppers-cs","20":"product_cat-pup-play-poppers","21":"product_cat-qjyt-29pr-9003-8akx","22":"product_cat-poppers-na-vecer-ve-dvou","23":"product_cat-velky-poppers","24":"product_tag-amsterdam-poppers-cs","25":"product_tag-poppers-amsterdam-cs","26":"product_tag-poppers-amsterdam-24ml-cs","27":"product_tag-poppers-amsterdam-25ml-cs","28":"product_tag-velke-amsterdam-poppers","30":"first","31":"instock","32":"taxable","33":"shipping-taxable","34":"purchasable","35":"product-type-variable"},"_links":{"self":[{"href":"https:\/\/huskybearpoppers.eu\/cs\/wp-json\/wp\/v2\/product\/17381","targetHints":{"allow":["GET"]}}],"collection":[{"href":"https:\/\/huskybearpoppers.eu\/cs\/wp-json\/wp\/v2\/product"}],"about":[{"href":"https:\/\/huskybearpoppers.eu\/cs\/wp-json\/wp\/v2\/types\/product"}],"replies":[{"embeddable":true,"href":"https:\/\/huskybearpoppers.eu\/cs\/wp-json\/wp\/v2\/comments?post=17381"}],"version-history":[{"count":0,"href":"https:\/\/huskybearpoppers.eu\/cs\/wp-json\/wp\/v2\/product\/17381\/revisions"}],"wp:featuredmedia":[{"embeddable":true,"href":"https:\/\/huskybearpoppers.eu\/cs\/wp-json\/wp\/v2\/media\/17386"}],"wp:attachment":[{"href":"https:\/\/huskybearpoppers.eu\/cs\/wp-json\/wp\/v2\/media?parent=17381"}],"wp:term":[{"taxonomy":"product_brand","embeddable":true,"href":"https:\/\/huskybearpoppers.eu\/cs\/wp-json\/wp\/v2\/product_brand?post=17381"},{"taxonomy":"product_cat","embeddable":true,"href":"https:\/\/huskybearpoppers.eu\/cs\/wp-json\/wp\/v2\/product_cat?post=17381"},{"taxonomy":"product_tag","embeddable":true,"href":"https:\/\/huskybearpoppers.eu\/cs\/wp-json\/wp\/v2\/product_tag?post=17381"}],"curies":[{"name":"wp","href":"https:\/\/api.w.org\/{rel}","templated":true}]}}