{"id":17371,"date":"2024-03-21T19:01:02","date_gmt":"2024-03-21T17:01:02","guid":{"rendered":"https:\/\/huskybearpoppers.eu\/product\/pamitex-lubrikant-na-vodni-bazi-100-ml\/"},"modified":"2025-12-06T10:28:14","modified_gmt":"2025-12-06T08:28:14","slug":"pamitex-lubrikant-na-vodni-bazi-100-ml","status":"publish","type":"product","link":"https:\/\/huskybearpoppers.eu\/cs\/produkt\/pamitex-lubrikant-na-vodni-bazi-100-ml\/","title":{"rendered":"Pamitex Lubrikant na vodn\u00ed b\u00e1zi 100 ml"},"content":{"rendered":"<h2><strong>Pamitex Lubrikant na vodn\u00ed b\u00e1zi 100 ml \u2013 Maxim\u00e1ln\u00ed pohodl\u00ed a pot\u011b\u0161en\u00ed<\/strong><\/h2>\n<p>Kdy\u017e v\u00e1s ovl\u00e1dne v\u00e1\u0161e\u0148, zaslou\u017e\u00edte si lubrikant, kter\u00fd vylep\u0161\u00ed v\u00e1\u0161 z\u00e1\u017eitek bez rozptylov\u00e1n\u00ed. <strong>Pamitex Lubrikant na vodn\u00ed b\u00e1zi<\/strong> je navr\u017een pro hedv\u00e1bn\u011b <strong>hladk\u00e9 klouz\u00e1n\u00ed zaji\u0161\u0165uj\u00edc\u00ed<\/strong> p\u0159irozen\u00e9 pot\u011b\u0161en\u00ed a snadn\u00e9 pohodl\u00ed. A\u0165 u\u017e si dop\u0159\u00e1v\u00e1te s\u00f3lovou hru nebo sd\u00edl\u00edte intimn\u00ed chv\u00edle se sv\u00fdm partnerem, tento lubrikant zajist\u00ed, \u017ee se budete c\u00edtit skv\u011ble p\u0159i ka\u017ed\u00e9m dotyku, ka\u017ed\u00e9m pohybu, ka\u017ed\u00e9 vte\u0159in\u011b. Je to nejlep\u0161\u00ed spole\u010dn\u00edk pro va\u0161e nejv\u00e1\u0161niv\u011bj\u0161\u00ed okam\u017eiky.  <\/p>\n<h3><strong>Pro\u010d pou\u017e\u00edvat <\/strong><strong>Pamitex Lubrikant na vodn\u00ed b\u00e1zi<\/strong><strong>?<\/strong><\/h3>\n<p><strong>Lubrika\u010dn\u00ed gely jsou revoluc\u00ed pro vylep\u0161en\u00ed va\u0161ich intimn\u00edch chvil.<\/strong> <strong>Sni\u017euj\u00ed t\u0159en\u00ed, co\u017e zvy\u0161uje sexu\u00e1ln\u00ed pot\u011b\u0161en\u00ed a pohodl\u00ed. <\/strong>Pokud jste n\u011bkdy m\u011bli tu nep\u0159\u00edjemnou zku\u0161enost, \u017ee t\u0159en\u00ed p\u0159eru\u0161ilo v\u00e1\u0161 tok, v\u00edte, jak moc to m\u016f\u017ee ovlivnit v\u00e1\u0161 po\u017eitek. Pamitex Lubrikant na vodn\u00ed b\u00e1zi je zde, aby tento probl\u00e9m eliminoval a poskytl hladk\u00e9, nep\u0159eru\u0161ovan\u00e9 pot\u011b\u0161en\u00ed. Tak\u00e9 sni\u017euje riziko pohlavn\u011b p\u0159enosn\u00fdch infekc\u00ed t\u00edm, \u017ee zaji\u0161\u0165uje, aby kondom fungoval nejl\u00e9pe, a zlep\u0161uje \u00fa\u010dinnost kondomu prevenc\u00ed roztr\u017een\u00ed.    <\/p>\n<p><strong>Nejlep\u0161\u00ed na tom?<\/strong> Tento lubrikant lze tak\u00e9 bezpe\u010dn\u011b pou\u017e\u00edvat s <strong>vibr\u00e1tory a dal\u0161\u00edmi sexu\u00e1ln\u00edmi pom\u016fckami,<\/strong> co\u017e v\u00e1m d\u00e1v\u00e1 <strong>nekone\u010dn\u00e9 mo\u017enosti objevovat nov\u00e9 v\u00fd\u0161iny pot\u011b\u0161en\u00ed.<\/strong><\/p>\n<h2><strong>Pro\u010d si vybrat lubrikant na vodn\u00ed b\u00e1zi?<\/strong><\/h2>\n<p>Pokud jde o lubrikaci, vodn\u00ed b\u00e1ze je<strong> \u010dasto nejpreferovan\u011bj\u0161\u00ed volbou. <\/strong>Pro\u010d? Proto\u017ee<g id=\"gid_1\"> nen\u00ed lepiv\u00fd<\/g> a snadno se sm\u00fdv\u00e1, nezanech\u00e1v\u00e1 \u017e\u00e1dn\u00e9 zbytky. <g id=\"gid_2\">Je tak\u00e9 bezpe\u010dn\u00fd pro t\u011blo a pH vyv\u00e1\u017een\u00fd,<\/g> co\u017e ho \u010din\u00ed jemn\u00fdm na va\u0161\u00ed poko\u017ece a respektuje va\u0161i intimn\u00ed rovnov\u00e1hu.<strong> D\u00edky sv\u00e9 v\u0161estrann\u00e9 pou\u017eitelnosti<\/strong> je perfektn\u00ed pro vagin\u00e1ln\u00ed, or\u00e1ln\u00ed a an\u00e1ln\u00ed hru. <strong>A\u0165 u\u017e se pou\u0161t\u00edte do pr\u00e1ce nebo ko\u0159en\u00ed v\u011bci, Pamitex Lubrikant na vodn\u00ed b\u00e1zi v\u00e1s podpo\u0159\u00ed.<\/strong>    <\/p>\n<p>Nejen \u017ee poskytuje<strong> dlouhotrvaj\u00edc\u00ed hydrataci, <\/strong>kter\u00e1 pom\u00e1h\u00e1 sni\u017eovat suchost a zvy\u0161uje pohodl\u00ed, ale je tak\u00e9 <strong>bez z\u00e1pachu a bez p\u0159\u00edchuti<\/strong>, tak\u017ee si m\u016f\u017eete vychutnat z\u00e1\u017eitek bez rozptylov\u00e1n\u00ed, kter\u00fd se zam\u011b\u0159uje \u010dist\u011b na pot\u011b\u0161en\u00ed. Lehk\u00e1 gelov\u00e1 textura lubrikantu zaji\u0161\u0165uje snadnou aplikaci a d\u00e1v\u00e1 p\u0159irozen\u011b hladk\u00fd pocit, tak\u017ee si nemus\u00edte d\u011blat starosti s nep\u0159\u00edjemnou lepivost\u00ed nebo p\u0159ebyte\u010dn\u00fdmi zbytky. Jste jen vy a v\u00e1\u0161 partner, s perfektn\u00edm klouz\u00e1n\u00edm pro udr\u017een\u00ed stoupaj\u00edc\u00ed v\u00e1\u0161n\u011b.  <\/p>\n<h3><strong>Snadn\u00e9 pot\u011b\u0161en\u00ed kdykoli<\/strong><\/h3>\n<p>A\u0165 u\u017e si u\u017e\u00edv\u00e1te s\u00f3lov\u00e9 chv\u00edle nebo zkoum\u00e1te se partnerem, Pamitex Lubrikant na vodn\u00ed b\u00e1zi poskytuje perfektn\u00ed klouz\u00e1n\u00ed pro vylep\u0161en\u00e9 pot\u011b\u0161en\u00ed.<\/p>\n<p>Je hladk\u00fd, hedv\u00e1bn\u00fd a zp\u016fsobuje, \u017ee se v\u0161e c\u00edt\u00ed jako snadn\u00e1 cesta k pot\u011b\u0161en\u00ed. Snadn\u00e1 aplikace zaji\u0161\u0165uje, \u017ee se m\u016f\u017eete zcela soust\u0159edit na okam\u017eik bez jak\u00fdchkoli rozpt\u00fdlen\u00ed. Jen p\u00e1r kapek a jste p\u0159ipraveni \u2013 a\u0165 u\u017e experimentujete s nov\u00fdmi hra\u010dkami, zkoum\u00e1te r\u016fzn\u00e9 pozice nebo si jen dop\u0159\u00e1v\u00e1te extra pohodl\u00ed. Pamitex zaji\u0161\u0165uje, \u017ee m\u00e1te pocit, jako byste se sklouz\u00e1vali do zcela nov\u00e9 \u00farovn\u011b intimity.   <\/p>\n<h3><strong>Pamitex Lubrikant na vodn\u00ed b\u00e1zi v\u00e1m poskytne bezpe\u010dnost a kompatibilitu<\/strong><\/h3>\n<p>Pokud jde o intimn\u00ed hru, bezpe\u010dnost nen\u00ed p\u0159edm\u011btem vyjedn\u00e1v\u00e1n\u00ed. <strong>Pamitex Lubrikant na vodn\u00ed b\u00e1zi <\/strong>je p\u0159\u00e1telsk\u00fd ke kondom\u016fm a hra\u010dk\u00e1m, funguje perfektn\u011b s latexov\u00fdmi kondomy a v\u0161emi typy sexu\u00e1ln\u00edch pom\u016fcek. To znamen\u00e1, \u017ee se nemus\u00edte starat o kompatibilitu \u2013 <strong>jednodu\u0161e vezm\u011bte sv\u00e9 obl\u00edben\u00e9 hra\u010dky<\/strong> nebo kondomy a m\u016f\u017eete za\u010d\u00edt. Nav\u00edc se neuv\u011b\u0159iteln\u011b snadno \u010dist\u00ed. Vzorec rozpustn\u00fd ve vod\u011b se snadno oplachuje, nezanech\u00e1v\u00e1 lepiv\u00e9 zbytky, tak\u017ee se m\u016f\u017eete uvolnit a u\u017e\u00edvat si bez dal\u0161\u00edho p\u0159em\u00fd\u0161len\u00ed.  <\/p>\n<p>Je\u0161t\u011b lep\u0161\u00ed je, \u017ee Pamitex Lubrikant na vodn\u00ed b\u00e1zi neobsahuje drsn\u00e9 p\u0159\u00edsady jako parabeny, glycerin a um\u011bl\u00e9 v\u016fn\u011b, co\u017e zaji\u0161\u0165uje, \u017ee se va\u0161\u00ed poko\u017eky dotkne pouze \u010dist\u00e9 pot\u011b\u0161en\u00ed. To znamen\u00e1, \u017ee a\u0165 u\u017e se zab\u00fdv\u00e1te dlouh\u00fdmi sezen\u00edmi nebo jen n\u011bjak\u00fdmi rychl\u00fdmi okam\u017eiky intimity, m\u016f\u017eete v\u017edy v\u011b\u0159it Pamitexu, \u017ee poskytne perfektn\u00ed, bezpe\u010dn\u00e9 klouz\u00e1n\u00ed. <\/p>\n<p>Intimita by m\u011bla b\u00fdt v\u017edy p\u0159\u00edjemn\u00fdm a bezstarostn\u00fdm z\u00e1\u017eitkem a lubrika\u010dn\u00ed gely na vodn\u00ed b\u00e1zi jsou perfektn\u00ed volbou pro zaji\u0161t\u011bn\u00ed toho. Na rozd\u00edl od silikonov\u00fdch nebo olejov\u00fdch produkt\u016f poskytuj\u00ed lubrika\u010dn\u00ed gely na vodn\u00ed b\u00e1zi hladk\u00fd a p\u0159irozen\u00fd pocit, kter\u00fd v\u00e1s nenech\u00e1 po sob\u011b c\u00edtit lepkav\u011b. Nejen \u017ee zp\u0159\u00edjem\u0148uj\u00ed \u010das v posteli, ale d\u00edky sv\u00fdm p\u0159idan\u00fdm hydrata\u010dn\u00edm p\u0159\u00ednos\u016fm v\u00e1m za to bude va\u0161e poko\u017eka tak\u00e9 vd\u011b\u010dn\u00e1!  <\/p>\n<p>Tak\u017ee a\u017e si p\u0159\u00ed\u0161t\u011b budete cht\u00edt u\u017e\u00edt intimnost se sv\u00fdm partnerem, zva\u017ete volbu Pamitex Lubrikantu na vodn\u00ed b\u00e1zi \u2013 ur\u010dit\u011b vylep\u0161\u00ed z\u00e1\u017eitek.<strong> A pro je\u0161t\u011b lep\u0161\u00ed z\u00e1\u017eitek doporu\u010dujeme vyzkou\u0161et n\u00e1\u0161 lubrikant s n\u011bkter\u00fdmi speci\u00e1ln\u00edmi kondomy pro p\u0159idan\u00e9 pot\u011b\u0161en\u00ed a ochranu:<\/strong> <\/p>\n<ul>\n<li><a href=\"https:\/\/huskybearpoppers.eu\/product\/pamitex-super-red-condoms-144-pack\/\" target=\"_blank\" rel=\"noopener\">Pamitex Super Red Kondomy \u2013 balen\u00ed 144 ks<\/a><\/li>\n<li><a href=\"https:\/\/huskybearpoppers.eu\/cs\/produkt\/pamitex-ovocne-kondomy-s-prichuti-baleni-144-ks\/\" target=\"_blank\" rel=\"noopener\">Pamitex Ovocn\u00e9 kondomy s p\u0159\u00edchut\u00ed \u2013 balen\u00ed 144 ks<\/a><\/li>\n<li><a href=\"https:\/\/huskybearpoppers.eu\/cs\/produkt\/pamitex-bananove-kondomy-s-prichuti-baleni-144-kusu\/\" target=\"_blank\" rel=\"noopener\">Pamitex Ban\u00e1nov\u00e9 kondomy s p\u0159\u00edchut\u00ed \u2013 balen\u00ed 144 ks<\/a><\/li>\n<\/ul>\n","protected":false},"excerpt":{"rendered":"<p data-pm-slice=\"1 1 []\">Osvobo\u010fte sv\u00e9 nejdivo\u010dej\u0161\u00ed sny s <strong>Pamitex Lubrikantem na vodn\u00ed b\u00e1zi.<\/strong><\/p>\n<p data-pm-slice=\"1 1 []\"><strong>Tento nelepiv\u00fd, bez z\u00e1pachu a bez p\u0159\u00edchuti lubrikant zvy\u0161uje pot\u011b\u0161en\u00ed<\/strong> p\u0159i zaji\u0161t\u011bn\u00ed maxim\u00e1ln\u00edho pohodl\u00ed.<\/p>\n<p data-pm-slice=\"1 1 []\"><strong>Perfektn\u00ed pro vagin\u00e1ln\u00ed, or\u00e1ln\u00ed a an\u00e1ln\u00ed hru,<\/strong> udr\u017euje ka\u017ed\u00fd intimn\u00ed okam\u017eik hladk\u00fd a smysln\u00fd.<\/p>\n","protected":false},"featured_media":17373,"comment_status":"open","ping_status":"closed","template":"","meta":[],"product_brand":[],"product_cat":[9878,8584],"product_tag":[5269,5264,5266,5261,5267,5260,5275,5274,5257,5270,5259,5258,5273,5262,5265,5263,5272,5268,5271],"class_list":{"0":"post-17371","1":"product","2":"type-product","3":"status-publish","4":"has-post-thumbnail","6":"product_cat-lubrikacni-gely","7":"product_cat-lubrikant-kondomy-a-dalsi","8":"product_tag-bez-vune","9":"product_tag-bezpecny-lubrikant","10":"product_tag-hedvabny-pocit","11":"product_tag-hladka-hra","12":"product_tag-hra-pro-pary","13":"product_tag-intimni-pece","14":"product_tag-klasicky-lubrikant","15":"product_tag-lubrikant","16":"product_tag-lubrikant-na-vodni-bazi","17":"product_tag-nelepivy","18":"product_tag-osobni-lubrikant","19":"product_tag-pamitex-lubrikant","20":"product_tag-pamitex-lubrikant-na-vodni-bazi","21":"product_tag-ph-vyvazeny","22":"product_tag-pohodlna-intimita","23":"product_tag-pratelsky-k-hrackam","24":"product_tag-snadne-myti","25":"product_tag-solove-poteseni","26":"product_tag-uleva-od-vaginalni-suchosti","28":"first","29":"instock","30":"sale","31":"taxable","32":"shipping-taxable","33":"purchasable","34":"product-type-simple"},"_links":{"self":[{"href":"https:\/\/huskybearpoppers.eu\/cs\/wp-json\/wp\/v2\/product\/17371","targetHints":{"allow":["GET"]}}],"collection":[{"href":"https:\/\/huskybearpoppers.eu\/cs\/wp-json\/wp\/v2\/product"}],"about":[{"href":"https:\/\/huskybearpoppers.eu\/cs\/wp-json\/wp\/v2\/types\/product"}],"replies":[{"embeddable":true,"href":"https:\/\/huskybearpoppers.eu\/cs\/wp-json\/wp\/v2\/comments?post=17371"}],"version-history":[{"count":0,"href":"https:\/\/huskybearpoppers.eu\/cs\/wp-json\/wp\/v2\/product\/17371\/revisions"}],"wp:featuredmedia":[{"embeddable":true,"href":"https:\/\/huskybearpoppers.eu\/cs\/wp-json\/wp\/v2\/media\/17373"}],"wp:attachment":[{"href":"https:\/\/huskybearpoppers.eu\/cs\/wp-json\/wp\/v2\/media?parent=17371"}],"wp:term":[{"taxonomy":"product_brand","embeddable":true,"href":"https:\/\/huskybearpoppers.eu\/cs\/wp-json\/wp\/v2\/product_brand?post=17371"},{"taxonomy":"product_cat","embeddable":true,"href":"https:\/\/huskybearpoppers.eu\/cs\/wp-json\/wp\/v2\/product_cat?post=17371"},{"taxonomy":"product_tag","embeddable":true,"href":"https:\/\/huskybearpoppers.eu\/cs\/wp-json\/wp\/v2\/product_tag?post=17371"}],"curies":[{"name":"wp","href":"https:\/\/api.w.org\/{rel}","templated":true}]}}