{"id":17099,"date":"2025-04-30T22:41:29","date_gmt":"2025-04-30T20:41:29","guid":{"rendered":"https:\/\/huskybearpoppers.eu\/product\/gay-secret-poppers-25ml-2\/"},"modified":"2025-12-02T10:22:16","modified_gmt":"2025-12-02T08:22:16","slug":"gay-secret-poppers-25ml-2","status":"publish","type":"product","link":"https:\/\/huskybearpoppers.eu\/cs\/produkt\/gay-secret-poppers-25ml-2\/","title":{"rendered":"Gay Secret Poppers 25ml"},"content":{"rendered":"<h2>Hrd\u00fd. Intenzivn\u00ed. Svobodn\u00fd. To je Gay Secret Poppers 25ml!   <\/h2>\n<p>Bu\u010fme up\u0159\u00edmn\u00ed. Ka\u017ed\u00e9 queer srdce m\u00e1 tajemstv\u00ed. Touhu. Zv\u011bdavost. Okam\u017eik, kdy mot\u00fdli v \u017ealudku p\u0159evezmou kontrolu a sv\u011bt se rozplyne v barvy, zvuky a \u017e\u00e1r. <strong>Gay Secret Poppers 25ml<\/strong> je vyroben\u00fd p\u0159esn\u011b pro tento okam\u017eik. Nen\u00ed to jen \u010disti\u010d,      <strong>je to prohl\u00e1\u0161en\u00ed. Oslava. P\u0159ed\u00e1n\u00ed se svobod\u011b.  <\/strong><\/p>\n<p><strong>Vyroben\u00fd ve Francii<\/strong> spole\u010dnost\u00ed <strong>Funline,<\/strong> tento 25ml \u010disti\u010d na k\u016f\u017ei obsahuje silnou sm\u011bs <strong>Amyl Nitritu<\/strong> a <strong>MethylButanolu<\/strong>, hodnocenou na <strong>5\/5 intenzity. <\/strong>To znamen\u00e1, \u017ee ne\u0161ept\u00e1. \u0158ve. Od prvn\u00ed v\u016fn\u011b a\u017e po posledn\u00ed z\u00e1chv\u011bv, Gay Secret Poppers \u010dist\u00ed hluboko, rychle a tvrd\u011b. P\u0159esn\u011b tak, jak to m\u00e1te r\u00e1di!    <\/p>\n<h3>Chcete zn\u00e1t Tajemstv\u00ed Za touto lahv\u00ed?<\/h3>\n<p>A\u0165 u\u017e je to v\u00e1\u0161 prvn\u00ed pride nebo v\u00e1\u0161 p\u00e1t\u00fd herna, zn\u00e1te ten pocit: hudba bouch\u00e1, rty se dot\u00fdkaj\u00ed, ruce sv\u00edraj\u00ed&#8230; a pak se v\u0161echno zpomal\u00ed. Va\u0161e t\u011blo reaguje, mraz\u00ed, pulzuje. S <strong>Gay Secret Poppers<\/strong> se tento okam\u017eik stane elektrick\u00fdm! \u010cisti\u010d osv\u011b\u017euje va\u0161e smysly, zat\u00edmco p\u0159ipravujete svou obl\u00edbenou ko\u017eenou hra\u010dku, vytv\u00e1\u0159\u00edte sc\u00e9nu pro \u010dist\u00e9, nespoutan\u00e9 spojen\u00ed a \u010di\u0161t\u011bn\u00ed. <\/p>\n<p>Je to jiskra v jejich o\u010d\u00edch, nap\u011bt\u00ed ve va\u0161em stisku, vesm\u00edr se zu\u017euje jen na dv\u011b t\u011bla a jeden rytmus. A kdy\u017e je po v\u0161em, nec\u00edt\u00edte se jen vysoce. C\u00edt\u00edte se vid\u011bni p\u0159i \u010di\u0161t\u011bn\u00ed jedn\u00e9 ze sv\u00fdch obl\u00edben\u00fdch hra\u010dek.  <\/p>\n<h3> Pro\u010d si Gay Secret Poppers zamilujete?<\/h3>\n<p>Proto\u017ee Gay Secret Poppers nen\u00ed jen o intenzit\u011b; je o autenticit\u011b, oslav\u011b a svobod\u011b b\u00fdt neomluviteln\u011b sami sebou. <strong>Proto\u017ee ka\u017ed\u00fd milostn\u00fd p\u0159\u00edb\u011bh si zaslou\u017e\u00ed sv\u016fj vlastn\u00ed soundtrack a ka\u017ed\u00fd okam\u017eik v\u00e1\u0161n\u011b sv\u016fj vlastn\u00ed odst\u00edn.<\/strong> Tak\u017ee se pono\u0159te do sv\u011bta, kde rozko\u0161 nezn\u00e1 hranice a ka\u017ed\u00e1 zku\u0161enost je malov\u00e1na barvami hrdosti.<\/p>\n<ul>\n<li><strong>Mimo\u0159\u00e1dn\u011b siln\u00e1 formule<\/strong> pro odv\u00e1\u017en\u00e9 chv\u00edle<\/li>\n<li><strong>Vyroben\u00fd pro queery, spojence, milence a rebely<\/strong><\/li>\n<li><strong>Perfektn\u00ed pro pride hry, ko\u017een\u00e9 noci nebo prvn\u00ed rande<\/strong><\/li>\n<li><strong>Vyroben\u00fd ve Francii <\/strong>s pr\u00e9miov\u00fdmi nitrity a bez symbolu lebky<\/li>\n<\/ul>\n<h3>Jak pou\u017e\u00edvat:<\/h3>\n<p>Naneste mal\u00e9 mno\u017estv\u00ed na m\u011bkk\u00fd had\u0159\u00edk. Jemn\u011b vy\u010dist\u011bte a osv\u011b\u017ete sv\u00e9 ko\u017een\u00e9 hra\u010dky. V\u017edy nechte vyschnout na vzduchu v dob\u0159e v\u011btran\u00e9 oblasti. Pouze k vn\u011bj\u0161\u00edmu pou\u017eit\u00ed. Skladujte na chladn\u00e9m m\u00edst\u011b, mimo p\u0159\u00edm\u00e9 slune\u010dn\u00ed sv\u011btlo.    <\/p>\n<p>V \u0159\u00ed\u0161i, kde ka\u017ed\u00fd odst\u00edn vypr\u00e1v\u00ed p\u0159\u00edb\u011bh, <strong>Gay Secret Poppers 25ml<\/strong> stoj\u00ed jako maj\u00e1k osvobozen\u00ed a radosti. Vyroben\u00fd pro ty, kte\u0159\u00ed se odva\u017euj\u00ed p\u0159ijmout sv\u00e9 prav\u00e9 barvy, tato siln\u00e1 sm\u011bs je v\u00edce ne\u017e jen \u010disti\u010d na k\u016f\u017ei\u2014je to oslava identity, v\u00e1\u0161n\u011b a nevysloven\u00fdch spojen\u00ed, kter\u00e1 n\u00e1s spojuj\u00ed. <\/p>\n<p>Prosycen\u00fd silnou esenc\u00ed <strong><em>Amyl Nitritu<\/em><\/strong>, ka\u017ed\u00fd vdech p\u0159in\u00e1\u0161\u00ed kask\u00e1du pocit\u016f\u2014teplo, povznesen\u00ed a hlubok\u00fd pocit jednoty. A\u0165 u\u017e tan\u010d\u00edte pod hv\u011bzdnou oblohou nebo sd\u00edl\u00edte intimn\u00ed okam\u017eik, Gay Secret Poppers zesiluje z\u00e1\u017eitek, p\u0159em\u011b\u0148uje oby\u010dejn\u00e9 v mimo\u0159\u00e1dn\u00e9. <\/p>\n<p><strong>Nechte \u017eivou energii duhy, aby v\u00e1s vedla.<\/strong> P\u0159ijm\u011bte mot\u00fdly v \u017ealudku, jiskru v o\u010d\u00edch a rytmus ve sv\u00e9m srdci. S Gay Secret Poppers se ka\u017ed\u00fd okam\u017eik stane oslavou v\u00e1s. <\/p>\n<p>Pokud v\u00e1s okouzluje p\u016fvab Gay Secret Poppers, objevte dal\u0161\u00ed vzru\u0161uj\u00edc\u00ed mo\u017enosti:<\/p>\n<ul>\n<li><a href=\"https:\/\/huskybearpoppers.eu\/cs\/produkt\/slave-poppers-25ml\/\">Slave Poppers 25ml <\/a>\u2013 P\u0159ijm\u011bte hlubiny touhy.<\/li>\n<li><a href=\"https:\/\/huskybearpoppers.eu\/product\/glory-hole-poppers-25ml\/\">Glory Hole Poppers 25ml <\/a>\u2013 Vstupte do nezn\u00e1ma.<\/li>\n<li><a href=\"https:\/\/huskybearpoppers.eu\/cs\/produkt\/jungle-juice-platinum-poppers-25ml\/\">Jungle Juice Platinum Poppers 25ml<\/a> \u2013 Uvoln\u011bte divo\u010dinu v sob\u011b.<\/li>\n<li><a href=\"https:\/\/huskybearpoppers.eu\/cs\/super-rush-black-label-poppers-25ml\/\">Super Rush Black Label Poppers 25ml <\/a>\u2013 Pro ty, kte\u0159\u00ed tou\u017e\u00ed po bezkonkuren\u010dn\u00ed intenzit\u011b.<\/li>\n<\/ul>\n","protected":false},"excerpt":{"rendered":"<p><strong>Gay Secret Poppers 25ml<\/strong> je va\u0161e pozv\u00e1nka na euforickou cestu, oslavuj\u00edc\u00ed l\u00e1sku a svobodu. Za\u017eijte kouzlo, kter\u00e9 le\u017e\u00ed jen za duhou. Tento mimo\u0159\u00e1dn\u011b siln\u00fd \u010disti\u010d na k\u016f\u017ei vyroben\u00fd ve <strong>Francii<\/strong> spole\u010dnost\u00ed <strong>Funline<\/strong> obsahuje silnou sm\u011bs <strong>Amyl Nitritu<\/strong> a <strong>MethylButanolu<\/strong>, hodnocenou na <strong>5\/5 intenzity<\/strong>, kter\u00e1 p\u0159in\u00e1\u0161\u00ed mot\u00fdly, jiskru a v\u0161echny duhov\u00ed pocity. Je z\u00e1bavn\u00fd, neomluvn\u00fd a vyroben\u00fd pro ty, kte\u0159\u00ed \u017eij\u00ed a miluj\u00ed \u010distit nahlas. Nechte sv\u00e9 barvy z\u00e1\u0159it. Vstupte do sv\u011bta, kde se probouzej\u00ed barvy, tanec a touhy.     <\/p>\n","protected":false},"featured_media":17100,"comment_status":"open","ping_status":"closed","template":"","meta":[],"product_brand":[],"product_cat":[1391,1424,10008,10084,10104,10007,10086,1239,9903,10089,1489],"product_tag":[4757,2057,4762,4769,4763,4758,4756,4773,4765,4759,4770,4772,4760,4755,4764,4767,4768,4761,4766,4771],"class_list":{"0":"post-17099","1":"product","2":"type-product","3":"status-publish","4":"has-post-thumbnail","6":"product_cat-5-5-mimoradne-silny-poppers","7":"product_cat-amyl-nitrit-poppers","8":"product_cat-bear-brotherhood-poppers","9":"product_cat-dlouhotrvajici-a-stabilni-poppers","10":"product_cat-edge-and-hypno-poppers","11":"product_cat-nakupujte-podle-komunity","12":"product_cat-nakupujte-podle-prilezitosti","13":"product_cat-poppers-funline-cs","14":"product_cat-qjyt-29pr-9003-8akx","15":"product_cat-poppers-na-vecer-ve-dvou","16":"product_cat-velky-poppers","17":"product_tag-25ml-poppers-cs","18":"product_tag-amyl-nitrit-cistic","19":"product_tag-cistic-kozenych-pomucek","20":"product_tag-cistic-pro-fetish-hry","21":"product_tag-duhove-poppers","22":"product_tag-francouzsky-cistic-na-kuzi","23":"product_tag-funline-poppers-cs","24":"product_tag-gay-lifestyle-poppers-cs","25":"product_tag-gay-nocni-potreby","26":"product_tag-gay-secret-poppers-cs","27":"product_tag-intenzivni-aroma-poppers","28":"product_tag-lgbt-fetish-potreby","29":"product_tag-lgbtq-poppers-cs","30":"product_tag-mimoradne-silne-poppers","31":"product_tag-poppers-pro-muze","32":"product_tag-poppers-pro-pary","33":"product_tag-poppers-pro-pride","34":"product_tag-pride-cistic-na-kuzi","35":"product_tag-queer-enhancer-intimity","36":"product_tag-smyslny-cistic","38":"first","39":"outofstock","40":"featured","41":"taxable","42":"shipping-taxable","43":"purchasable","44":"product-type-simple"},"_links":{"self":[{"href":"https:\/\/huskybearpoppers.eu\/cs\/wp-json\/wp\/v2\/product\/17099","targetHints":{"allow":["GET"]}}],"collection":[{"href":"https:\/\/huskybearpoppers.eu\/cs\/wp-json\/wp\/v2\/product"}],"about":[{"href":"https:\/\/huskybearpoppers.eu\/cs\/wp-json\/wp\/v2\/types\/product"}],"replies":[{"embeddable":true,"href":"https:\/\/huskybearpoppers.eu\/cs\/wp-json\/wp\/v2\/comments?post=17099"}],"version-history":[{"count":0,"href":"https:\/\/huskybearpoppers.eu\/cs\/wp-json\/wp\/v2\/product\/17099\/revisions"}],"wp:featuredmedia":[{"embeddable":true,"href":"https:\/\/huskybearpoppers.eu\/cs\/wp-json\/wp\/v2\/media\/17100"}],"wp:attachment":[{"href":"https:\/\/huskybearpoppers.eu\/cs\/wp-json\/wp\/v2\/media?parent=17099"}],"wp:term":[{"taxonomy":"product_brand","embeddable":true,"href":"https:\/\/huskybearpoppers.eu\/cs\/wp-json\/wp\/v2\/product_brand?post=17099"},{"taxonomy":"product_cat","embeddable":true,"href":"https:\/\/huskybearpoppers.eu\/cs\/wp-json\/wp\/v2\/product_cat?post=17099"},{"taxonomy":"product_tag","embeddable":true,"href":"https:\/\/huskybearpoppers.eu\/cs\/wp-json\/wp\/v2\/product_tag?post=17099"}],"curies":[{"name":"wp","href":"https:\/\/api.w.org\/{rel}","templated":true}]}}