{"id":28466,"date":"2026-03-22T16:04:31","date_gmt":"2026-03-22T14:04:31","guid":{"rendered":"https:\/\/huskybearpoppers.eu\/kviz-na-doporuceni-poppers-najdi-svou-perfektni-volbu\/"},"modified":"2026-04-28T08:26:16","modified_gmt":"2026-04-28T06:26:16","slug":"kviz-na-doporuceni-poppers-najdi-svou-perfektni-volbu","status":"publish","type":"page","link":"https:\/\/huskybearpoppers.eu\/cs\/kviz-na-doporuceni-poppers-najdi-svou-perfektni-volbu\/","title":{"rendered":"Kv\u00edz na doporu\u010den\u00ed Poppers \u2013 Najdi svou perfektn\u00ed volbu"},"content":{"rendered":"\n<div class=\"wp-block-group is-layout-constrained wp-block-group-is-layout-constrained\" style=\"margin-top:var(--wp--preset--spacing--30);margin-bottom:var(--wp--preset--spacing--30)\">\n<h1 class=\"wp-block-heading has-text-align-center\">Kv\u00edz na doporu\u010den\u00ed Poppers \u2013 <mark style=\"background-color:rgba(0, 0, 0, 0)\" class=\"has-inline-color has-palette-color-2-color\">Najdi svou perfektn\u00ed volbu<\/mark><\/h1>\n\n\n\n<p class=\"has-text-align-center\">V\u0161echny poppers nejsou stejn\u00e9 &#8211; a v\u00fdb\u011br toho \u0161patn\u00e9ho ti m\u016f\u017ee zkazit z\u00e1\u017eitek.<\/p>\n\n\n\n<p class=\"has-text-align-center\">Proto jsme vytvo\u0159ili tento rychl\u00fd kv\u00edz.<\/p>\n\n\n\n<p class=\"has-text-align-center\">Za m\u00e9n\u011b ne\u017e 60 sekund dostane\u0161 personalizovan\u00e9 doporu\u010den\u00ed zalo\u017een\u00e9 na tv\u00e9 \u00farovni zku\u0161enost\u00ed, preferenc\u00edch a na tom, jak\u00fd efekt vlastn\u011b hled\u00e1\u0161. A\u0165 u\u017e chce\u0161 n\u011bco jemn\u00e9ho a m\u00edrn\u00e9ho nebo siln\u00e9ho a intenzivn\u00edho, tento kv\u00edz pro\u0159\u00edzne hluk a \u0159ekne ti p\u0159esn\u011b, kde za\u010d\u00edt. <\/p>\n\n\n\n<p class=\"has-text-align-center\"><strong>\u017d\u00e1dn\u00e9 h\u00e1d\u00e1n\u00ed. \u017d\u00e1dn\u00e9 vyhozen\u00e9 pen\u00edze. Jen ten spr\u00e1vn\u00fd produkt pro tebe.  <\/strong><\/p>\n\n\n\n<div class=\"wp-block-buttons is-content-justification-center is-layout-flex wp-container-core-buttons-is-layout-241c0bc1 wp-block-buttons-is-layout-flex\">\n<div class=\"wp-block-button\"><a class=\"wp-block-button__link has-white-color has-palette-color-1-background-color has-text-color has-background has-link-color has-custom-font-size wp-element-button\" href=\"https:\/\/huskybearpoppers.eu\/cs\/kviz-na-doporuceni-poppers-najdi-svou-perfektni-volbu\/#quiz-p3HK2oJ\/\" style=\"border-radius:8px;padding-top:15px;padding-right:25px;padding-bottom:15px;padding-left:25px;font-size:clamp(14px, 0.875rem + ((1vw - 3.2px) * 0.313), 18px);font-style:normal;font-weight:600\"> Za\u010dni kv\u00edz te\u010f \ud83d\udc49<\/a><\/div>\n<\/div>\n<\/div>\n\n<p><\/p>\n","protected":false},"excerpt":{"rendered":"<p>Kv\u00edz na doporu\u010den\u00ed Poppers \u2013 Najdi svou perfektn\u00ed volbu V\u0161echny poppers nejsou stejn\u00e9 &#8211; a v\u00fdb\u011br toho \u0161patn\u00e9ho ti m\u016f\u017ee zkazit z\u00e1\u017eitek. Proto jsme vytvo\u0159ili tento rychl\u00fd kv\u00edz. Za m\u00e9n\u011b ne\u017e 60 sekund dostane\u0161 personalizovan\u00e9 doporu\u010den\u00ed zalo\u017een\u00e9 na tv\u00e9 \u00farovni zku\u0161enost\u00ed, preferenc\u00edch a na tom, jak\u00fd efekt vlastn\u011b hled\u00e1\u0161. A\u0165 u\u017e chce\u0161 n\u011bco jemn\u00e9ho a [&hellip;]<\/p>\n","protected":false},"author":1,"featured_media":25766,"parent":0,"menu_order":0,"comment_status":"closed","ping_status":"closed","template":"","meta":{"footnotes":""},"class_list":["post-28466","page","type-page","status-publish","has-post-thumbnail","hentry"],"blocksy_meta":{"content_style_source":"inherit","vertical_spacing_source":"custom","has_hero_section":"disabled","hero_alignment1":"center","styles_descriptor":{"styles":{"desktop":"","tablet":"","mobile":""},"google_fonts":[],"version":6},"pageExcerptColor":{"default":{"color":"var(--theme-palette-color-4)"}}},"_links":{"self":[{"href":"https:\/\/huskybearpoppers.eu\/cs\/wp-json\/wp\/v2\/pages\/28466","targetHints":{"allow":["GET"]}}],"collection":[{"href":"https:\/\/huskybearpoppers.eu\/cs\/wp-json\/wp\/v2\/pages"}],"about":[{"href":"https:\/\/huskybearpoppers.eu\/cs\/wp-json\/wp\/v2\/types\/page"}],"author":[{"embeddable":true,"href":"https:\/\/huskybearpoppers.eu\/cs\/wp-json\/wp\/v2\/users\/1"}],"replies":[{"embeddable":true,"href":"https:\/\/huskybearpoppers.eu\/cs\/wp-json\/wp\/v2\/comments?post=28466"}],"version-history":[{"count":3,"href":"https:\/\/huskybearpoppers.eu\/cs\/wp-json\/wp\/v2\/pages\/28466\/revisions"}],"predecessor-version":[{"id":28480,"href":"https:\/\/huskybearpoppers.eu\/cs\/wp-json\/wp\/v2\/pages\/28466\/revisions\/28480"}],"wp:featuredmedia":[{"embeddable":true,"href":"https:\/\/huskybearpoppers.eu\/cs\/wp-json\/wp\/v2\/media\/25766"}],"wp:attachment":[{"href":"https:\/\/huskybearpoppers.eu\/cs\/wp-json\/wp\/v2\/media?parent=28466"}],"curies":[{"name":"wp","href":"https:\/\/api.w.org\/{rel}","templated":true}]}}