{"id":17044,"date":"2024-07-22T18:56:49","date_gmt":"2024-07-22T16:56:49","guid":{"rendered":"https:\/\/huskybearpoppers.eu\/objednavani-a-vraceni\/"},"modified":"2026-04-03T11:44:30","modified_gmt":"2026-04-03T09:44:30","slug":"objednavani-a-vraceni","status":"publish","type":"page","link":"https:\/\/huskybearpoppers.eu\/cs\/objednavani-a-vraceni\/","title":{"rendered":"Objedn\u00e1v\u00e1n\u00ed a vr\u00e1cen\u00ed"},"content":{"rendered":"\n<h2 class=\"wp-block-heading\"><strong>Jak zadat objedn\u00e1vku u Husky Bear Poppers<\/strong><\/h2>\n\n<p><strong>1. Objedn\u00e1vky p\u0159es webov\u00e9 str\u00e1nky (<a href=\"https:\/\/huskybearpoppers.eu\/cs\/\">huskybearpoppers.eu<\/a>):<\/strong><\/p>\n\n<ul class=\"wp-block-list\">\n<li><strong>Proch\u00e1zen\u00ed a v\u00fdb\u011br: <\/strong>Prohl\u00e9dn\u011bte si na\u0161i nab\u00eddku produkt\u016f a p\u0159idejte po\u017eadovan\u00e9 polo\u017eky do ko\u0161\u00edku kliknut\u00edm na &#8222;P\u0159idat do ko\u0161\u00edku.&#8220;<\/li>\n\n\n\n<li><strong>P\u0159ehled n\u00e1kupn\u00edho ko\u0161\u00edku:<\/strong> Upravte mno\u017estv\u00ed, odeberte polo\u017eky nebo pou\u017eijte slevov\u00e9 k\u00f3dy ve va\u0161em ko\u0161\u00edku.<\/li>\n\n\n\n<li><strong>Pokra\u010dovat k pokladn\u011b: <\/strong>Klikn\u011bte na &#8222;Pokra\u010dovat k pokladn\u011b&#8220; pro pokra\u010dov\u00e1n\u00ed s va\u0161\u00ed objedn\u00e1vkou.<\/li>\n\n\n\n<li><strong>Zadejte va\u0161e informace:<\/strong> Vypl\u0148te va\u0161e kontaktn\u00ed a doru\u010dovac\u00ed \u00fadaje. Pokud se faktura\u010dn\u00ed adresa li\u0161\u00ed, za\u0161krtn\u011bte p\u0159\u00edslu\u0161n\u00e9 pol\u00ed\u010dko. <\/li>\n\n\n\n<li><strong>Vyberte zp\u016fsob doru\u010den\u00ed: <\/strong>Na\u0161e preferovan\u00e1 doru\u010dovac\u00ed slu\u017eba je automaticky vybr\u00e1na a poplatek za doru\u010den\u00ed bude vypo\u010d\u00edt\u00e1n na z\u00e1klad\u011b va\u0161\u00ed zem\u011b b\u011bhem objedn\u00e1vky.<\/li>\n\n\n\n<li><strong>Potvr\u010fte va\u0161i objedn\u00e1vku: <\/strong>Znovu zkontrolujte \u00fadaje va\u0161\u00ed objedn\u00e1vky a klikn\u011bte na &#8222;Potvrdit objedn\u00e1vku.&#8220; Obdr\u017e\u00edte potvrzovac\u00ed e-mail. Voliteln\u011b se m\u016f\u017eete p\u0159ihl\u00e1sit k odb\u011bru na\u0161eho newsletteru pro exkluzivn\u00ed nab\u00eddky.  <\/li>\n\n\n\n<li><strong>Souhlas:<\/strong> Zad\u00e1n\u00edm objedn\u00e1vky souhlas\u00edte s na\u0161imi <a href=\"https:\/\/huskybearpoppers.eu\/cs\/obchodni-podminky\/\"><strong>Obchodn\u00edmi podm\u00ednkami.<\/strong><\/a><\/li>\n<\/ul>\n\n<p>Pro podrobn\u00e9 informace o poplatc\u00edch za doru\u010den\u00ed a limitech pro bezplatnou dopravu nav\u0161tivte na\u0161i str\u00e1nku <a href=\"https:\/\/huskybearpoppers.eu\/cs\/informace-o-preprave\/\"><strong>Informace o doprav\u011b.<\/strong><\/a><\/p>\n\n<p><strong>2. Objedn\u00e1v\u00e1n\u00ed prost\u0159ednictv\u00edm e-mailu, soci\u00e1ln\u00edch m\u00e9di\u00ed nebo telefonu:<\/strong><\/p>\n\n<ul class=\"wp-block-list\">\n<li><strong>Po\u0161lete va\u0161e \u00fadaje: <\/strong>Poskytn\u011bte va\u0161e jm\u00e9no, doru\u010dovac\u00ed adresu, telefonn\u00ed \u010d\u00edslo a produkty, kter\u00e9 chcete zakoupit, na <a>info@huskybearpoppers.eu<\/a> nebo n\u00e1s kontaktujte p\u0159es Facebook, WhatsApp nebo Instagram.<\/li>\n\n\n\n<li><strong>Z\u00edskejte pomoc:<\/strong> N\u00e1\u0161 t\u00fdm z\u00e1kaznick\u00e9 podpory v\u00e1m pom\u016f\u017ee b\u011bhem cel\u00e9ho procesu n\u00e1kupu.<\/li>\n<\/ul>\n\n<h3 class=\"wp-block-heading\"><strong>Va\u0161e pr\u00e1vo na zru\u0161en\u00ed<\/strong><\/h3>\n\n<ul class=\"wp-block-list\">\n<li><strong>14 denn\u00ed storno: <\/strong>M\u016f\u017eete zru\u0161it va\u0161i objedn\u00e1vku do 14 dn\u016f od obdr\u017een\u00ed va\u0161eho produktu bez nutnosti uv\u00e1d\u011bt d\u016fvod. Pokud nejste spokojeni, m\u016f\u017eete po\u017e\u00e1dat o refundaci nebo v\u00fdm\u011bnu. To mus\u00ed b\u00fdt provedeno v z\u00e1konn\u011b p\u0159edepsan\u00e9 14denn\u00ed lh\u016ft\u011b po\u010d\u00ednaje okam\u017eikem, kdy vy nebo ur\u010den\u00e1 osoba (jin\u00e1 ne\u017e dopravce) p\u0159evezmete zbo\u017e\u00ed.  <\/li>\n\n\n\n<li><strong>Podm\u00ednka pro vr\u00e1cen\u00ed:<\/strong> Vr\u00e1cen\u00e9 polo\u017eky mus\u00ed b\u00fdt nepo\u0161kozen\u00e9, v p\u016fvodn\u00edm obalu, se v\u0161emi p\u0159\u00edslu\u0161enstv\u00edmi. Pokud je produkt nebo obal po\u0161kozen\u00fd nebo nadm\u011brn\u011b pou\u017e\u00edvan\u00fd, m\u016f\u017eeme po\u017eadovat kompenzaci za sn\u00ed\u017een\u00ed hodnoty. Jakmile se rozhodnete pro storno, p\u0159esta\u0148te polo\u017eku d\u00e1le pou\u017e\u00edvat.  <\/li>\n\n\n\n<li><strong>Jak n\u00e1s informovat: <\/strong>Do 14 dn\u016f od obdr\u017een\u00ed va\u0161eho produktu n\u00e1m napi\u0161te na <a>info@huskybearpoppers.eu<\/a> s va\u0161\u00edm \u010d\u00edslem objedn\u00e1vky. Uve\u010fte va\u0161e cel\u00e9 jm\u00e9no a n\u00e1zev produktu. Po informov\u00e1n\u00ed n\u00e1s vra\u0165te bal\u00ed\u010dek na na\u0161i adresu do 14 dn\u016f, v\u010detn\u011b Evropsk\u00e9ho standardn\u00edho formul\u00e1\u0159e pro odstoupen\u00ed, kter\u00fd by m\u011bl b\u00fdt vyti\u0161t\u011bn, vypln\u011bn, podeps\u00e1n a odesl\u00e1n s produktem. Doporu\u010dujeme pou\u017e\u00edt sledovatelnou doru\u010dovac\u00ed slu\u017ebu. N\u00e1klady na zp\u011btnou dopravu jsou va\u0161\u00ed odpov\u011bdnost\u00ed a nep\u0159ij\u00edm\u00e1me bal\u00ed\u010dky na dob\u00edrku.    <\/li>\n\n\n\n<li><strong>Refundace:<\/strong> Pot\u00e9, co na\u0161e reklama\u010dn\u00ed odd\u011blen\u00ed obdr\u017e\u00ed a p\u0159ezkoum\u00e1 va\u0161e vr\u00e1cen\u00ed, po\u0161leme v\u00e1m bu\u010f n\u00e1hradu, nebo vr\u00e1t\u00edme va\u0161i koupi do 14 dn\u016f. Refundace budou zpracov\u00e1ny na p\u016fvodn\u00ed pou\u017eitou platebn\u00ed metodu, v\u010detn\u011b poplatk\u016f za dopravu. <\/li>\n<\/ul>\n\n<p><strong>D\u016fle\u017eit\u00e9:<\/strong> Ujist\u011bte se, \u017ee produkt byl zakoupen v na\u0161em obchod\u011b a je zp\u016fsobil\u00fd pro vr\u00e1cen\u00ed. Neneseme odpov\u011bdnost za vr\u00e1cen\u00ed produkt\u016f nekoupen\u00fdch od n\u00e1s nebo nevratn\u00fdch polo\u017eek. <\/p>\n\n<h3 class=\"wp-block-heading\"><strong>V\u00fdjimky ze z\u00e1sad vr\u00e1cen\u00ed<\/strong><\/h3>\n\n<ul class=\"wp-block-list\">\n<li><strong>Hygienick\u00e9 produkty:<\/strong> Otev\u0159en\u00e9 lahvi\u010dky \u010disti\u010de k\u016f\u017ee a dal\u0161\u00ed podobn\u00e9 polo\u017eky prod\u00e1van\u00e9 v uzav\u0159en\u00e9m obalu mohou b\u00fdt vr\u00e1ceny pouze pokud jsou neotev\u0159en\u00e9 a v p\u016fvodn\u00edm, nepo\u0161kozen\u00e9m obalu.<\/li>\n\n\n\n<li><strong>Sm\u00ed\u0161en\u00e9 produkty<\/strong>: Polo\u017eky, kter\u00e9 byly sm\u00edch\u00e1ny s jin\u00fdmi objekty (nap\u0159. sady), nelze vr\u00e1tit.<\/li>\n<\/ul>\n\n<h3 class=\"wp-block-heading\"><strong>\u0158e\u0161en\u00ed st\u00ed\u017enost\u00ed<\/strong><\/h3>\n\n<p><strong>Probl\u00e9my s doru\u010den\u00edm:<\/strong><\/p>\n\n<ul class=\"wp-block-list\">\n<li><strong>Po\u0161kozen\u00e9 nebo nespr\u00e1vn\u00e9 polo\u017eky:<\/strong> Pokud v\u00e1\u0161 produkt doraz\u00ed po\u0161kozen\u00fd nebo obdr\u017e\u00edte nespr\u00e1vnou polo\u017eku, napi\u0161te n\u00e1m na <a>info@huskybearpoppers.eu<\/a> do 48 hodin od doru\u010den\u00ed. P\u0159ilo\u017ete fotografie bal\u00ed\u010dku a produktu(\u016f) pro urychlen\u00ed \u0159e\u0161en\u00ed. <\/li>\n<\/ul>\n\n<p><strong>Probl\u00e9my s produktem:<\/strong><\/p>\n\n<ul class=\"wp-block-list\">\n<li><strong>Nefunk\u010dn\u00ed produkty:<\/strong> Pokud produkt nefunguje spr\u00e1vn\u011b, kontaktujte n\u00e1s na <a>info@huskybearpoppers.eu<\/a> s videem ukazuj\u00edc\u00edm probl\u00e9m. Pokud probl\u00e9m nen\u00ed jasn\u00fd, m\u016f\u017eeme po\u017e\u00e1dat o vr\u00e1cen\u00ed produktu k prohl\u00eddce. N\u00e1klady na zp\u011btnou dopravu jsou va\u0161\u00ed odpov\u011bdnost\u00ed.  <\/li>\n<\/ul>\n\n<h3 class=\"wp-block-heading\"><strong>\u0158e\u0161en\u00ed spor\u016f<\/strong><\/h3>\n\n<p>Pokud nejste spokojeni s na\u0161\u00edm \u0159e\u0161en\u00edm a nem\u016f\u017eete dos\u00e1hnout dohody, podejte <strong>va\u0161i st\u00ed\u017enost<\/strong> <a href=\"http:\/\/ec.europa.eu\/consumers\/odr\/\" target=\"_blank\" rel=\"noopener\"><strong>V\u00fdboru pro \u0159e\u0161en\u00ed spor\u016f prost\u0159ednictv\u00edm Evropsk\u00e9 platformy pro \u0159e\u0161en\u00ed spor\u016f zde.<\/strong><\/a><\/p>\n\n<p>Pouze n\u00e1roky, kter\u00e9 spl\u0148uj\u00ed v\u0161echny podm\u00ednky, budou vy\u0159e\u0161eny pozitivn\u011b.<\/p>\n\n<p>Pro v\u00edce detail\u016f o na\u0161ich podm\u00ednk\u00e1ch a dal\u0161\u00edch z\u00e1sad\u00e1ch si pros\u00edm zkontrolujte odkazy ve spodn\u00ed \u010d\u00e1sti str\u00e1nky.<\/p>\n","protected":false},"excerpt":{"rendered":"<p>Jak zadat objedn\u00e1vku u Husky Bear Poppers 1. Objedn\u00e1vky p\u0159es webov\u00e9 str\u00e1nky (huskybearpoppers.eu): Pro podrobn\u00e9 informace o poplatc\u00edch za doru\u010den\u00ed a limitech pro bezplatnou dopravu nav\u0161tivte na\u0161i str\u00e1nku Informace o doprav\u011b. 2. Objedn\u00e1v\u00e1n\u00ed prost\u0159ednictv\u00edm e-mailu, soci\u00e1ln\u00edch m\u00e9di\u00ed nebo telefonu: Va\u0161e pr\u00e1vo na zru\u0161en\u00ed D\u016fle\u017eit\u00e9: Ujist\u011bte se, \u017ee produkt byl zakoupen v na\u0161em obchod\u011b a je [&hellip;]<\/p>\n","protected":false},"author":1,"featured_media":25766,"parent":0,"menu_order":0,"comment_status":"closed","ping_status":"closed","template":"","meta":{"footnotes":""},"class_list":["post-17044","page","type-page","status-publish","has-post-thumbnail","hentry"],"blocksy_meta":[],"_links":{"self":[{"href":"https:\/\/huskybearpoppers.eu\/cs\/wp-json\/wp\/v2\/pages\/17044","targetHints":{"allow":["GET"]}}],"collection":[{"href":"https:\/\/huskybearpoppers.eu\/cs\/wp-json\/wp\/v2\/pages"}],"about":[{"href":"https:\/\/huskybearpoppers.eu\/cs\/wp-json\/wp\/v2\/types\/page"}],"author":[{"embeddable":true,"href":"https:\/\/huskybearpoppers.eu\/cs\/wp-json\/wp\/v2\/users\/1"}],"replies":[{"embeddable":true,"href":"https:\/\/huskybearpoppers.eu\/cs\/wp-json\/wp\/v2\/comments?post=17044"}],"version-history":[{"count":0,"href":"https:\/\/huskybearpoppers.eu\/cs\/wp-json\/wp\/v2\/pages\/17044\/revisions"}],"wp:featuredmedia":[{"embeddable":true,"href":"https:\/\/huskybearpoppers.eu\/cs\/wp-json\/wp\/v2\/media\/25766"}],"wp:attachment":[{"href":"https:\/\/huskybearpoppers.eu\/cs\/wp-json\/wp\/v2\/media?parent=17044"}],"curies":[{"name":"wp","href":"https:\/\/api.w.org\/{rel}","templated":true}]}}