{"id":17040,"date":"2024-07-23T12:32:53","date_gmt":"2024-07-23T10:32:53","guid":{"rendered":"https:\/\/huskybearpoppers.eu\/zasady-ochrany-osobnich-udaju-a-cookies\/"},"modified":"2026-01-23T12:19:01","modified_gmt":"2026-01-23T10:19:01","slug":"zasady-ochrany-osobnich-udaju-a-cookies","status":"publish","type":"page","link":"https:\/\/huskybearpoppers.eu\/cs\/zasady-ochrany-osobnich-udaju-a-cookies\/","title":{"rendered":"Z\u00e1sady ochrany osobn\u00edch \u00fadaj\u016f a cookies"},"content":{"rendered":"\n<h2 class=\"wp-block-heading\">Z\u00e1sady ochrany osobn\u00edch \u00fadaj\u016f a cookies &#8211; Husky Bear Poppers<\/h2>\n\n<p>Ve spole\u010dnosti Husky Bear Poppers, provozovan\u00e9 spole\u010dnost\u00ed International Scalpers d.o.o., up\u0159ednost\u0148ujeme soukrom\u00ed na\u0161ich u\u017eivatel\u016f a zach\u00e1z\u00edme s jejich osobn\u00edmi \u00fadaji s maxim\u00e1ln\u00ed p\u00e9\u010d\u00ed. V souladu s platn\u00fdmi z\u00e1kony o ochran\u011b \u00fadaj\u016f se sna\u017e\u00edme zajistit ochranu v\u0161ech osobn\u00edch \u00fadaj\u016f, kter\u00e9 n\u00e1m jsou sv\u011b\u0159eny. <\/p>\n\n<h2 class=\"wp-block-heading\">\u00dadaje, kter\u00e9 shroma\u017e\u010fujeme<\/h2>\n\n<p>Pro poskytov\u00e1n\u00ed na\u0161ich slu\u017eeb shroma\u017e\u010fujeme a zpracov\u00e1v\u00e1me n\u00e1sleduj\u00edc\u00ed u\u017eivatelsk\u00e9 \u00fadaje:<\/p>\n\n<ul class=\"wp-block-list\">\n<li>Cel\u00e9 jm\u00e9no<\/li>\n\n\n\n<li>Doru\u010dovac\u00ed adresa<\/li>\n\n\n\n<li>N\u00e1zev spole\u010dnosti (pokud je to relevantn\u00ed)<\/li>\n\n\n\n<li>Da\u0148ov\u00e9 identifika\u010dn\u00ed \u010d\u00edslo (pokud je to relevantn\u00ed)<\/li>\n\n\n\n<li>E-mailov\u00e1 adresa (pou\u017e\u00edvan\u00e1 jako u\u017eivatelsk\u00e9 jm\u00e9no)<\/li>\n\n\n\n<li>Telefonn\u00ed \u010d\u00edslo<\/li>\n\n\n\n<li>Zem\u011b bydli\u0161t\u011b<\/li>\n\n\n\n<li>Dal\u0161\u00ed informace dobrovoln\u011b zadan\u00e9 ve formul\u00e1\u0159\u00edch<\/li>\n<\/ul>\n\n<p>Upozor\u0148ujeme, \u017ee neneseme odpov\u011bdnost za p\u0159esnost nebo platnost poskytnut\u00fdch \u00fadaj\u016f.<\/p>\n\n<h2 class=\"wp-block-heading\">Pou\u017e\u00edv\u00e1n\u00ed cookies<\/h2>\n\n<p>Pou\u017e\u00edv\u00e1me cookies k vylep\u0161en\u00ed va\u0161eho n\u00e1kupn\u00edho z\u00e1\u017eitku. To zahrnuje: <\/p>\n\n<ul class=\"wp-block-list\">\n<li>Session cookies pro spr\u00e1vu va\u0161eho n\u00e1kupn\u00edho ko\u0161\u00edku<\/li>\n\n\n\n<li>Trval\u00e9 cookies pro zapamatov\u00e1n\u00ed va\u0161ich nastaven\u00ed<\/li>\n\n\n\n<li>Google Analytics cookies pro anal\u00fdzu n\u00e1v\u0161t\u011bvnosti webov\u00fdch str\u00e1nek<\/li>\n<\/ul>\n\n<h2 class=\"wp-block-heading\">Ukl\u00e1d\u00e1n\u00ed a pou\u017eit\u00ed \u00fadaj\u016f<\/h2>\n\n<p>U\u017eivatelsk\u00e9 \u00fadaje, krom\u011b cookies, jsou bezpe\u010dn\u011b ulo\u017eeny na na\u0161ich serverech. Session cookies jsou do\u010dasn\u00e9 a jsou smaz\u00e1ny po obdob\u00ed neaktivity, zat\u00edmco trval\u00e9 cookies z\u016fst\u00e1vaj\u00ed na va\u0161em za\u0159\u00edzen\u00ed. M\u016f\u017eeme pou\u017e\u00edvat anonymizovan\u00e9 \u00fadaje pro statistickou anal\u00fdzu ke zlep\u0161en\u00ed na\u0161ich slu\u017eeb.  <\/p>\n\n<h2 class=\"wp-block-heading\">Sd\u00edlen\u00ed informac\u00ed<\/h2>\n\n<p>Va\u0161e osobn\u00ed \u00fadaje nebudou nikdy sd\u00edleny s neopr\u00e1vn\u011bn\u00fdmi osobami. Z\u00e1kladn\u00ed \u00fadaje sd\u00edl\u00edme pouze s doru\u010dovac\u00edmi spole\u010dnostmi k zaji\u0161t\u011bn\u00ed hladk\u00e9ho doru\u010den\u00ed va\u0161ich objedn\u00e1vek. <\/p>\n\n<h2 class=\"wp-block-heading\">Komunikace<\/h2>\n\n<p>Budeme v\u00e1s kontaktovat pouze v p\u0159\u00edpad\u011b, \u017ee jste se rozhodli p\u0159ij\u00edmat na\u0161e zpr\u00e1vy.<\/p>\n\n<h2 class=\"wp-block-heading\">Va\u0161e pr\u00e1va<\/h2>\n\n<p>M\u00e1te pr\u00e1vo na p\u0159\u00edstup, opravu a v\u00fdmaz va\u0161ich osobn\u00edch \u00fadaj\u016f. M\u016f\u017eete tak\u00e9 vzn\u00e9st n\u00e1mitku proti zpracov\u00e1n\u00ed va\u0161ich \u00fadaj\u016f a kdykoli odvolat sv\u016fj souhlas. <\/p>\n\n<p>Pou\u017e\u00edv\u00e1n\u00edm na\u0161ich webov\u00fdch str\u00e1nek souhlas\u00edte se shroma\u017e\u010fov\u00e1n\u00edm a pou\u017e\u00edv\u00e1n\u00edm va\u0161ich \u00fadaj\u016f, jak je pops\u00e1no v t\u011bchto z\u00e1sad\u00e1ch. Pokud m\u00e1te jak\u00e9koli dotazy nebo obavy, kontaktujte n\u00e1s pros\u00edm na <a href=\"mailto:info@huskybearpoppers.eu\">info@huskybearpoppers.eu<\/a> . <\/p>\n\n<h2 class=\"wp-block-heading\">Prohl\u00e1\u0161en\u00ed o ochran\u011b a shroma\u017e\u010fov\u00e1n\u00ed osobn\u00edch \u00fadaj\u016f<\/h2>\n\n<p>Zavazujeme se poskytovat ochranu osobn\u00edch \u00fadaj\u016f z\u00e1kazn\u00edk\u016f takov\u00fdm zp\u016fsobem, \u017ee shroma\u017e\u010fujeme pouze nezbytn\u00e9, z\u00e1kladn\u00ed informace o z\u00e1kazn\u00edc\u00edch\/u\u017eivatel\u00edch, kter\u00e9 jsou nutn\u00e9 pro pln\u011bn\u00ed na\u0161ich z\u00e1vazk\u016f; Informujeme z\u00e1kazn\u00edky o tom, jak jsou shrom\u00e1\u017ed\u011bn\u00e9 \u00fadaje pou\u017e\u00edv\u00e1ny, pravideln\u011b d\u00e1v\u00e1me z\u00e1kazn\u00edk\u016fm mo\u017enost volby ohledn\u011b pou\u017eit\u00ed jejich \u00fadaj\u016f, v\u010detn\u011b mo\u017enosti rozhodnout se, zda cht\u011bj\u00ed nebo necht\u011bj\u00ed, aby jejich jm\u00e9no bylo odstran\u011bno ze seznam\u016f pou\u017e\u00edvan\u00fdch pro marketingov\u00e9 kampan\u011b.<\/p>\n\n<p>V\u0161echna u\u017eivatelsk\u00e1 data jsou p\u0159\u00edsn\u011b chr\u00e1n\u011bna a jsou dostupn\u00e1 pouze zam\u011bstnanc\u016fm, kte\u0159\u00ed tyto informace pot\u0159ebuj\u00ed k v\u00fdkonu sv\u00e9 pr\u00e1ce. V\u0161ichni na\u0161i zam\u011bstnanci a obchodn\u00ed partne\u0159i jsou odpov\u011bdn\u00ed za dodr\u017eov\u00e1n\u00ed z\u00e1sad ochrany soukrom\u00ed. <\/p>\n\n<h2 class=\"wp-block-heading\">Ochrana d\u011bt\u00ed<\/h2>\n\n<p>Blaho d\u011bt\u00ed je na\u0161\u00ed nejvy\u0161\u0161\u00ed prioritou, proto dodr\u017eujeme n\u00e1sleduj\u00edc\u00ed principy:<\/p>\n\n<ul class=\"wp-block-list\">\n<li>Jasn\u00e9 a odd\u011blen\u00e9 zobrazen\u00ed reklam od her a sout\u011b\u017e\u00ed s ohledem na v\u011bk d\u00edt\u011bte.<\/li>\n\n\n\n<li>V\u011bku p\u0159im\u011b\u0159en\u00e1 komunikace, kter\u00e1 nevyu\u017e\u00edv\u00e1 d\u016fv\u011bru, nezku\u0161enost nebo v\u011brnost d\u00edt\u011bte.<\/li>\n\n\n\n<li>Pro p\u0159ijet\u00ed objedn\u00e1vek nebo shroma\u017e\u010fov\u00e1n\u00ed osobn\u00edch \u00fadaj\u016f o d\u011btech je vy\u017eadov\u00e1n souhlas rodi\u010d\u016f nebo opatrovn\u00edk\u016f.<\/li>\n\n\n\n<li>Informace z\u00edskan\u00e9 od d\u011bt\u00ed nejsou zve\u0159ej\u0148ov\u00e1ny t\u0159et\u00edm stran\u00e1m, krom\u011b jejich rodi\u010d\u016f nebo opatrovn\u00edk\u016f.<\/li>\n\n\n\n<li>Neumo\u017e\u0148ujeme d\u011btem neomezen\u00fd p\u0159\u00edstup k produkt\u016fm nebo slu\u017eb\u00e1m, kter\u00e9 by jim mohly u\u0161kodit.<\/li>\n<\/ul>\n\n<p>Jsme odhodl\u00e1ni poskytovat bezpe\u010dn\u00e9 a chr\u00e1n\u011bn\u00e9 online prost\u0159ed\u00ed pro v\u0161echny u\u017eivatele, zejm\u00e9na d\u011bti.<\/p>\n\n<h2 class=\"wp-block-heading\">Zve\u0159ejn\u011bn\u00ed osobn\u00edch \u00fadaj\u016f<\/h2>\n\n<p>Informace shrom\u00e1\u017ed\u011bn\u00e9 a zpracovan\u00e9 spole\u010dnost\u00ed Husky Bear Poppers z\u016fstanou d\u016fv\u011brn\u00e9 a nebudou sd\u00edleny s t\u0159et\u00edmi stranami, krom\u011b n\u00e1sleduj\u00edc\u00edch omezen\u00fdch okolnost\u00ed:<\/p>\n\n<ul class=\"wp-block-list\">\n<li>Kdy\u017e jsme ze z\u00e1kona povinni tak u\u010dinit, nap\u0159\u00edklad v p\u0159\u00edpad\u011b soudn\u00edho p\u0159\u00edkazu nebo jin\u00e9 pr\u00e1vn\u00ed povinnosti.<\/li>\n\n\n\n<li>Kdy\u017e je to nezbytn\u00e9 k ochran\u011b pr\u00e1v, majetku nebo bezpe\u010dnosti Husky Bear Poppers, jeho u\u017eivatel\u016f nebo ostatn\u00edch. To zahrnuje, ale nen\u00ed omezeno na, vy\u0161et\u0159ov\u00e1n\u00ed podvod\u016f, reakci na pr\u00e1vn\u00ed n\u00e1roky nebo ochranu p\u0159ed potenci\u00e1ln\u00ed \u0161kodou. <\/li>\n<\/ul>\n\n<p>Jsme odhodl\u00e1ni k transparentnosti a budeme v\u00e1s informovat, pokud va\u0161e osobn\u00ed \u00fadaje budou muset b\u00fdt zve\u0159ejn\u011bny v t\u011bchto v\u00fdjime\u010dn\u00fdch okolnostech, pokud to nen\u00ed zak\u00e1z\u00e1no z\u00e1konem nebo soudn\u00edm p\u0159\u00edkazem.<\/p>\n\n<h2 class=\"wp-block-heading\">Va\u0161e pr\u00e1vo na informace a spr\u00e1vu<\/h2>\n\n<p>Jako n\u00e1\u0161 v\u00e1\u017een\u00fd z\u00e1kazn\u00edk m\u00e1te pln\u00e9 pr\u00e1vo na p\u0159\u00edstup, \u00fapravu nebo odstran\u011bn\u00ed va\u0161ich osobn\u00edch \u00fadaj\u016f, kter\u00e9 dr\u017e\u00edme. Pokud m\u00e1te jak\u00e9koli dotazy nebo po\u017eadavky t\u00fdkaj\u00edc\u00ed se va\u0161ich \u00fadaj\u016f, dejte n\u00e1m pros\u00edm v\u011bd\u011bt na <a href=\"mailto:info@huskybearpoppers.eu\">info@huskybearpoppers.eu<\/a>. <\/p>\n\n<h2 class=\"wp-block-heading\">Ozn\u00e1men\u00ed o objedn\u00e1vk\u00e1ch<\/h2>\n\n<p>Pro va\u0161e pohodl\u00ed m\u016f\u017eeme pou\u017e\u00edt telefonn\u00ed \u010d\u00edslo, kter\u00e9 jste poskytli, k informov\u00e1n\u00ed v\u00e1s o stavu expedice a doru\u010den\u00ed va\u0161\u00ed objedn\u00e1vky.<\/p>\n\n<h2 class=\"wp-block-heading\">Obr\u00e1zky produkt\u016f<\/h2>\n\n<p>Upozor\u0148ujeme, \u017ee obr\u00e1zky produkt\u016f prezentovan\u00e9 na na\u0161ich webov\u00fdch str\u00e1nk\u00e1ch slou\u017e\u00ed pouze pro ilustra\u010dn\u00ed \u00fa\u010dely a nemus\u00ed zahrnovat v\u0161echny specifick\u00e9 charakteristiky produktu.<\/p>\n\n<h2 class=\"wp-block-heading\">Propaga\u010dn\u00ed e-maily<\/h2>\n\n<p>Poskytnut\u00edm va\u0161\u00ed e-mailov\u00e9 adresy n\u00e1m d\u00e1v\u00e1te povolen\u00ed k zas\u00edl\u00e1n\u00ed propaga\u010dn\u00edch e-mail\u016f od Husky Bear Poppers. Pokud si p\u0159ejete p\u0159estat p\u0159ij\u00edmat tyto zpr\u00e1vy, m\u016f\u017eete tak u\u010dinit kliknut\u00edm na odkaz &#8222;Odhl\u00e1sit se&#8220; ve spodn\u00ed \u010d\u00e1sti e-mail\u016f nebo n\u00e1s kontaktov\u00e1n\u00edm na <a href=\"mailto:info@huskybearpoppers.eu\">info@huskybearpoppers.eu<\/a>. <\/p>\n\n<h2 class=\"wp-block-heading\">Va\u0161e pr\u00e1va podle Obecn\u00e9ho na\u0159\u00edzen\u00ed o ochran\u011b osobn\u00edch \u00fadaj\u016f (GDPR)<\/h2>\n\n<p>GDPR v\u00e1m d\u00e1v\u00e1 n\u00e1sleduj\u00edc\u00ed pr\u00e1va:<\/p>\n\n<ul class=\"wp-block-list\">\n<li>Pr\u00e1vo na p\u0159\u00edstup k va\u0161im osobn\u00edm \u00fadaj\u016fm a z\u00edsk\u00e1n\u00ed komplexn\u00edch informac\u00ed o jejich zpracov\u00e1n\u00ed.<\/li>\n\n\n\n<li>Pr\u00e1vo na opravu nep\u0159esn\u00fdch osobn\u00edch \u00fadaj\u016f.<\/li>\n\n\n\n<li>Pr\u00e1vo na omezen\u00ed zpracov\u00e1n\u00ed va\u0161ich osobn\u00edch \u00fadaj\u016f.<\/li>\n\n\n\n<li>Pr\u00e1vo na v\u00fdmaz (\u201epr\u00e1vo b\u00fdt zapomenut&#8220;), pokud jsou spln\u011bny specifick\u00e9 podm\u00ednky.<\/li>\n\n\n\n<li>Pr\u00e1vo na p\u0159enositelnost \u00fadaj\u016f, kter\u00e9 v\u00e1m umo\u017e\u0148uje z\u00edskat va\u0161e \u00fadaje ve strukturovan\u00e9m, strojov\u011b \u010diteln\u00e9m form\u00e1tu.<\/li>\n\n\n\n<li>Pr\u00e1vo vzn\u00e9st n\u00e1mitku proti zpracov\u00e1n\u00ed va\u0161ich osobn\u00edch \u00fadaj\u016f pro \u00fa\u010dely p\u0159\u00edm\u00e9ho marketingu.<\/li>\n\n\n\n<li>Pr\u00e1vo neb\u00fdt p\u0159edm\u011btem automatizovan\u00e9ho rozhodov\u00e1n\u00ed, v\u010detn\u011b profilov\u00e1n\u00ed, pokud neplat\u00ed ur\u010dit\u00e9 podm\u00ednky.<\/li>\n\n\n\n<li>Pr\u00e1vo podat st\u00ed\u017enost u dozorov\u00e9ho \u00fa\u0159adu, pokud se domn\u00edv\u00e1te, \u017ee byla poru\u0161ena va\u0161e pr\u00e1va na ochranu \u00fadaj\u016f.<\/li>\n<\/ul>\n\n<p>Pokud si p\u0159ejete uplatnit n\u011bkter\u00e9 z t\u011bchto pr\u00e1v nebo z\u00edskat dal\u0161\u00ed informace, kontaktujte n\u00e1s pros\u00edm na <a href=\"mailto:info@huskybearpoppers.eu\">info@huskybearpoppers.eu<\/a>.<\/p>\n\n<p>D\u016fle\u017eit\u00e9 pozn\u00e1mky:<\/p>\n\n<ul class=\"wp-block-list\">\n<li>M\u016f\u017eeme po\u017eadovat p\u0159im\u011b\u0159enou platbu za dal\u0161\u00ed kopie va\u0161ich osobn\u00edch \u00fadaj\u016f.<\/li>\n\n\n\n<li>M\u016f\u017eeme pot\u0159ebovat ov\u011b\u0159it va\u0161i toto\u017enost p\u0159ed spln\u011bn\u00edm va\u0161eho po\u017eadavku.<\/li>\n\n\n\n<li>Zavazujeme se odpov\u011bd\u011bt na v\u00e1\u0161 po\u017eadavek v \u010dasov\u00e9m r\u00e1mci stanoven\u00e9m z\u00e1konem.<\/li>\n<\/ul>\n\n<h2 class=\"wp-block-heading\">Postup pro uplatn\u011bn\u00ed va\u0161ich pr\u00e1v<\/h2>\n\n<p>Potvrzuji, \u017ee mohu podat v\u0161echny \u017e\u00e1dosti t\u00fdkaj\u00edc\u00ed se uplatn\u011bn\u00ed m\u00fdch pr\u00e1v ohledn\u011b osobn\u00edch \u00fadaj\u016f p\u00edsemn\u011b spr\u00e1vci \u00fadaj\u016f prost\u0159ednictv\u00edm e-mailu na <a href=\"mailto:info@huskybearpoppers.eu\">info@huskybearpoppers.eu<\/a>.<\/p>\n\n<p>Rozum\u00edm tomu, \u017ee spr\u00e1vce m\u016f\u017ee ode mne vy\u017eadovat dal\u0161\u00ed informace za \u00fa\u010delem ov\u011b\u0159en\u00ed m\u00e9 toto\u017enosti, kdy\u017e uplat\u0148ujem sv\u00e1 pr\u00e1va na ochranu \u00fadaj\u016f. Spr\u00e1vce m\u016f\u017ee odm\u00edtnout jednat podle m\u00e9 \u017e\u00e1dosti pouze v p\u0159\u00edpad\u011b, \u017ee prok\u00e1\u017ee, \u017ee m\u011b nem\u016f\u017ee spolehliv\u011b identifikovat. <\/p>\n\n<p>Jsem si v\u011bdom toho, \u017ee spr\u00e1vce je povinen odpov\u011bd\u011bt na mou \u017e\u00e1dost, ve kter\u00e9 uplat\u0148uji sv\u00e1 pr\u00e1va ohledn\u011b v\u00fd\u0161e uveden\u00fdch osobn\u00edch \u00fadaj\u016f, okam\u017eit\u011b a nejpozd\u011bji do jednoho m\u011bs\u00edce od data obdr\u017een\u00ed m\u00e9 \u017e\u00e1dosti.<\/p>\n\n<h2 class=\"wp-block-heading\">Porozum\u011bn\u00ed cookies a jejich d\u016fle\u017eitosti<\/h2>\n\n<p>Cookies jsou mal\u00e9 textov\u00e9 soubory, kter\u00e9 webov\u00e1 str\u00e1nka ode\u0161le do va\u0161eho webov\u00e9ho prohl\u00ed\u017ee\u010de p\u0159i n\u00e1v\u0161t\u011bv\u011b. Tyto soubory umo\u017e\u0148uj\u00ed webov\u00e9 str\u00e1nce v\u00e1s rozpoznat, zapamatovat si podrobnosti o va\u0161\u00ed relaci proch\u00e1zen\u00ed a nakonec zlep\u0161it v\u00e1\u0161 online z\u00e1\u017eitek. Pou\u017eit\u00edm cookies m\u016f\u017eeme p\u0159izp\u016fsobit obsah, kter\u00fd vid\u00edte na na\u0161ich webov\u00fdch str\u00e1nk\u00e1ch, udr\u017eet va\u0161e nastaven\u00ed a sledovat va\u0161e n\u00e1v\u0161t\u011bvy na\u0161eho online obchodu.  <\/p>\n\n<p>Povolen\u00ed cookies v nastaven\u00ed va\u0161eho prohl\u00ed\u017ee\u010de umo\u017e\u0148uje pohodln\u011bj\u0161\u00ed, efektivn\u011bj\u0161\u00ed a plynulej\u0161\u00ed proch\u00e1zen\u00ed v na\u0161em online obchod\u011b. Rozhodnut\u00ed povolit ukl\u00e1d\u00e1n\u00ed cookies na va\u0161e za\u0159\u00edzen\u00ed je zcela na v\u00e1s a m\u00e1te mo\u017enost zm\u011bnit nastaven\u00ed cookies ve va\u0161em webov\u00e9m prohl\u00ed\u017ee\u010di. <\/p>\n\n<p>Pro pokyny k \u00faprav\u011b nastaven\u00ed cookies se obra\u0165te na dokumentaci va\u0161eho webov\u00e9ho prohl\u00ed\u017ee\u010de:<\/p>\n\n<ul class=\"wp-block-list\">\n<li>Chrome<\/li>\n\n\n\n<li>Firefox<\/li>\n\n\n\n<li>Opera<\/li>\n\n\n\n<li>Internet Explorer 9<\/li>\n\n\n\n<li>Internet Explorer 7 and 8<\/li>\n\n\n\n<li>Microsoft Edge<\/li>\n\n\n\n<li>Safari<\/li>\n<\/ul>\n\n<p>Upozor\u0148ujeme, \u017ee pokud zm\u011bn\u00edte nebo sma\u017eete cookies ve va\u0161em prohl\u00ed\u017ee\u010di, nebo pokud upgradujete nebo vym\u011bn\u00edte v\u00e1\u0161 prohl\u00ed\u017ee\u010d nebo za\u0159\u00edzen\u00ed, m\u016f\u017eete pot\u0159ebovat cookies znovu zak\u00e1zat. Proces spr\u00e1vy a maz\u00e1n\u00ed cookies se li\u0161\u00ed v z\u00e1vislosti na prohl\u00ed\u017ee\u010di, kter\u00fd pou\u017e\u00edv\u00e1te. Pokud pot\u0159ebujete pomoc, hledejte pokyny v sekci u\u017eivatelsk\u00e9 podpory va\u0161eho prohl\u00ed\u017ee\u010de.  <\/p>\n\n<p>Nav\u00edc m\u00e1te mo\u017enost odhl\u00e1sit se ze sledov\u00e1n\u00ed Google Analytics kliknut\u00edm na tento <a href=\"https:\/\/chromewebstore.google.com\/detail\/google-analytics-opt-out\/fllaojicojecljbmefodhfapmkghcbnh?hl=en\" target=\"_blank\" rel=\"noopener\">odkaz.<\/a><\/p>\n\n<p>Podrobn\u00fd seznam cookies pou\u017e\u00edvan\u00fdch na t\u011bchto webov\u00fdch str\u00e1nk\u00e1ch je uveden n\u00ed\u017ee. <\/p>\n\n<p>Pou\u017e\u00edv\u00e1n\u00edm na\u0161ich webov\u00fdch str\u00e1nek souhlas\u00edte s t\u011bmito z\u00e1sadami ochrany osobn\u00edch \u00fadaj\u016f a cookies.<\/p>\n\n<figure class=\"wp-block-table\"><table><tbody><tr><td><strong>N\u00e1zev cookie<\/strong><\/td><td><strong>Company<\/strong><\/td><td><strong>\u00da\u010del<\/strong><\/td><\/tr><tr><td>_ga<\/td><td>Google Analytics<\/td><td>Pou\u017e\u00edv\u00e1 se k rozli\u0161en\u00ed u\u017eivatel\u016f a sledov\u00e1n\u00ed n\u00e1v\u0161t\u011bvnosti webov\u00fdch str\u00e1nek.<\/td><\/tr><tr><td>_gid<\/td><td>Google Analytics<\/td><td>Pou\u017e\u00edv\u00e1 se k rozli\u0161en\u00ed u\u017eivatel\u016f a sledov\u00e1n\u00ed n\u00e1v\u0161t\u011bvnosti webov\u00fdch str\u00e1nek.<\/td><\/tr><tr><td>_gat<\/td><td>Google Analytics<\/td><td>Pou\u017e\u00edv\u00e1 se k omezen\u00ed po\u010dtu po\u017eadavk\u016f.<\/td><\/tr><tr><td>PHPSESSID<\/td><td>Internal<\/td><td>Udr\u017euje stav u\u017eivatelsk\u00e9 relace mezi po\u017eadavky na str\u00e1nky.<\/td><\/tr><tr><td>woocommerce_cart_hash<\/td><td>WooCommerce<\/td><td>Ukl\u00e1d\u00e1 informace o cel\u00e9m ko\u0161\u00edku.<\/td><\/tr><tr><td>woocommerce_items_in_cart<\/td><td>WooCommerce<\/td><td>Ukl\u00e1d\u00e1 informace o cel\u00e9m ko\u0161\u00edku.<\/td><\/tr><tr><td>wp_woocommerce_session_*<\/td><td>WooCommerce<\/td><td>Obsahuje jedine\u010dn\u00fd k\u00f3d pro ka\u017ed\u00e9ho z\u00e1kazn\u00edka k nalezen\u00ed dat ko\u0161\u00edku v datab\u00e1zi.<\/td><\/tr><tr><td>cookie_notice_accepted<\/td><td>Internal<\/td><td>Pamatuje si, zda bylo upozorn\u011bn\u00ed na cookies p\u0159ijato.<\/td><\/tr><\/tbody><\/table><figcaption class=\"wp-element-caption\">Seznam cookies<\/figcaption><\/figure>\n","protected":false},"excerpt":{"rendered":"<p>Z\u00e1sady ochrany osobn\u00edch \u00fadaj\u016f a cookies &#8211; Husky Bear Poppers Ve spole\u010dnosti Husky Bear Poppers, provozovan\u00e9 spole\u010dnost\u00ed International Scalpers d.o.o., up\u0159ednost\u0148ujeme soukrom\u00ed na\u0161ich u\u017eivatel\u016f a zach\u00e1z\u00edme s jejich osobn\u00edmi \u00fadaji s maxim\u00e1ln\u00ed p\u00e9\u010d\u00ed. V souladu s platn\u00fdmi z\u00e1kony o ochran\u011b \u00fadaj\u016f se sna\u017e\u00edme zajistit ochranu v\u0161ech osobn\u00edch \u00fadaj\u016f, kter\u00e9 n\u00e1m jsou sv\u011b\u0159eny. \u00dadaje, kter\u00e9 shroma\u017e\u010fujeme [&hellip;]<\/p>\n","protected":false},"author":1,"featured_media":0,"parent":0,"menu_order":0,"comment_status":"closed","ping_status":"closed","template":"","meta":{"footnotes":""},"class_list":["post-17040","page","type-page","status-publish","hentry"],"blocksy_meta":[],"_links":{"self":[{"href":"https:\/\/huskybearpoppers.eu\/cs\/wp-json\/wp\/v2\/pages\/17040","targetHints":{"allow":["GET"]}}],"collection":[{"href":"https:\/\/huskybearpoppers.eu\/cs\/wp-json\/wp\/v2\/pages"}],"about":[{"href":"https:\/\/huskybearpoppers.eu\/cs\/wp-json\/wp\/v2\/types\/page"}],"author":[{"embeddable":true,"href":"https:\/\/huskybearpoppers.eu\/cs\/wp-json\/wp\/v2\/users\/1"}],"replies":[{"embeddable":true,"href":"https:\/\/huskybearpoppers.eu\/cs\/wp-json\/wp\/v2\/comments?post=17040"}],"version-history":[{"count":0,"href":"https:\/\/huskybearpoppers.eu\/cs\/wp-json\/wp\/v2\/pages\/17040\/revisions"}],"wp:attachment":[{"href":"https:\/\/huskybearpoppers.eu\/cs\/wp-json\/wp\/v2\/media?parent=17040"}],"curies":[{"name":"wp","href":"https:\/\/api.w.org\/{rel}","templated":true}]}}