{"id":16955,"date":"2024-07-25T14:16:34","date_gmt":"2024-07-25T12:16:34","guid":{"rendered":"https:\/\/huskybearpoppers.eu\/diskretni-balicek\/"},"modified":"2026-04-03T11:44:23","modified_gmt":"2026-04-03T09:44:23","slug":"diskretni-balicek","status":"publish","type":"page","link":"https:\/\/huskybearpoppers.eu\/cs\/diskretni-balicek\/","title":{"rendered":"Diskr\u00e9tn\u00ed Bal\u00ed\u010dek"},"content":{"rendered":"\n<p><strong>Va\u0161e Soukrom\u00ed je Na\u0161\u00ed Prioritou<\/strong><\/p>\n\n<p>Ve spole\u010dnosti Husky Bear Poppers si uv\u011bdomujeme d\u016fle\u017eitost diskr\u00e9tnosti p\u0159i n\u00e1kupu poppers. V\u00edme, \u017ee na soukrom\u00ed z\u00e1le\u017e\u00ed, a proto jsme navrhli diskr\u00e9tn\u00ed balen\u00ed, kter\u00e9 zajist\u00ed, \u017ee va\u0161e osobn\u00ed preference z\u016fstanou d\u016fv\u011brn\u00e9. D\u00edky na\u0161emu diskr\u00e9tn\u00edmu balen\u00ed m\u016f\u017eete nakupovat s d\u016fv\u011brou, proto\u017ee v\u00edte, \u017ee va\u0161e objedn\u00e1vka doraz\u00ed v po\u0159\u00e1dku a bez odhalen\u00ed jej\u00edho obsahu.  <\/p>\n\n<div class=\"wp-block-rank-math-toc-block\" id=\"rank-math-toc\"><h2>Table of Contents<\/h2><nav><ul><li><a href=\"#1-why-choose-our-discrete-package\">1. Pro\u010d Zvolit Na\u0161e Diskr\u00e9tn\u00ed Balen\u00ed?<\/a><\/li><li><a href=\"#2-detailed-packaging-process\">2. Podrobn\u00fd Proces Balen\u00ed<\/a><ul><li><a href=\"#2-1-unmarked-brown-boxes\">2.1 Neozna\u010den\u00e9 Hn\u011bd\u00e9 Krabice<\/a><\/li><li><a href=\"#2-2-secure-and-tamper-evident-sealing\">2.2 Bezpe\u010dn\u00e9 a Neporu\u0161en\u00e9 Ut\u011bsn\u011bn\u00ed<\/a><\/li><\/ul><\/li><li><a href=\"#3-labeling-and-privacy\">3. Ozna\u010den\u00ed a Soukrom\u00ed<\/a><ul><li><a href=\"#3-1-non-descriptive-shipping-labels\">3.1 Nen\u00e1padn\u00e9 P\u0159epravn\u00ed \u0160t\u00edtky<\/a><\/li><li><a href=\"#3-2-generic-return-address\">3.2 Obecn\u00e1 Adresa Odes\u00edlatele<\/a><\/li><\/ul><\/li><li><a href=\"#4-shipping-across-europe\">4. Doru\u010dov\u00e1n\u00ed po Evrop\u011b<\/a><ul><li><a href=\"#4-1-fast-and-reliable-delivery\">4.1 Rychl\u00e9 a Spolehliv\u00e9 Doru\u010den\u00ed<\/a><\/li><li><a href=\"#4-2-expedited-shipping-options\">4.2 Mo\u017enosti Expresn\u00edho Doru\u010den\u00ed<\/a><\/li><li><a href=\"#4-3-wide-european-coverage\">4.3 \u0160irok\u00e9 Pokryt\u00ed Evropy<\/a><\/li><li><a href=\"#4-4-shipping-partners\">4.4 P\u0159epravn\u00ed Partne\u0159i<\/a><\/li><\/ul><\/li><li><a href=\"#5-customer-privacy-assurance\">5. Zaji\u0161t\u011bn\u00ed Soukrom\u00ed Z\u00e1kazn\u00edk\u016f<\/a><ul><li><a href=\"#5-1-secure-payment-methods\">5.1 Bezpe\u010dn\u00e9 Platebn\u00ed Metody<\/a><\/li><li><a href=\"#5-2-data-protection-policies\">5.2 Politiky Ochrany Dat<\/a><\/li><\/ul><\/li><li><a href=\"#6-packaging-standards\">6. Standardy Balen\u00ed<\/a><\/li><li><a href=\"#7-conclusion\">7. Z\u00e1v\u011br<\/a><\/li><\/ul><\/nav><\/div>\n\n<h2 class=\"wp-block-heading\" id=\"1-why-choose-our-discrete-package\">1. Pro\u010d Zvolit Na\u0161e Diskr\u00e9tn\u00ed Balen\u00ed?<\/h2>\n\n<p>Kdy\u017e se rozhodnete pro Husky Bear Poppers, vol\u00edte soukrom\u00ed, bezpe\u010dnost a klid. N\u00e1\u0161 diskr\u00e9tn\u00ed bal\u00ed\u010dek nab\u00edz\u00ed n\u011bkolik v\u00fdhod, kter\u00e9 zajist\u00ed va\u0161i spokojenost: <\/p>\n\n<ol class=\"wp-block-list\">\n<li><strong>Neozna\u010den\u00e9 Balen\u00ed:<\/strong>\n<ul class=\"wp-block-list\">\n<li><strong>Oby\u010dejn\u00e9 hn\u011bd\u00e9 krabice:<\/strong> V\u0161echny objedn\u00e1vky jsou dod\u00e1v\u00e1ny v oby\u010dejn\u00fdch neozna\u010den\u00fdch hn\u011bd\u00fdch krabic\u00edch. Na vn\u011bj\u0161\u00ed stran\u011b nejsou \u017e\u00e1dn\u00e1 loga, n\u00e1zvy spole\u010dnost\u00ed ani \u00fadaje o v\u00fdrobku. <\/li>\n\n\n\n<li><strong>Nepopisn\u00e9 \u0161t\u00edtky: <\/strong>Zp\u00e1te\u010dn\u00ed adresa na bal\u00ed\u010dku zn\u00ed &#8222;International Scalpers l.l.c.&#8220;, co\u017e zaru\u010duje, \u017ee obsah z\u016fstane d\u016fv\u011brn\u00fd.<\/li>\n<\/ul>\n<\/li>\n\n\n\n<li><strong>Bez Uveden\u00ed Obsahu:<\/strong>\n<ul class=\"wp-block-list\">\n<li><strong>Ne Popisy V\u00fdrobk\u016f:<\/strong> Uvnit\u0159 nejsou \u017e\u00e1dn\u00e9 popisy ani n\u00e1zvy produkt\u016f, co\u017e zaji\u0161\u0165uje naprost\u00e9 soukrom\u00ed.<\/li>\n\n\n\n<li><strong>Obecn\u00e1 Zp\u00e1te\u010dn\u00ed Adresa:<\/strong> Na\u0161e zp\u00e1te\u010dn\u00ed adresa je obecn\u00e1 a neuv\u00e1d\u00ed povahu va\u0161eho n\u00e1kupu.<\/li>\n<\/ul>\n<\/li>\n\n\n\n<li><strong>Bezpe\u010dn\u00e9 Ut\u011bsn\u011bn\u00ed:<\/strong>\n<ul class=\"wp-block-list\">\n<li><strong>T\u011bsn\u011bn\u00ed Proti Neopr\u00e1vn\u011bn\u00e9 Manipulaci:<\/strong> Pou\u017e\u00edv\u00e1me vysoce kvalitn\u00ed metody zape\u010det\u011bn\u00ed, aby bylo zaji\u0161t\u011bno, \u017ee v\u00e1\u0161 bal\u00ed\u010dek doraz\u00ed neporu\u0161en\u00fd a neotev\u0159en\u00fd.<\/li>\n\n\n\n<li><strong>Prevence \u0160kod:<\/strong> Ka\u017ed\u00e1 l\u00e1hev je pe\u010dliv\u011b zabalena a vypolstrov\u00e1na, aby se b\u011bhem p\u0159epravy nerozbila nebo nevytekla.<\/li>\n<\/ul>\n<\/li>\n<\/ol>\n\n<figure class=\"wp-block-gallery has-nested-images columns-3 is-cropped wp-block-gallery-1 is-layout-flex wp-block-gallery-is-layout-flex\">\n<figure class=\"wp-block-image size-large\"><img loading=\"lazy\" decoding=\"async\" width=\"576\" height=\"1024\" data-id=\"1607\" src=\"https:\/\/huskybearpoppers.eu\/wp-content\/uploads\/2024\/07\/Discreet-package-example-1-576x1024.jpg\" alt=\"\" class=\"wp-image-1607\" srcset=\"https:\/\/huskybearpoppers.eu\/wp-content\/uploads\/2024\/07\/Discreet-package-example-1-576x1024.jpg 576w, https:\/\/huskybearpoppers.eu\/wp-content\/uploads\/2024\/07\/Discreet-package-example-1-800x1422.jpg 800w, https:\/\/huskybearpoppers.eu\/wp-content\/uploads\/2024\/07\/Discreet-package-example-1-169x300.jpg 169w, https:\/\/huskybearpoppers.eu\/wp-content\/uploads\/2024\/07\/Discreet-package-example-1-768x1365.jpg 768w, https:\/\/huskybearpoppers.eu\/wp-content\/uploads\/2024\/07\/Discreet-package-example-1-864x1536.jpg 864w, https:\/\/huskybearpoppers.eu\/wp-content\/uploads\/2024\/07\/Discreet-package-example-1.jpg 900w\" sizes=\"auto, (max-width: 576px) 100vw, 576px\" \/><\/figure>\n\n\n\n<figure class=\"wp-block-image size-large\"><img loading=\"lazy\" decoding=\"async\" width=\"576\" height=\"1024\" data-id=\"1606\" src=\"https:\/\/huskybearpoppers.eu\/wp-content\/uploads\/2024\/07\/Discreet-package-example-2-576x1024.jpg\" alt=\"\" class=\"wp-image-1606\" srcset=\"https:\/\/huskybearpoppers.eu\/wp-content\/uploads\/2024\/07\/Discreet-package-example-2-576x1024.jpg 576w, https:\/\/huskybearpoppers.eu\/wp-content\/uploads\/2024\/07\/Discreet-package-example-2-800x1422.jpg 800w, https:\/\/huskybearpoppers.eu\/wp-content\/uploads\/2024\/07\/Discreet-package-example-2-169x300.jpg 169w, https:\/\/huskybearpoppers.eu\/wp-content\/uploads\/2024\/07\/Discreet-package-example-2-768x1365.jpg 768w, https:\/\/huskybearpoppers.eu\/wp-content\/uploads\/2024\/07\/Discreet-package-example-2-864x1536.jpg 864w, https:\/\/huskybearpoppers.eu\/wp-content\/uploads\/2024\/07\/Discreet-package-example-2.jpg 900w\" sizes=\"auto, (max-width: 576px) 100vw, 576px\" \/><\/figure>\n\n\n\n<figure class=\"wp-block-image size-large\"><img loading=\"lazy\" decoding=\"async\" width=\"576\" height=\"1024\" data-id=\"1605\" src=\"https:\/\/huskybearpoppers.eu\/wp-content\/uploads\/2024\/07\/Discreet-package-example-3-576x1024.jpg\" alt=\"\" class=\"wp-image-1605\" srcset=\"https:\/\/huskybearpoppers.eu\/wp-content\/uploads\/2024\/07\/Discreet-package-example-3-576x1024.jpg 576w, https:\/\/huskybearpoppers.eu\/wp-content\/uploads\/2024\/07\/Discreet-package-example-3-800x1422.jpg 800w, https:\/\/huskybearpoppers.eu\/wp-content\/uploads\/2024\/07\/Discreet-package-example-3-169x300.jpg 169w, https:\/\/huskybearpoppers.eu\/wp-content\/uploads\/2024\/07\/Discreet-package-example-3-768x1365.jpg 768w, https:\/\/huskybearpoppers.eu\/wp-content\/uploads\/2024\/07\/Discreet-package-example-3-864x1536.jpg 864w, https:\/\/huskybearpoppers.eu\/wp-content\/uploads\/2024\/07\/Discreet-package-example-3.jpg 900w\" sizes=\"auto, (max-width: 576px) 100vw, 576px\" \/><\/figure>\n<\/figure>\n\n<h2 class=\"wp-block-heading\" id=\"2-detailed-packaging-process\">2. Podrobn\u00fd Proces Balen\u00ed<\/h2>\n\n<p>N\u00e1\u0161 podrobn\u00fd proces balen\u00ed zaji\u0161\u0165uje, \u017ee va\u0161e objedn\u00e1vka je bezpe\u010dn\u00e1 a soukrom\u00e1. Ka\u017ed\u00e1 objedn\u00e1vka je pe\u010dliv\u011b zabalena do pevn\u00fdch hn\u011bd\u00fdch krabic. Pou\u017e\u00edv\u00e1me vysoce kvalitn\u00ed balic\u00ed materi\u00e1ly, abychom zajistili va\u0161e zbo\u017e\u00ed a zabr\u00e1nili jeho po\u0161kozen\u00ed b\u011bhem p\u0159epravy. Balen\u00ed je navr\u017eeno tak, aby bylo mo\u017en\u00e9 s n\u00edm manipulovat, co\u017e znamen\u00e1, \u017ee jak\u00fdkoli pokus o otev\u0159en\u00ed bal\u00ed\u010dku bude patrn\u00fd, co\u017e zajist\u00ed, \u017ee va\u0161e objedn\u00e1vka z\u016fstane neporu\u0161en\u00e1 a d\u016fv\u011brn\u00e1.   <\/p>\n\n<h3 class=\"wp-block-heading\" id=\"2-1-unmarked-brown-boxes\">2.1 Neozna\u010den\u00e9 Hn\u011bd\u00e9 Krabice<\/h3>\n\n<p>Ch\u00e1peme d\u016fle\u017eitost diskr\u00e9tnosti, a proto pro v\u0161echny na\u0161e z\u00e1silky pou\u017e\u00edv\u00e1me oby\u010dejn\u00e9, neozna\u010den\u00e9 hn\u011bd\u00e9 krabice. Tyto krabice nemaj\u00ed na vn\u011bj\u0161\u00ed stran\u011b \u017e\u00e1dn\u00e1 loga, n\u00e1zvy spole\u010dnost\u00ed ani \u00fadaje o v\u00fdrobku. T\u00edm je zaji\u0161t\u011bno, \u017ee va\u0161e soukrom\u00ed z\u016fstane zachov\u00e1no od okam\u017eiku, kdy va\u0161e objedn\u00e1vka opust\u00ed na\u0161i provozovnu, a\u017e do okam\u017eiku, kdy doraz\u00ed k va\u0161im dve\u0159\u00edm.  <\/p>\n\n<h3 class=\"wp-block-heading\" id=\"2-2-secure-and-tamper-evident-sealing\">2.2 Bezpe\u010dn\u00e9 a Neporu\u0161en\u00e9 Ut\u011bsn\u011bn\u00ed<\/h3>\n\n<p>Abychom d\u00e1le zajistili va\u0161e soukrom\u00ed a neporu\u0161enost va\u0161\u00ed objedn\u00e1vky, pou\u017e\u00edv\u00e1me metody pe\u010det\u011bn\u00ed, kter\u00e9 umo\u017e\u0148uj\u00ed manipulaci. Na\u0161e bal\u00ed\u010dky jsou bezpe\u010dn\u011b zape\u010det\u011bny a jak\u00fdkoli pokus o jejich otev\u0159en\u00ed bude z\u0159ejm\u00fd. To v\u00e1m d\u00e1v\u00e1 jistotu, \u017ee s va\u0161\u00ed objedn\u00e1vkou nebylo b\u011bhem p\u0159epravy manipulov\u00e1no.  <\/p>\n\n<h2 class=\"wp-block-heading\" id=\"3-labeling-and-privacy\">3. Ozna\u010den\u00ed a Soukrom\u00ed<\/h2>\n\n<p>Podnik\u00e1me dal\u0161\u00ed kroky k zaji\u0161t\u011bn\u00ed va\u0161eho soukrom\u00ed. P\u0159epravn\u00ed \u0161t\u00edtek nen\u00ed popisn\u00fd a obsahuje pouze nezbytn\u00e9 informace o doru\u010den\u00ed. Jm\u00e9no odes\u00edlatele je uvedeno jako &#8222;International Scalpers l.l.c.&#8220;, bez jak\u00e9hokoli odkazu na Husky Bear Poppers nebo v\u00fdrobky uvnit\u0159. T\u00edmto zp\u016fsobem je zachov\u00e1no va\u0161e soukrom\u00ed od okam\u017eiku, kdy va\u0161e objedn\u00e1vka opust\u00ed n\u00e1\u0161 z\u00e1vod, a\u017e do okam\u017eiku, kdy doraz\u00ed k va\u0161im dve\u0159\u00edm.   <\/p>\n\n<figure class=\"wp-block-image size-full\"><img loading=\"lazy\" decoding=\"async\" width=\"582\" height=\"693\" src=\"https:\/\/huskybearpoppers.eu\/wp-content\/uploads\/2024\/08\/dhl-shipping-lable.png\" alt=\"\" class=\"wp-image-2990\" srcset=\"https:\/\/huskybearpoppers.eu\/wp-content\/uploads\/2024\/08\/dhl-shipping-lable.png 582w, https:\/\/huskybearpoppers.eu\/wp-content\/uploads\/2024\/08\/dhl-shipping-lable-252x300.png 252w\" sizes=\"auto, (max-width: 582px) 100vw, 582px\" \/><\/figure>\n\n<h3 class=\"wp-block-heading\" id=\"3-1-non-descriptive-shipping-labels\">3.1 Nen\u00e1padn\u00e9 P\u0159epravn\u00ed \u0160t\u00edtky<\/h3>\n\n<p>Na\u0161e p\u0159epravn\u00ed \u0161t\u00edtky jsou navr\u017eeny tak, aby byly co nejv\u00edce diskr\u00e9tn\u00ed. Obsahuj\u00ed pouze nezbytn\u00e9 informace o doru\u010den\u00ed, p\u0159i\u010dem\u017e odes\u00edlatel je uveden jako &#8222;International Scalpers l.l.c.&#8220;. Uvnit\u0159 bal\u00ed\u010dku nen\u00ed \u017e\u00e1dn\u00e1 zm\u00ednka o spole\u010dnosti Husky Bear Poppers ani o povaze v\u00fdrobk\u016f. T\u00edm je zaji\u0161t\u011bna ochrana va\u0161eho soukrom\u00ed v pr\u016fb\u011bhu cel\u00e9ho procesu p\u0159epravy.   <\/p>\n\n<h3 class=\"wp-block-heading\" id=\"3-2-generic-return-address\">3.2 Obecn\u00e1 Adresa Odes\u00edlatele<\/h3>\n\n<p>Abychom d\u00e1le zajistili va\u0161e soukrom\u00ed, pou\u017e\u00edv\u00e1me na v\u0161ech na\u0161ich z\u00e1silk\u00e1ch obecnou zp\u00e1te\u010dn\u00ed adresu. Tato adresa neuv\u00e1d\u00ed povahu va\u0161eho n\u00e1kupu, \u010d\u00edm\u017e poskytuje dal\u0161\u00ed \u00farove\u0148 diskr\u00e9tnosti. A\u0165 u\u017e je v\u00e1\u0161 bal\u00ed\u010dek doru\u010den k v\u00e1m dom\u016f, do kancel\u00e1\u0159e nebo na jak\u00e9koli jin\u00e9 m\u00edsto, m\u016f\u017eete si b\u00fdt jisti, \u017ee jeho obsah z\u016fstane d\u016fv\u011brn\u00fd.  <\/p>\n\n<h2 class=\"wp-block-heading\" id=\"4-shipping-across-europe\">4. Doru\u010dov\u00e1n\u00ed po Evrop\u011b<\/h2>\n\n<p>Nab\u00edz\u00edme rychlou a spolehlivou p\u0159epravu po cel\u00e9 Evrop\u011b. Na\u0161e standardn\u00ed dodac\u00ed lh\u016fty jsou rychl\u00e9 a poskytujeme tak\u00e9 mo\u017enosti zrychlen\u00e9 p\u0159epravy pro ty, kte\u0159\u00ed pot\u0159ebuj\u00ed sv\u00e9 objedn\u00e1vky d\u0159\u00edve. Bez ohledu na va\u0161i polohu v r\u00e1mci Evropy m\u016f\u017eete o\u010dek\u00e1vat, \u017ee v\u00e1\u0161 diskr\u00e9tn\u00ed bal\u00ed\u010dek doraz\u00ed rychle a bezpe\u010dn\u011b. <strong>V\u00edce informac\u00ed o tom, kam zas\u00edl\u00e1me, najdete na str\u00e1nce s <a href=\"https:\/\/huskybearpoppers.eu\/cs\/informace-o-preprave\/\">informacemi o p\u0159eprav\u011b.<\/a><\/strong>  <\/p>\n\n<h3 class=\"wp-block-heading\" id=\"4-1-fast-and-reliable-delivery\">4.1 Rychl\u00e9 a Spolehliv\u00e9 Doru\u010den\u00ed<\/h3>\n\n<p>Ch\u00e1peme, \u017ee chcete sv\u00e9 produkty co nejd\u0159\u00edve. Proto nab\u00edz\u00edme rychlou a spolehlivou p\u0159epravu po cel\u00e9 Evrop\u011b. Na\u0161e standardn\u00ed dodac\u00ed lh\u016fty jsou navr\u017eeny tak, abyste svou objedn\u00e1vku dostali rychle, ani\u017e by byla ohro\u017eena ochrana soukrom\u00ed a bezpe\u010dnost va\u0161eho diskr\u00e9tn\u00edho bal\u00ed\u010dku.  <\/p>\n\n<h3 class=\"wp-block-heading\" id=\"4-2-expedited-shipping-options\">4.2 Mo\u017enosti Expresn\u00edho Doru\u010den\u00ed<\/h3>\n\n<p>Pro ty, kte\u0159\u00ed pot\u0159ebuj\u00ed sv\u00e9 objedn\u00e1vky je\u0161t\u011b rychleji, nab\u00edz\u00edme mo\u017enost zrychlen\u00e9 p\u0159epravy. Tyto mo\u017enosti zaji\u0161\u0165uj\u00ed, \u017ee v\u00e1\u0161 diskr\u00e9tn\u00ed bal\u00ed\u010dek doraz\u00ed co nejrychleji, a to p\u0159i zachov\u00e1n\u00ed nejvy\u0161\u0161\u00ed \u00farovn\u011b soukrom\u00ed a bezpe\u010dnosti. A\u0165 u\u017e si vyberete standardn\u00ed nebo zrychlenou p\u0159epravu, m\u016f\u017eete se spolehnout, \u017ee va\u0161e objedn\u00e1vka bude zpracov\u00e1na pe\u010dliv\u011b a diskr\u00e9tn\u011b.  <\/p>\n\n<h3 class=\"wp-block-heading\" id=\"4-3-wide-european-coverage\">4.3 \u0160irok\u00e9 Pokryt\u00ed Evropy<\/h3>\n\n<p>Nez\u00e1le\u017e\u00ed na tom, kde se v Evrop\u011b nach\u00e1z\u00edte, Husky Bear Poppers v\u00e1m doru\u010d\u00ed objedn\u00e1vku. Na\u0161e p\u0159epravn\u00ed slu\u017eby pokr\u00fdvaj\u00ed \u0161irokou \u0161k\u00e1lu m\u00edst po cel\u00e9m kontinentu, co\u017e zaru\u010duje, \u017ee se k v\u00e1m v\u00e1\u0161 diskr\u00e9tn\u00ed bal\u00ed\u010dek dostane rychle a bezpe\u010dn\u011b. Sna\u017e\u00edme se poskytovat spolehliv\u00e9 doru\u010dovac\u00ed slu\u017eby v\u0161em na\u0161im z\u00e1kazn\u00edk\u016fm, od velk\u00fdch m\u011bst a\u017e po odlehl\u00e9 oblasti.  <\/p>\n\n<h3 class=\"wp-block-heading\" id=\"4-4-shipping-partners\">4.4 P\u0159epravn\u00ed Partne\u0159i<\/h3>\n\n<p>Spolupracujeme s d\u016fv\u011bryhodn\u00fdmi dopravci, jako jsou DHL, GLS a DPD, abychom zajistili, \u017ee v\u00e1\u0161 diskr\u00e9tn\u00ed bal\u00ed\u010dek bude doru\u010den bezpe\u010dn\u011b a v\u010das. Tito dopravci jsou zn\u00e1m\u00ed svou spolehlivost\u00ed a profesionalitou, co\u017e d\u00e1le zaji\u0161\u0165uje, \u017ee va\u0161e objedn\u00e1vka doraz\u00ed v perfektn\u00edm stavu. <\/p>\n\n<figure class=\"wp-block-image size-large\"><img loading=\"lazy\" decoding=\"async\" width=\"1024\" height=\"134\" src=\"https:\/\/huskybearpoppers.eu\/wp-content\/uploads\/2024\/07\/Shipping-Partners-1024x134.jpg\" alt=\"\" class=\"wp-image-1603\" srcset=\"https:\/\/huskybearpoppers.eu\/wp-content\/uploads\/2024\/07\/Shipping-Partners-1024x134.jpg 1024w, https:\/\/huskybearpoppers.eu\/wp-content\/uploads\/2024\/07\/Shipping-Partners-1000x131.jpg 1000w, https:\/\/huskybearpoppers.eu\/wp-content\/uploads\/2024\/07\/Shipping-Partners-300x39.jpg 300w, https:\/\/huskybearpoppers.eu\/wp-content\/uploads\/2024\/07\/Shipping-Partners-768x101.jpg 768w, https:\/\/huskybearpoppers.eu\/wp-content\/uploads\/2024\/07\/Shipping-Partners-1536x202.jpg 1536w, https:\/\/huskybearpoppers.eu\/wp-content\/uploads\/2024\/07\/Shipping-Partners.jpg 1920w\" sizes=\"auto, (max-width: 1024px) 100vw, 1024px\" \/><\/figure>\n\n<h2 class=\"wp-block-heading\" id=\"5-customer-privacy-assurance\">5. Zaji\u0161t\u011bn\u00ed Soukrom\u00ed Z\u00e1kazn\u00edk\u016f<\/h2>\n\n<p>Krom\u011b balen\u00ed se zavazujeme chr\u00e1nit va\u0161e soukrom\u00ed b\u011bhem cel\u00e9ho procesu objedn\u00e1v\u00e1n\u00ed. Na\u0161e webov\u00e9 str\u00e1nky pou\u017e\u00edvaj\u00ed zabezpe\u010den\u00e9 platebn\u00ed metody a m\u00e1me zavedeny p\u0159\u00edsn\u00e9 z\u00e1sady ochrany osobn\u00edch \u00fadaj\u016f. S va\u0161imi osobn\u00edmi \u00fadaji v\u017edy nakl\u00e1d\u00e1me s maxim\u00e1ln\u00ed p\u00e9\u010d\u00ed a d\u016fv\u011brnost\u00ed.  <\/p>\n\n<h3 class=\"wp-block-heading\" id=\"5-1-secure-payment-methods\">5.1 Bezpe\u010dn\u00e9 Platebn\u00ed Metody<\/h3>\n\n<p>Ve spole\u010dnosti Husky Bear Poppers ch\u00e1peme d\u016fle\u017eitost bezpe\u010dn\u00fdch transakc\u00ed. Nab\u00edz\u00edme \u0159adu bezpe\u010dn\u00fdch platebn\u00edch metod, abychom zajistili ochranu va\u0161ich finan\u010dn\u00edch \u00fadaj\u016f. A\u0165 u\u017e se rozhodnete platit kreditn\u00ed kartou, na dob\u00edrku nebo jin\u00fdm zp\u016fsobem, m\u016f\u017eete se spolehnout, \u017ee va\u0161e platebn\u00ed \u00fadaje jsou u n\u00e1s v bezpe\u010d\u00ed.  <\/p>\n\n<h3 class=\"wp-block-heading\" id=\"5-2-data-protection-policies\">5.2 Politiky Ochrany Dat<\/h3>\n\n<p>Ochranu \u00fadaj\u016f bereme v\u00e1\u017en\u011b. Na\u0161e webov\u00e9 str\u00e1nky jsou vybaveny pokro\u010dil\u00fdmi bezpe\u010dnostn\u00edmi opat\u0159en\u00edmi na ochranu va\u0161ich osobn\u00edch \u00fadaj\u016f. Dodr\u017eujeme p\u0159\u00edsn\u00e9 z\u00e1sady ochrany osobn\u00edch \u00fadaj\u016f a zaji\u0161\u0165ujeme, \u017ee va\u0161e \u00fadaje nebudou nikdy poskytnuty t\u0159et\u00edm stran\u00e1m bez va\u0161eho souhlasu. Va\u0161e soukrom\u00ed je na\u0161\u00ed nejvy\u0161\u0161\u00ed prioritou, a to jak b\u011bhem n\u00e1kupu, tak i po n\u011bm.   <\/p>\n\n<h2 class=\"wp-block-heading\" id=\"6-packaging-standards\">6. Standardy Balen\u00ed<\/h2>\n\n<p>P\u0159i balen\u00ed dodr\u017eujeme standardy Mezin\u00e1rodn\u00ed asociace leteck\u00fdch dopravc\u016f (IATA). D\u00edky tomu je va\u0161e objedn\u00e1vka nejen diskr\u00e9tn\u00ed, ale tak\u00e9 v souladu s mezin\u00e1rodn\u00edmi p\u0159epravn\u00edmi p\u0159edpisy. Dodr\u017eov\u00e1n\u00ed t\u011bchto norem zaru\u010duje, \u017ee s va\u0161\u00ed diskr\u00e9tn\u00ed z\u00e1silkou bude b\u011bhem p\u0159epravy zach\u00e1zeno bezpe\u010dn\u011b a zodpov\u011bdn\u011b.  <\/p>\n\n<figure class=\"wp-block-image size-full is-resized is-style-default\"><a href=\"https:\/\/www.iata.org\/en\/publications\/manuals-standards-regulations\/\" target=\"_blank\" rel=\"noreferrer noopener\"><img loading=\"lazy\" decoding=\"async\" width=\"378\" height=\"396\" src=\"https:\/\/huskybearpoppers.eu\/wp-content\/uploads\/2024\/07\/iata-certificat.jpg\" alt=\"\" class=\"wp-image-1604\" style=\"width:161px;height:auto\" srcset=\"https:\/\/huskybearpoppers.eu\/wp-content\/uploads\/2024\/07\/iata-certificat.jpg 378w, https:\/\/huskybearpoppers.eu\/wp-content\/uploads\/2024\/07\/iata-certificat-286x300.jpg 286w\" sizes=\"auto, (max-width: 378px) 100vw, 378px\" \/><\/a><\/figure>\n\n<h2 class=\"wp-block-heading\" id=\"7-conclusion\">7. Z\u00e1v\u011br<\/h2>\n\n<p>N\u00e1\u0161 diskr\u00e9tn\u00ed bal\u00ed\u010dek je navr\u017een tak, aby v\u00e1m poskytl nejvy\u0161\u0161\u00ed \u00farove\u0148 soukrom\u00ed a bezpe\u010dnosti. Od okam\u017eiku zad\u00e1n\u00ed objedn\u00e1vky a\u017e po jej\u00ed doru\u010den\u00ed k va\u0161im dve\u0159\u00edm zaji\u0161\u0165ujeme, \u017ee va\u0161e osobn\u00ed preference z\u016fstanou d\u016fv\u011brn\u00e9. Vyberte si Husky Bear Poppers pro spolehliv\u00e9 a diskr\u00e9tn\u00ed nakupov\u00e1n\u00ed.  <\/p>\n\n<p>D\u00edky na\u0161emu diskr\u00e9tn\u00edmu balen\u00ed m\u016f\u017eete nakupovat s jistotou a v\u011bdom\u00edm, \u017ee va\u0161e soukrom\u00ed je chr\u00e1n\u011bno na ka\u017ed\u00e9m kroku. Za\u017eijte klid, kter\u00fd p\u0159in\u00e1\u0161\u00ed na\u0161e bezpe\u010dn\u00e9 a diskr\u00e9tn\u00ed balen\u00ed, a u\u017eijte si n\u00e1kup bez jak\u00fdchkoli obav. <\/p>\n","protected":false},"excerpt":{"rendered":"<p>Va\u0161e Soukrom\u00ed je Na\u0161\u00ed Prioritou Ve spole\u010dnosti Husky Bear Poppers si uv\u011bdomujeme d\u016fle\u017eitost diskr\u00e9tnosti p\u0159i n\u00e1kupu poppers. V\u00edme, \u017ee na soukrom\u00ed z\u00e1le\u017e\u00ed, a proto jsme navrhli diskr\u00e9tn\u00ed balen\u00ed, kter\u00e9 zajist\u00ed, \u017ee va\u0161e osobn\u00ed preference z\u016fstanou d\u016fv\u011brn\u00e9. D\u00edky na\u0161emu diskr\u00e9tn\u00edmu balen\u00ed m\u016f\u017eete nakupovat s d\u016fv\u011brou, proto\u017ee v\u00edte, \u017ee va\u0161e objedn\u00e1vka doraz\u00ed v po\u0159\u00e1dku a bez odhalen\u00ed [&hellip;]<\/p>\n","protected":false},"author":1,"featured_media":25766,"parent":0,"menu_order":0,"comment_status":"closed","ping_status":"closed","template":"","meta":{"footnotes":""},"class_list":["post-16955","page","type-page","status-publish","has-post-thumbnail","hentry"],"blocksy_meta":[],"_links":{"self":[{"href":"https:\/\/huskybearpoppers.eu\/cs\/wp-json\/wp\/v2\/pages\/16955","targetHints":{"allow":["GET"]}}],"collection":[{"href":"https:\/\/huskybearpoppers.eu\/cs\/wp-json\/wp\/v2\/pages"}],"about":[{"href":"https:\/\/huskybearpoppers.eu\/cs\/wp-json\/wp\/v2\/types\/page"}],"author":[{"embeddable":true,"href":"https:\/\/huskybearpoppers.eu\/cs\/wp-json\/wp\/v2\/users\/1"}],"replies":[{"embeddable":true,"href":"https:\/\/huskybearpoppers.eu\/cs\/wp-json\/wp\/v2\/comments?post=16955"}],"version-history":[{"count":0,"href":"https:\/\/huskybearpoppers.eu\/cs\/wp-json\/wp\/v2\/pages\/16955\/revisions"}],"wp:featuredmedia":[{"embeddable":true,"href":"https:\/\/huskybearpoppers.eu\/cs\/wp-json\/wp\/v2\/media\/25766"}],"wp:attachment":[{"href":"https:\/\/huskybearpoppers.eu\/cs\/wp-json\/wp\/v2\/media?parent=16955"}],"curies":[{"name":"wp","href":"https:\/\/api.w.org\/{rel}","templated":true}]}}